{"id":66569,"date":"2018-11-28T11:14:51","date_gmt":"2018-11-28T10:14:51","guid":{"rendered":"https:\/\/www.refonte-adv.votre-projet.com\/product\/oeno-motion-woodblack\/"},"modified":"2026-05-11T12:01:30","modified_gmt":"2026-05-11T10:01:30","slug":"oeno-motion-woodblack","status":"publish","type":"product","link":"https:\/\/www.atelierduvin.com\/de\/produkt\/oeno-motion-woodblack\/","title":{"rendered":"Oeno Motion Wood &#038; Black"},"content":{"rendered":"\n<p>Der kompakte und robuste Korkenzieher Oeno Motion Wood &amp; Black mit vertikalem Hebel entkorkt alle Weinflaschen, die seinen Weg kreuzen, schnell und sicher. Seine schwungvolle Kurve, die durch eine mattschwarze technische Beschichtung hervorgehoben wird, verleiht ihm eine verf\u00fchrerische Aura.<\/p>\n    <div class=\"separator mobile-hidden\" style=\"height:40px\"><\/div>\r\n    <div class=\"separator laptop-hidden\" style=\"height:20px\"><\/div>\r\n\n<div class=\"wp-block-columns is-layout-flex wp-container-core-columns-is-layout-9d6595d7 wp-block-columns-is-layout-flex\">\n<div class=\"wp-block-column is-layout-flow wp-block-column-is-layout-flow\">\n<p>Unersch\u00fctterlich, seine kraftvolle Klinge mit integriertem Folienschneider ist f\u00fcr die meisten Flaschenh\u00e4lse geeignet. Um eine Flasche mit dem Oeno Motion Wood &amp; Black Korkenzieher zu \u00f6ffnen, positionieren Sie einfach die behandelte Stahlschnecke \u00fcber dem Korken und bet\u00e4tigen den ergonomischen Hebel, der edel mit massivem Walnussholz verziert ist. In einer flie\u00dfenden Bewegung, die Kraft und Finesse vereint, erfolgt die Extraktion m\u00fchelos. Ein einfacher zus\u00e4tzlicher Hin- und Herbewegung des Hebels gen\u00fcgt, um den Korken aus dem Werkzeug zu entfernen.<\/p>\n<\/div>\n\n\n\n<div class=\"wp-block-column is-layout-flow wp-block-column-is-layout-flow\">\n<p>Um dieses sehr hohe Ma\u00df an Zuverl\u00e4ssigkeit und Ergonomie zu erreichen, wurde der Oeno Motion Wood &amp; Black Korkenzieher jedes Jahr technisch weiter verbessert. Besonderes Augenmerk wurde auf die Qualit\u00e4t und Festigkeit des Metalls gelegt, das die Verschlei\u00dfteile bildet, die beim Bet\u00e4tigen des Mechanismus starken Druckbelastungen ausgesetzt sind. Ohne Schw\u00e4chen ist dieser Sammler-Korkenzieher zu einer Referenz unter den Weinaccessoires geworden.<\/p>\n<\/div>\n<\/div>\n    <div class=\"separator mobile-hidden\" style=\"height:40px\"><\/div>\r\n    <div class=\"separator laptop-hidden\" style=\"height:20px\"><\/div>\r\n<div class=\"gallery\">\r\n            <div class=\"gallery-row row\">\r\n                                <div style=\"flex:1.25\">\r\n                        <img decoding=\"async\" src=\"https:\/\/www.atelierduvin.com\/wp-content\/uploads\/OenoMotion_WoodBlack_ambiance_paysage_03_2024_HD.jpg\" alt=\"Tire-bouchon Oeno Motion Wood &#038; Black avec le levier en position base et un bouchon de vin pos\u00e9 \u00e0 c\u00f4t\u00e9\" loading=\"eager\" >                    <\/div>\r\n                        <\/div>\r\n    <\/div><div class=\"acc-head\">\r\n    <p>\r\n        Eigenschaften    <\/p>\r\n    <div class=\"acc-icon\">\r\n        <div class=\"ico-minus\"><\/div>\r\n        <div class=\"ico-plus\"><\/div>\r\n    <\/div>\r\n<\/div>\r\n<div class=\"acc-body\">\r\n    <div class=\"acc-content\">\r\n        <p>Sicherer und bequemer Griff.<br \/>\nPasst auf die meisten der vorhandenen Flaschenh\u00e4lse.<br \/>\nIntegrierter Folienschneider.<br \/>\nInklusive \u00d6lfl\u00e4schchen zur Pflege des Korkenziehers.<\/p>\n    <\/div>\r\n<\/div><div class=\"acc-head\">\r\n    <p>\r\n        Finish    <\/p>\r\n    <div class=\"acc-icon\">\r\n        <div class=\"ico-minus\"><\/div>\r\n        <div class=\"ico-plus\"><\/div>\r\n    <\/div>\r\n<\/div>\r\n<div class=\"acc-body\">\r\n    <div class=\"acc-content\">\r\n        <p>Hergestellt aus schwarz beschichtetem Metall und massiven Walnussholzst\u00fccken.<br \/>\nErgonomischer Griff: Walnussholzst\u00fccke auf Metallkern.<\/p>\n    <\/div>\r\n<\/div>","protected":false},"excerpt":{"rendered":"<p>Metalltiger mit Holzverkleidung.<\/p>\n","protected":false},"featured_media":187837,"template":"","meta":{"_acf_changed":false},"product_brand":[],"product_cat":[372,725,730,744,750,797,404,396,407,348,398],"product_tag":[421],"class_list":{"0":"post-66569","1":"product","2":"type-product","3":"status-publish","4":"has-post-thumbnail","6":"product_cat-hebelkorkenzieher","7":"product_cat-geschenke-fur-ihn","8":"product_cat-vatertag-geschenkideen","9":"product_cat-unter-200-euro","10":"product_cat-valentinstag-geschenkideen","11":"product_cat-personalisierte-korkenzieher","12":"product_cat-weinaccessoire-kollektion","13":"product_cat-unerlaessliches","14":"product_cat-personalisierung","15":"product_cat-korkenzieher","16":"product_cat-geschenke-fuer-ihn","17":"product_tag-personalisierbar","18":"tm-has-options","20":"first","21":"instock","22":"taxable","23":"shipping-taxable","24":"purchasable","25":"product-type-variable","26":"has-default-attributes"},"bundled_by":[],"bundle_stock_status":"instock","bundle_stock_quantity":null,"bundle_virtual":false,"bundle_layout":"","bundle_add_to_cart_form_location":"","bundle_editable_in_cart":false,"bundle_sold_individually_context":"","bundle_item_grouping":"","bundle_min_size":"","bundle_max_size":"","bundle_price":[],"bundled_items":[],"bundle_sell_ids":[151018,151017,151004],"acf":[],"df_price":154.17,"df_sale_price":"","df_regular_price":154.17,"df_image_link":"https:\/\/www.atelierduvin.com\/wp-content\/uploads\/OenoMotionWoodBlack_seul-450x450.jpg","_links":{"self":[{"href":"https:\/\/www.atelierduvin.com\/de\/wp-json\/wp\/v2\/product\/66569","targetHints":{"allow":["GET"]}}],"collection":[{"href":"https:\/\/www.atelierduvin.com\/de\/wp-json\/wp\/v2\/product"}],"about":[{"href":"https:\/\/www.atelierduvin.com\/de\/wp-json\/wp\/v2\/types\/product"}],"wp:featuredmedia":[{"embeddable":true,"href":"https:\/\/www.atelierduvin.com\/de\/wp-json\/wp\/v2\/media\/187837"}],"wp:attachment":[{"href":"https:\/\/www.atelierduvin.com\/de\/wp-json\/wp\/v2\/media?parent=66569"}],"wp:term":[{"taxonomy":"product_brand","embeddable":true,"href":"https:\/\/www.atelierduvin.com\/de\/wp-json\/wp\/v2\/product_brand?post=66569"},{"taxonomy":"product_cat","embeddable":true,"href":"https:\/\/www.atelierduvin.com\/de\/wp-json\/wp\/v2\/product_cat?post=66569"},{"taxonomy":"product_tag","embeddable":true,"href":"https:\/\/www.atelierduvin.com\/de\/wp-json\/wp\/v2\/product_tag?post=66569"}],"curies":[{"name":"wp","href":"https:\/\/api.w.org\/{rel}","templated":true}]}}