{"id":66445,"date":"2018-11-28T11:14:28","date_gmt":"2018-11-28T10:14:28","guid":{"rendered":"https:\/\/www.refonte-adv.votre-projet.com\/product\/chef-sommelier\/"},"modified":"2026-05-11T12:00:37","modified_gmt":"2026-05-11T10:00:37","slug":"chef-sommelier","status":"publish","type":"product","link":"https:\/\/www.atelierduvin.com\/de\/produkt\/chef-sommelier\/","title":{"rendered":"Chef Sommelier"},"content":{"rendered":"\n<p><strong>Ebenholz und Stahl<\/strong>. Zwei edle Materialien, vereint im strengen und n\u00fcchternen Design eines Korkenziehers, der Robustheit mit Eleganz kombiniert. Der Chef Sommelier ist wie geschaffen f\u00fcr all diejenigen, die absolut solide und effiziente Accessoires bevorzugen. Durch seine ausgewogenen Ma\u00dfe liegt er perfekt in der Hand, um jede Flasche einfach und sicher mit der Pr\u00e4zision eines echten Sommeliers zu \u00f6ffnen.<\/p>\n\n<p>Dank einer\u00a0<strong>Spindel mit Einkerbung<\/strong>, einer\u00a0<strong>Kapselschneiderklinge<\/strong>\u00a0und eines\u00a0<strong>Flaschen\u00f6ffners<\/strong>\u00a0ist dieser Korkenzieher ein vielseitiges Accessoire, das sich durch seinen \u00e4u\u00dferst praktischen Doppelhebel auszeichnet. Mithilfe dieser zweistufigen Vorrichtung, die von den Profis im Hotel- und Gastst\u00e4ttengewerbe sehr gesch\u00e4tzt wird, l\u00e4sst sich der Korken in zwei Schritten entfernen: Zun\u00e4chst wird die erste H\u00e4lfte des Korkens vorsichtig herausgezogen, bevor er anschlie\u00dfend mit Schwung komplett aus der Flasche entfernt wird.<\/p>\n\n<p>Die\u00a0<strong>Massivholzfacetten<\/strong>\u00a0sind von Hand gearbeitet. Folglich ist jeder Chef Sommelier Korkenzieher ein wahres Unikat, das die Sch\u00f6nheit des Holzes und das handwerkliche Savoir-faire in den Vordergrund r\u00fcckt. Dieser Korkenzieher ist weitaus mehr als nur ein Werkzeug \u2013 der Chef Sommelier avanciert zu einer Verl\u00e4ngerung der Hand des Weinkenners, da er sich hervorragend greifen l\u00e4sst und angenehm in der Hand liegt. Bei jedem Detail wurde penibel darauf geachtet, dass er sich bei maximaler Funktion m\u00fchelos verwenden l\u00e4sst, um aus ihm ein Accessoire zu machen, das der versierte Weinliebhaber nicht mehr missen m\u00f6chte.<\/p>\n    <div class=\"separator mobile-hidden\" style=\"height:40px\"><\/div>\r\n    <div class=\"separator laptop-hidden\" style=\"height:20px\"><\/div>\r\n<div class=\"acc-head\">\r\n    <p>\r\n        Eigenschaften    <\/p>\r\n    <div class=\"acc-icon\">\r\n        <div class=\"ico-minus\"><\/div>\r\n        <div class=\"ico-plus\"><\/div>\r\n    <\/div>\r\n<\/div>\r\n<div class=\"acc-body\">\r\n    <div class=\"acc-content\">\r\n        <p>Spindel mit Einkerbung<br \/>\nKapselschneiderklinge<br \/>\nFlaschen\u00f6ffners<\/p>\n    <\/div>\r\n<\/div><div class=\"acc-head\">\r\n    <p>\r\n        Finish    <\/p>\r\n    <div class=\"acc-icon\">\r\n        <div class=\"ico-minus\"><\/div>\r\n        <div class=\"ico-plus\"><\/div>\r\n    <\/div>\r\n<\/div>\r\n<div class=\"acc-body\">\r\n    <div class=\"acc-content\">\r\n        <p>Aus Edelstahl und dunklem Hartholz.<\/p>\n    <\/div>\r\n<\/div>","protected":false},"excerpt":{"rendered":"<p>Kompakt und gut in der Hand liegend, mit schn\u00f6rkellosem Design.<\/p>\n","protected":false},"featured_media":194812,"template":"","meta":{"_acf_changed":false},"product_brand":[],"product_cat":[369,730,741,400,404,348],"product_tag":[],"class_list":{"0":"post-66445","1":"product","2":"type-product","3":"status-publish","4":"has-post-thumbnail","6":"product_cat-kellnermesser","7":"product_cat-vatertag-geschenkideen","8":"product_cat-unter-50-euro","9":"product_cat-geschenke-fuer-profis","10":"product_cat-weinaccessoire-kollektion","11":"product_cat-korkenzieher","12":"tm-no-options","14":"first","15":"instock","16":"taxable","17":"shipping-taxable","18":"purchasable","19":"product-type-simple"},"bundled_by":[],"bundle_stock_status":"instock","bundle_stock_quantity":358,"bundle_virtual":false,"bundle_layout":"","bundle_add_to_cart_form_location":"","bundle_editable_in_cart":false,"bundle_sold_individually_context":"","bundle_item_grouping":"","bundle_min_size":"","bundle_max_size":"","bundle_price":[],"bundled_items":[],"bundle_sell_ids":[151018,151017,151004],"acf":[],"df_price":21.67,"df_sale_price":"","df_regular_price":21.67,"df_image_link":"https:\/\/www.atelierduvin.com\/wp-content\/uploads\/Chef-Sommelier-2-450x450.jpg","_links":{"self":[{"href":"https:\/\/www.atelierduvin.com\/de\/wp-json\/wp\/v2\/product\/66445","targetHints":{"allow":["GET"]}}],"collection":[{"href":"https:\/\/www.atelierduvin.com\/de\/wp-json\/wp\/v2\/product"}],"about":[{"href":"https:\/\/www.atelierduvin.com\/de\/wp-json\/wp\/v2\/types\/product"}],"wp:featuredmedia":[{"embeddable":true,"href":"https:\/\/www.atelierduvin.com\/de\/wp-json\/wp\/v2\/media\/194812"}],"wp:attachment":[{"href":"https:\/\/www.atelierduvin.com\/de\/wp-json\/wp\/v2\/media?parent=66445"}],"wp:term":[{"taxonomy":"product_brand","embeddable":true,"href":"https:\/\/www.atelierduvin.com\/de\/wp-json\/wp\/v2\/product_brand?post=66445"},{"taxonomy":"product_cat","embeddable":true,"href":"https:\/\/www.atelierduvin.com\/de\/wp-json\/wp\/v2\/product_cat?post=66445"},{"taxonomy":"product_tag","embeddable":true,"href":"https:\/\/www.atelierduvin.com\/de\/wp-json\/wp\/v2\/product_tag?post=66445"}],"curies":[{"name":"wp","href":"https:\/\/api.w.org\/{rel}","templated":true}]}}