{"id":66440,"date":"2018-11-28T11:14:43","date_gmt":"2018-11-28T10:14:43","guid":{"rendered":"https:\/\/www.refonte-adv.votre-projet.com\/product\/garcon-metal-chrome\/"},"modified":"2026-05-11T12:01:29","modified_gmt":"2026-05-11T10:01:29","slug":"garcon","status":"publish","type":"product","link":"https:\/\/www.atelierduvin.com\/de\/produkt\/garcon\/","title":{"rendered":"Gar\u00e7on !"},"content":{"rendered":"\n<p>Der geschwungene Korkenzieher Le Gar\u00e7on !\u00ae von L\u2019Atelier du Vin ist eine Ikone unter den Sommelier-Korkenziehern. Der Korkenzieher liegt gut in der Hand und hat eine praktische Gr\u00f6\u00dfe f\u00fcr die Hosentasche. Er ist der perfekte Korkenzieher zum \u00d6ffnen aller Flaschen.<\/p>\n    <div class=\"separator mobile-hidden\" style=\"height:40px\"><\/div>\r\n    <div class=\"separator laptop-hidden\" style=\"height:20px\"><\/div>\r\n<div class=\"acc-head\">\r\n    <p>\r\n        Eigenschaften    <\/p>\r\n    <div class=\"acc-icon\">\r\n        <div class=\"ico-minus\"><\/div>\r\n        <div class=\"ico-plus\"><\/div>\r\n    <\/div>\r\n<\/div>\r\n<div class=\"acc-body\">\r\n    <div class=\"acc-content\">\r\n        <p>Integrierter Kapselschneider.<br \/>\nGesch\u00fctztes Design.<\/p>\n    <\/div>\r\n<\/div><div class=\"acc-head\">\r\n    <p>\r\n        Finish    <\/p>\r\n    <div class=\"acc-icon\">\r\n        <div class=\"ico-minus\"><\/div>\r\n        <div class=\"ico-plus\"><\/div>\r\n    <\/div>\r\n<\/div>\r\n<div class=\"acc-body\">\r\n    <div class=\"acc-content\">\r\n        <p>Edelstahllegierung.<br \/>\nVerchromtes Metall.<\/p>\n    <\/div>\r\n<\/div>","protected":false},"excerpt":{"rendered":"<p>Sanfte Rundungen, angenehm in der Hand liegend, dies ist der ideale Garcon&#8230; zum \u00d6ffnen aller Ihrer Flaschen.<\/p>\n","protected":false},"featured_media":191315,"template":"","meta":{"_acf_changed":false},"product_brand":[],"product_cat":[369,725,730,741,750,797,404,407,348,398],"product_tag":[421],"class_list":{"0":"post-66440","1":"product","2":"type-product","3":"status-publish","4":"has-post-thumbnail","6":"product_cat-kellnermesser","7":"product_cat-geschenke-fur-ihn","8":"product_cat-vatertag-geschenkideen","9":"product_cat-unter-50-euro","10":"product_cat-valentinstag-geschenkideen","11":"product_cat-personalisierte-korkenzieher","12":"product_cat-weinaccessoire-kollektion","13":"product_cat-personalisierung","14":"product_cat-korkenzieher","15":"product_cat-geschenke-fuer-ihn","16":"product_tag-personalisierbar","17":"tm-has-options","19":"first","20":"instock","21":"taxable","22":"shipping-taxable","23":"purchasable","24":"product-type-variable","25":"has-default-attributes"},"bundled_by":[],"bundle_stock_status":"instock","bundle_stock_quantity":null,"bundle_virtual":false,"bundle_layout":"","bundle_add_to_cart_form_location":"","bundle_editable_in_cart":false,"bundle_sold_individually_context":"","bundle_item_grouping":"","bundle_min_size":"","bundle_max_size":"","bundle_price":[],"bundled_items":[],"bundle_sell_ids":[151018,151017,151004],"acf":[],"df_price":28.33,"df_sale_price":"","df_regular_price":28.33,"df_image_link":"https:\/\/www.atelierduvin.com\/wp-content\/uploads\/LeGarcon_packshot_ferme_HD-2-450x450.jpg","_links":{"self":[{"href":"https:\/\/www.atelierduvin.com\/de\/wp-json\/wp\/v2\/product\/66440","targetHints":{"allow":["GET"]}}],"collection":[{"href":"https:\/\/www.atelierduvin.com\/de\/wp-json\/wp\/v2\/product"}],"about":[{"href":"https:\/\/www.atelierduvin.com\/de\/wp-json\/wp\/v2\/types\/product"}],"wp:featuredmedia":[{"embeddable":true,"href":"https:\/\/www.atelierduvin.com\/de\/wp-json\/wp\/v2\/media\/191315"}],"wp:attachment":[{"href":"https:\/\/www.atelierduvin.com\/de\/wp-json\/wp\/v2\/media?parent=66440"}],"wp:term":[{"taxonomy":"product_brand","embeddable":true,"href":"https:\/\/www.atelierduvin.com\/de\/wp-json\/wp\/v2\/product_brand?post=66440"},{"taxonomy":"product_cat","embeddable":true,"href":"https:\/\/www.atelierduvin.com\/de\/wp-json\/wp\/v2\/product_cat?post=66440"},{"taxonomy":"product_tag","embeddable":true,"href":"https:\/\/www.atelierduvin.com\/de\/wp-json\/wp\/v2\/product_tag?post=66440"}],"curies":[{"name":"wp","href":"https:\/\/api.w.org\/{rel}","templated":true}]}}