{"id":66391,"date":"2019-01-22T12:01:51","date_gmt":"2019-01-22T11:01:51","guid":{"rendered":"https:\/\/www.refonte-adv.votre-projet.com\/product\/soft-machine-brass\/"},"modified":"2026-05-11T12:01:32","modified_gmt":"2026-05-11T10:01:32","slug":"soft-machine-brass","status":"publish","type":"product","link":"https:\/\/www.atelierduvin.com\/de\/produkt\/soft-machine-brass\/","title":{"rendered":"Soft Machine Brass"},"content":{"rendered":"\n<div class=\"wp-block-columns is-layout-flex wp-container-core-columns-is-layout-9d6595d7 wp-block-columns-is-layout-flex\">\n<div class=\"wp-block-column is-layout-flow wp-block-column-is-layout-flow\">\n<h2 class=\"wp-block-heading\">Poetischer Mechanismus. Sanfte \u00d6ffnung.<\/h2>\n\n\n\n<p>Der Soft Machine zieht den Korken mit einer einzigen Bewegung dank seines einzigartigen Zahnradsystems. Sobald der Hebel auf den Flaschenhals gesetzt wird, sorgt dieses ausgekl\u00fcgelte Getriebe daf\u00fcr, dass die M\u00e8che w\u00e4hrend des gesamten Entkorkvorgangs in der vertikalen Achse bleibt. In einer flie\u00dfenden und kontinuierlichen Geste erfolgt das Herausziehen des Korkens m\u00fchelos, ohne dass der Korken verdreht wird.<\/p>\n\n\n\n<p>Ein Kapselschneider und ein Flaschen\u00f6ffner sind im Griff integriert. Dar\u00fcber hinaus vervollst\u00e4ndigt der Crapaud das unverwechselbare Soft Machine \u2013 ohne ihm an Gewicht zu verleihen.<\/p>\n<\/div>\n\n\n\n<div class=\"wp-block-column is-layout-flow wp-block-column-is-layout-flow\">\n<h2 class=\"wp-block-heading\">Poetisches Material. Sanfte Fertigung.<\/h2>\n\n\n\n<p>In der Version Brass ist der K\u00f6rper des Soft Machine aus Edelstahl mit zwei Schalen aus echtem, massivem Messing \u00fcberzogen, die von Hand angebracht und angepasst werden. Als t\u00e4glicher Begleiter oder f\u00fcr besondere Anl\u00e4sse wird der Soft Machine Brass im Laufe der Zeit eine Patina annehmen, und das Material wird eine einzigartige Haptik entfalten.\r\n<\/p>\n\n\n\n<p>Wie alle wertvollen Objekte aus nat\u00fcrlichen Materialien kann das Aussehen des Soft Machine Brass variieren. Daher erfordert es regelm\u00e4\u00dfige Pflege mit geeigneten Produkten. Gut gesch\u00fctzt wird der Soft Machine Brass die Zeit mit Eleganz und Einzigartigkeit \u00fcberdauern.<\/p>\n<\/div>\n<\/div>\n\n\n    <div class=\"separator mobile-hidden\" style=\"height:40px\"><\/div>\r\n    <div class=\"separator laptop-hidden\" style=\"height:20px\"><\/div>\r\n\n\n    <div class=\"video-block-container\">\r\n                    <iframe loading=\"lazy\"\r\n                    width=\"100%\"\r\n                    height=\"100%\"\r\n                    allow=\"autoplay; fullscreen\"\r\n                    class=\"embed-player slide-media\"\r\n                    src=\"https:\/\/player.vimeo.com\/video\/657765360\"\r\n                    data-ready=\"true\">\r\n            <\/iframe>\r\n            <\/div>\r\n\n\n    <div class=\"separator mobile-hidden\" style=\"height:40px\"><\/div>\r\n    <div class=\"separator laptop-hidden\" style=\"height:20px\"><\/div>\r\n\n\n<div class=\"acc-head\">\r\n    <p>\r\n        Eigenschaften    <\/p>\r\n    <div class=\"acc-icon\">\r\n        <div class=\"ico-minus\"><\/div>\r\n        <div class=\"ico-plus\"><\/div>\r\n    <\/div>\r\n<\/div>\r\n<div class=\"acc-body\">\r\n    <div class=\"acc-content\">\r\n        <p>Dank der Patina der Zeit verleiht das auf dem Edelstahlk\u00f6rper von Hand befestigte Messing dem Soft Machine\u00ae eine einmalige Textur und Haptik.<br \/>\nIntegrierter Kapselschneider und Kapselentferner.<br \/>\nGesch\u00fctztes Design.<\/p>\n    <\/div>\r\n<\/div>\n\n<div class=\"acc-head\">\r\n    <p>\r\n        Finish    <\/p>\r\n    <div class=\"acc-icon\">\r\n        <div class=\"ico-minus\"><\/div>\r\n        <div class=\"ico-plus\"><\/div>\r\n    <\/div>\r\n<\/div>\r\n<div class=\"acc-body\">\r\n    <div class=\"acc-content\">\r\n        <p>Edelstahl und massives Messing.<br \/>\nVon Hand montiert und bearbeitet.<\/p>\n    <\/div>\r\n<\/div>","protected":false},"excerpt":{"rendered":"<p>Die Edelm\u00fctigkeit eines matten Glanzes. Mit dem Soft Machine Brass haben Liebhaber sch\u00f6ner Objekte den perfekten Korkenzieher gefunden.<\/p>\n","protected":false},"featured_media":194966,"template":"","meta":{"_acf_changed":true},"product_brand":[],"product_cat":[369,725,730,742,750,797,400,404,407,348],"product_tag":[421],"class_list":{"0":"post-66391","1":"product","2":"type-product","3":"status-publish","4":"has-post-thumbnail","6":"product_cat-kellnermesser","7":"product_cat-geschenke-fur-ihn","8":"product_cat-vatertag-geschenkideen","9":"product_cat-unter-100-euro","10":"product_cat-valentinstag-geschenkideen","11":"product_cat-personalisierte-korkenzieher","12":"product_cat-geschenke-fuer-profis","13":"product_cat-weinaccessoire-kollektion","14":"product_cat-personalisierung","15":"product_cat-korkenzieher","16":"product_tag-personalisierbar","17":"tm-has-options","19":"first","20":"instock","21":"taxable","22":"shipping-taxable","23":"purchasable","24":"product-type-variable","25":"has-default-attributes"},"bundled_by":[],"bundle_stock_status":"instock","bundle_stock_quantity":null,"bundle_virtual":false,"bundle_layout":"","bundle_add_to_cart_form_location":"","bundle_editable_in_cart":false,"bundle_sold_individually_context":"","bundle_item_grouping":"","bundle_min_size":"","bundle_max_size":"","bundle_price":[],"bundled_items":[],"bundle_sell_ids":[151018,151017,151004],"acf":[],"df_price":80.83,"df_sale_price":"","df_regular_price":80.83,"df_image_link":"https:\/\/www.atelierduvin.com\/wp-content\/uploads\/SoftMachineBrass_packshot_2022_HD-1-450x450.jpg","_links":{"self":[{"href":"https:\/\/www.atelierduvin.com\/de\/wp-json\/wp\/v2\/product\/66391","targetHints":{"allow":["GET"]}}],"collection":[{"href":"https:\/\/www.atelierduvin.com\/de\/wp-json\/wp\/v2\/product"}],"about":[{"href":"https:\/\/www.atelierduvin.com\/de\/wp-json\/wp\/v2\/types\/product"}],"wp:featuredmedia":[{"embeddable":true,"href":"https:\/\/www.atelierduvin.com\/de\/wp-json\/wp\/v2\/media\/194966"}],"wp:attachment":[{"href":"https:\/\/www.atelierduvin.com\/de\/wp-json\/wp\/v2\/media?parent=66391"}],"wp:term":[{"taxonomy":"product_brand","embeddable":true,"href":"https:\/\/www.atelierduvin.com\/de\/wp-json\/wp\/v2\/product_brand?post=66391"},{"taxonomy":"product_cat","embeddable":true,"href":"https:\/\/www.atelierduvin.com\/de\/wp-json\/wp\/v2\/product_cat?post=66391"},{"taxonomy":"product_tag","embeddable":true,"href":"https:\/\/www.atelierduvin.com\/de\/wp-json\/wp\/v2\/product_tag?post=66391"}],"curies":[{"name":"wp","href":"https:\/\/api.w.org\/{rel}","templated":true}]}}