{"id":66386,"date":"2019-01-22T12:01:47","date_gmt":"2019-01-22T11:01:47","guid":{"rendered":"https:\/\/www.refonte-adv.votre-projet.com\/product\/soft-machine-rosewood\/"},"modified":"2026-05-11T12:01:31","modified_gmt":"2026-05-11T10:01:31","slug":"soft-machine-rosewood","status":"publish","type":"product","link":"https:\/\/www.atelierduvin.com\/de\/produkt\/soft-machine-rosewood\/","title":{"rendered":"Soft Machine Rosewood"},"content":{"rendered":"\n<p>Poetischer Mechanismus. \u00d6ffnet Flaschen auf sanfte Weise. Der Soft Machine \u00ae zieht den Korken dank eines einzigartigen Zahnradsystems in einer einzigen Bewegung heraus. Sobald der Hebel auf dem Flaschenhals ansetzt, h\u00e4lt diese geniale Vorrichtung die Spindel w\u00e4hrend des gesamten Vorgangs in einer vertikalen Achse. In einer einzigen flie\u00dfenden und kontinuierlichen Bewegung gleitet der Korken m\u00fchelos und ohne jedes Drehen nach oben \u2013 im Gegensatz zu anderen Sommelier-Korkenziehern, bei denen zwei Schritte erforderlich sind. Im Soft Machine \u00ae sind ein Kapselschneider und ein Flaschen\u00f6ffner in den Griff und die Klemmplatte integriert. Dieser von L\u2018Atelier du Vin entworfene und entwickelte Flaschen\u00f6ffner wird von Hand zusammengesetzt und verarbeitet. Er kann mit Ihren Initialen personalisiert werden.<\/p>\n    <div class=\"separator mobile-hidden\" style=\"height:40px\"><\/div>\r\n    <div class=\"separator laptop-hidden\" style=\"height:20px\"><\/div>\r\n    <div class=\"video-block-container\">\r\n                    <iframe loading=\"lazy\"\r\n                    width=\"100%\"\r\n                    height=\"100%\"\r\n                    allow=\"autoplay; fullscreen\"\r\n                    class=\"embed-player slide-media\"\r\n                    src=\"https:\/\/player.vimeo.com\/video\/657765360\"\r\n                    data-ready=\"true\">\r\n            <\/iframe>\r\n            <\/div>\r\n    <div class=\"separator mobile-hidden\" style=\"height:40px\"><\/div>\r\n    <div class=\"separator laptop-hidden\" style=\"height:20px\"><\/div>\r\n<div class=\"acc-head\">\r\n    <p>\r\n        Eigenschaften    <\/p>\r\n    <div class=\"acc-icon\">\r\n        <div class=\"ico-minus\"><\/div>\r\n        <div class=\"ico-plus\"><\/div>\r\n    <\/div>\r\n<\/div>\r\n<div class=\"acc-body\">\r\n    <div class=\"acc-content\">\r\n        <p>Integrierter Kapselschneider.<br \/>\nGesch\u00fctztes Design.<\/p>\n    <\/div>\r\n<\/div><div class=\"acc-head\">\r\n    <p>\r\n        Finish    <\/p>\r\n    <div class=\"acc-icon\">\r\n        <div class=\"ico-minus\"><\/div>\r\n        <div class=\"ico-plus\"><\/div>\r\n    <\/div>\r\n<\/div>\r\n<div class=\"acc-body\">\r\n    <div class=\"acc-content\">\r\n        <p>Massiver Edelstahl.<br \/>\nRosenholz.<br \/>\nVon Hand montiert und bearbeitet.<\/p>\n    <\/div>\r\n<\/div>","protected":false},"excerpt":{"rendered":"<p>Der Soft Machine Rosewood zieht den Korken dank seines einzigartigen Zahnradsystems in einer einzigen flie\u00dfenden Bewegung gleichm\u00e4\u00dfig aus Ihrer Flasche.<\/p>\n","protected":false},"featured_media":189357,"template":"","meta":{"_acf_changed":false},"product_brand":[],"product_cat":[369,725,750,797,404,407,348,398],"product_tag":[421],"class_list":{"0":"post-66386","1":"product","2":"type-product","3":"status-publish","4":"has-post-thumbnail","6":"product_cat-kellnermesser","7":"product_cat-geschenke-fur-ihn","8":"product_cat-valentinstag-geschenkideen","9":"product_cat-personalisierte-korkenzieher","10":"product_cat-weinaccessoire-kollektion","11":"product_cat-personalisierung","12":"product_cat-korkenzieher","13":"product_cat-geschenke-fuer-ihn","14":"product_tag-personalisierbar","15":"tm-has-options","17":"first","18":"instock","19":"taxable","20":"shipping-taxable","21":"purchasable","22":"product-type-variable","23":"has-default-attributes"},"bundled_by":[],"bundle_stock_status":"instock","bundle_stock_quantity":null,"bundle_virtual":false,"bundle_layout":"","bundle_add_to_cart_form_location":"","bundle_editable_in_cart":false,"bundle_sold_individually_context":"","bundle_item_grouping":"","bundle_min_size":"","bundle_max_size":"","bundle_price":[],"bundled_items":[],"bundle_sell_ids":[151018,151017,151004],"acf":[],"df_price":71.67,"df_sale_price":"","df_regular_price":71.67,"df_image_link":"https:\/\/www.atelierduvin.com\/wp-content\/uploads\/Soft-Machine-Rosewood-2-3-450x450.jpg","_links":{"self":[{"href":"https:\/\/www.atelierduvin.com\/de\/wp-json\/wp\/v2\/product\/66386","targetHints":{"allow":["GET"]}}],"collection":[{"href":"https:\/\/www.atelierduvin.com\/de\/wp-json\/wp\/v2\/product"}],"about":[{"href":"https:\/\/www.atelierduvin.com\/de\/wp-json\/wp\/v2\/types\/product"}],"wp:featuredmedia":[{"embeddable":true,"href":"https:\/\/www.atelierduvin.com\/de\/wp-json\/wp\/v2\/media\/189357"}],"wp:attachment":[{"href":"https:\/\/www.atelierduvin.com\/de\/wp-json\/wp\/v2\/media?parent=66386"}],"wp:term":[{"taxonomy":"product_brand","embeddable":true,"href":"https:\/\/www.atelierduvin.com\/de\/wp-json\/wp\/v2\/product_brand?post=66386"},{"taxonomy":"product_cat","embeddable":true,"href":"https:\/\/www.atelierduvin.com\/de\/wp-json\/wp\/v2\/product_cat?post=66386"},{"taxonomy":"product_tag","embeddable":true,"href":"https:\/\/www.atelierduvin.com\/de\/wp-json\/wp\/v2\/product_tag?post=66386"}],"curies":[{"name":"wp","href":"https:\/\/api.w.org\/{rel}","templated":true}]}}