{"id":61253,"date":"2021-03-12T14:38:58","date_gmt":"2021-03-12T13:38:58","guid":{"rendered":"https:\/\/www.refonte-adv.votre-projet.com\/product\/oeno-motion-tresor\/"},"modified":"2026-05-11T12:01:34","modified_gmt":"2026-05-11T10:01:34","slug":"oeno-motion-tresor","status":"publish","type":"product","link":"https:\/\/www.atelierduvin.com\/de\/produkt\/oeno-motion-tresor\/","title":{"rendered":"Oeno Motion Tr\u00e9sor"},"content":{"rendered":"\n<p>Nach dem \u00d6ffnen der Schatulle macht sich eine tiefe Emotion bemerkbar, wenn das edle St\u00fcck sichtbar wird. Ein echter Hebelkorkenzieher der Referenzkollektion \u201cOeno Motion\u201c, liegt in seiner Aufbewahrung bereit, um au\u00dfergew\u00f6hnliche Weine zu \u00f6ffnen.<\/p>\n\n\n\n<p>Jedes St\u00fcck ist einmalig: seine ganze Fl\u00e4che wird von Hand bearbeitet, bis sie eine edle seidige Patina aufweist. Dieses intuitive Weinuntensil l\u00e4dt zur Benutzung f\u00fcr den \u00f6nologischen Ritus ein. Die Kr\u00fcmmung seines mit massivem Nussbaum bedeckten Hebels verschmilzt mit der perfekten Ergonomie dieses Ger\u00e4ts zum Flaschen\u00f6ffnen, das von Weinkundlern und Sommeliers besonders gesch\u00e4tzt wird.<\/p>\n\n\n    <div class=\"separator mobile-hidden\" style=\"height:40px\"><\/div>\r\n    <div class=\"separator laptop-hidden\" style=\"height:20px\"><\/div>\r\n\n\n    <div class=\"video-block-container\">\r\n                    <iframe loading=\"lazy\"\r\n                    width=\"100%\"\r\n                    height=\"100%\"\r\n                    allow=\"autoplay; fullscreen\"\r\n                    class=\"embed-player slide-media\"\r\n                    src=\"https:\/\/player.vimeo.com\/video\/557071051?badge=0&amp;autopause=0&amp;player_id=0&amp;app_id=58479\"\r\n                    data-ready=\"true\">\r\n            <\/iframe>\r\n            <\/div>\r\n\n\n    <div class=\"separator mobile-hidden\" style=\"height:40px\"><\/div>\r\n    <div class=\"separator laptop-hidden\" style=\"height:20px\"><\/div>\r\n\n\n\n<p>Hat man den Flaschenhals dank des in seinem m\u00e4chtigen Kiefer integrierten Kapselschneiders freigelegt, kann der Spiralbohrer aus Stahl endlich in den weichen Kork eindringen, um dann den Korken mit Leichtigkeit und unfehlbarer Pr\u00e4zision herauszuziehen. Die \u00f6nologische Bewegung par excellence wird mit einer sicheren, schnellen und fl\u00fcssigen Geste zur Perfektion ausgef\u00fchrt.<\/p>\n\n\n    <div class=\"separator mobile-hidden\" style=\"height:40px\"><\/div>\r\n    <div class=\"separator laptop-hidden\" style=\"height:20px\"><\/div>\r\n\n\n<div class=\"gallery\">\r\n            <div class=\"gallery-row row\">\r\n                                <div style=\"flex:1.25\">\r\n                        <img decoding=\"async\" src=\"https:\/\/www.atelierduvin.com\/wp-content\/uploads\/OenoMotionTresor_ambiance_03_paysage_HD.jpg\" alt=\"Coffret en bois rouge avec un tire-bouchon \u00e0 levier\" loading=\"eager\" >                    <\/div>\r\n                        <\/div>\r\n    <\/div>\n\n\n<p>Beim Zur\u00fccklegen des Oeno Motion Korkenziehers in seine Schatulle wird in der Innenseite des Deckels eine Halterung sichtbar, worin Sie die Sch\u00e4tze Ihrer Verkostungen sorgsam aufbewahren k\u00f6nnen: Etiketten von Grands Crus, Notizen, Erinnerungsfotos, Ausschnitte aus Weinmagazinen, Visitenkarten, die nicht verloren gehen sollen, usw.<\/p>\n\n\n\n<p>Der Oeno Motion Tr\u00e9sor ist eine Rarit\u00e4t, die sogar Ihren Namen tragen kann. Der Hebel dieses Korkenziehers f\u00fcr Sammler ist personalisierbar, so dass Sie die Initialen der Person eingravieren lassen k\u00f6nnen, der Sie ihn zum Geschenk f\u00fcr das ganze Leben machen m\u00f6chten.<\/p>\n\n\n    <div class=\"separator mobile-hidden\" style=\"height:40px\"><\/div>\r\n    <div class=\"separator laptop-hidden\" style=\"height:20px\"><\/div>\r\n\n\n<div class=\"acc-head\">\r\n    <p>\r\n        Eigenschaften    <\/p>\r\n    <div class=\"acc-icon\">\r\n        <div class=\"ico-minus\"><\/div>\r\n        <div class=\"ico-plus\"><\/div>\r\n    <\/div>\r\n<\/div>\r\n<div class=\"acc-body\">\r\n    <div class=\"acc-content\">\r\n        <p>F\u00fcr die meisten Flaschenhalsdurchmesser geeignet.<br \/>\nLiegt angenehm und sicher in der Hand.<br \/>\nMit Kapselschneider.<\/p>\n    <\/div>\r\n<\/div>\n\n<div class=\"acc-head\">\r\n    <p>\r\n        Finish    <\/p>\r\n    <div class=\"acc-icon\">\r\n        <div class=\"ico-minus\"><\/div>\r\n        <div class=\"ico-plus\"><\/div>\r\n    <\/div>\r\n<\/div>\r\n<div class=\"acc-body\">\r\n    <div class=\"acc-content\">\r\n        <p>Hergestellt aus verchromtem Metall, Massivholz und Kunststoff.<\/p>\n    <\/div>\r\n<\/div>","protected":false},"excerpt":{"rendered":"<p>Oeno Motion Tr\u00e9sor ist ein einzigartiges Geschenk. Auf den ersten Blick erscheint es in Form einer geheimnisvollen Holzschatulle, die in einem dezenten Rot lackiert ist.<\/p>\n","protected":false},"featured_media":189747,"template":"","meta":{"_acf_changed":false},"product_brand":[],"product_cat":[363,725,750,752,797,372,401,404,407,347,397,348],"product_tag":[421],"class_list":{"0":"post-61253","1":"product","2":"type-product","3":"status-publish","4":"has-post-thumbnail","6":"product_cat-noble-holz-kollektionen","7":"product_cat-geschenke-fur-ihn","8":"product_cat-valentinstag-geschenkideen","9":"product_cat-geschenke-fur-sie","10":"product_cat-personalisierte-korkenzieher","11":"product_cat-hebelkorkenzieher","12":"product_cat-luxurioese-geschenke","13":"product_cat-weinaccessoire-kollektion","14":"product_cat-personalisierung","15":"product_cat-wein-zubehoer-set","16":"product_cat-geschenke-fuer-sie","17":"product_cat-korkenzieher","18":"product_tag-personalisierbar","19":"tm-has-options","21":"first","22":"instock","23":"taxable","24":"shipping-taxable","25":"purchasable","26":"product-type-variable","27":"has-default-attributes"},"bundled_by":[],"bundle_stock_status":"instock","bundle_stock_quantity":null,"bundle_virtual":false,"bundle_layout":"","bundle_add_to_cart_form_location":"","bundle_editable_in_cart":false,"bundle_sold_individually_context":"","bundle_item_grouping":"","bundle_min_size":"","bundle_max_size":"","bundle_price":[],"bundled_items":[],"bundle_sell_ids":[151018,151017,151004],"acf":[],"df_price":200,"df_sale_price":"","df_regular_price":200,"df_image_link":"https:\/\/www.atelierduvin.com\/wp-content\/uploads\/OenoMotionTresor_avecboite_face_2-450x450.jpg","_links":{"self":[{"href":"https:\/\/www.atelierduvin.com\/de\/wp-json\/wp\/v2\/product\/61253","targetHints":{"allow":["GET"]}}],"collection":[{"href":"https:\/\/www.atelierduvin.com\/de\/wp-json\/wp\/v2\/product"}],"about":[{"href":"https:\/\/www.atelierduvin.com\/de\/wp-json\/wp\/v2\/types\/product"}],"wp:featuredmedia":[{"embeddable":true,"href":"https:\/\/www.atelierduvin.com\/de\/wp-json\/wp\/v2\/media\/189747"}],"wp:attachment":[{"href":"https:\/\/www.atelierduvin.com\/de\/wp-json\/wp\/v2\/media?parent=61253"}],"wp:term":[{"taxonomy":"product_brand","embeddable":true,"href":"https:\/\/www.atelierduvin.com\/de\/wp-json\/wp\/v2\/product_brand?post=61253"},{"taxonomy":"product_cat","embeddable":true,"href":"https:\/\/www.atelierduvin.com\/de\/wp-json\/wp\/v2\/product_cat?post=61253"},{"taxonomy":"product_tag","embeddable":true,"href":"https:\/\/www.atelierduvin.com\/de\/wp-json\/wp\/v2\/product_tag?post=61253"}],"curies":[{"name":"wp","href":"https:\/\/api.w.org\/{rel}","templated":true}]}}