{"id":306208,"date":"2026-02-06T10:10:31","date_gmt":"2026-02-06T09:10:31","guid":{"rendered":"https:\/\/www.atelierduvin.com\/product\/oeno-box-connoisseur-centenary-edition\/"},"modified":"2026-04-09T10:11:05","modified_gmt":"2026-04-09T08:11:05","slug":"oeno-box-connoisseur-centenary-edition","status":"publish","type":"product","link":"https:\/\/www.atelierduvin.com\/de\/produkt\/oeno-box-connoisseur-centenary-edition\/","title":{"rendered":"Oeno Box Connoisseur \u2013 Centenary Edition"},"content":{"rendered":"<div class=\"gallery\">\r\n            <div class=\"gallery-row row\">\r\n                                <div style=\"flex:1.25\">\r\n                        <img decoding=\"async\" src=\"https:\/\/www.atelierduvin.com\/wp-content\/uploads\/OenoBoxConnoisseur1_ambiance_paysage_1_HD-1.jpg\" alt=\"\" loading=\"eager\" >                    <\/div>\r\n                        <\/div>\r\n    <\/div>\n\n\n<p>Seit 1926 entwirft L\u2019Atelier du Vin Werkzeuge, die den Gesten des Weins gewidmet sind \u2013 geschaffen, um Momente der Verkostung zu begleiten und die Kunst des Wein\u00adgenusses zu veredeln. Zum hundertj\u00e4hrigen Bestehen pr\u00e4sentiert die Maison die Oeno Box Connoisseur \u2013 Centenary Edition, eine prestigetr\u00e4chtige Wein-Accessoire-Box, die ein Jahrhundert handwerklicher Exzellenz, Kreativit\u00e4t und kompromissloser Qualit\u00e4tsanspr\u00fcche verk\u00f6rpert.<\/p>\n\n\n\n<p>Diese luxuri\u00f6se Weinbox wird vollst\u00e4ndig in Frankreich gefertigt, in der reinen Tradition der feinen Holzverarbeitung. Sie kombiniert massives Ahornholz mit Birken\u00adsperrholz. Pr\u00e4zise Verbindungen, harmonische Linien und hochwertige Oberfl\u00e4chen zeugen von der au\u00dfergew\u00f6hnlichen Sorgfalt, die jedem Detail gewidmet wird.<\/p>\n\n\n\n<p>Der Deckel ist mit einem originalen Aquarellgem\u00e4lde der K\u00fcnstlerin<strong> Catherine B. Richard<\/strong> verziert, das f\u00fcr jede Box individuell geschaffen wird. Farbnuancen und Pinsel\u00adf\u00fchrung variieren von St\u00fcck zu St\u00fcck und machen jede Edition einzigartig: <strong>Keine Oeno Box Connoisseur gleicht der anderen<\/strong>. Nummeriert von 1 bis 100 und begleitet von einem Echtheitszertifikat, unterstreicht diese limitierte Edition den k\u00fcnstlerischen und kulturellen Anspruch der Maison.<\/p>\n\n\n\n<p>Als Sammlerobjekt konzipiert, richtet sich die Oeno Box Connoisseur \u2013 Centenary Edition an anspruchsvolle Weinliebhaber und \u00c4stheten mit Sinn f\u00fcr au\u00dfergew\u00f6hnliche Objekte. Sie verk\u00f6rpert eine Vision des Weins, in der Geste, Material und Gestaltung ebenso bedeutsam sind wie die Funktion \u2013 ganz im Geist von L\u2019Atelier du Vin seit \u00fcber einem Jahrhundert.<\/p>\n\n\n<div class=\"margin-wrapper slider-wrapper\">\r\n        <div class=\"gallery gallery-slider\"\r\n         style=\"aspect-ratio:3; margin-right: 80px;\">\r\n        <div class=\"gallery-row row slider\">\r\n                                <div class=\"slide-container\">\r\n                        <img decoding=\"async\" src=\"https:\/\/www.atelierduvin.com\/wp-content\/uploads\/Oeno-Box-Connoisseur-Centenaire-Aquarelle2.jpg\" alt=\"Coffret Oeno Box Connoisseur Centenaire ferm\u00e9, en bois clair, orn\u00e9 d\u2019une illustration aquarelle de bouteilles et d\u2019accessoires \u0153nologiques sur le couvercle.\" loading=\"lazy\" >                    <\/div>\r\n                                    <div class=\"slide-container\">\r\n                        <img decoding=\"async\" src=\"https:\/\/www.atelierduvin.com\/wp-content\/uploads\/Oeno-Box-Connoisseur-Centenaire-Aquarelle4.jpg\" alt=\"Coffret Oeno Box Connoisseur Centenaire ferm\u00e9, en bois clair, orn\u00e9 d\u2019une illustration aquarelle de bouteilles et d\u2019accessoires \u0153nologiques sur le couvercle.\" loading=\"lazy\" >                    <\/div>\r\n                                    <div class=\"slide-container\">\r\n                        <img decoding=\"async\" src=\"https:\/\/www.atelierduvin.com\/wp-content\/uploads\/Oeno-Box-Connoisseur-Centenaire-Aquarelle3.jpg\" alt=\"Coffret Oeno Box Connoisseur Centenaire ferm\u00e9, en bois clair, orn\u00e9 d\u2019une illustration aquarelle de bouteilles et d\u2019accessoires \u0153nologiques sur le couvercle.\" loading=\"lazy\" >                    <\/div>\r\n                        <\/div>\r\n    <\/div>\r\n<\/div>\n\n\n<h2 class=\"wp-block-heading\">Die Welt des Weins, vereint in einer luxuri\u00f6sen Weinbox<\/h2>\n\n\n\n<p>Im Inneren der Box sind die emblematischen Werkzeuge von L\u2019Atelier du Vin perfekt angeordnet, um das \u00d6ffnen, Servieren und Konservieren von Still- und Schaumweinen zu begleiten. Das Set umfasst: <strong><a href=\"https:\/\/www.atelierduvin.com\/de\/produkt\/bilame-silver-signature\/\">Bilame Silver<\/a><\/strong>, <strong><a href=\"https:\/\/www.atelierduvin.com\/de\/produkt\/oeno-motion-silver-wood\/\">Oeno Motion Silver &amp; Wood<\/a><\/strong>, <strong><a href=\"https:\/\/www.atelierduvin.com\/de\/?attachment_id=137383\">Le Gar\u00e7on<\/a><\/strong>, <strong><a href=\"https:\/\/www.atelierduvin.com\/de\/produkt\/champagnerzange\/\">Champagnerzange<\/a><\/strong>, <strong><a href=\"https:\/\/www.atelierduvin.com\/de\/produkt\/weinthermometer\/\">Weinthermometer<\/a><\/strong>, <strong><a href=\"https:\/\/www.atelierduvin.com\/de\/produkt\/universal-developer-mit-fuss\/\">Universeller Wine Developer mit Basis<\/a><\/strong>, <strong><a href=\"https:\/\/www.atelierduvin.com\/de\/produkt\/gardvin-on-off-metall\/\">Gard\u2019Vin On\/Off Metal<\/a><\/strong>, Bubble Cork Silver sowie einen Silver Flaschenverschluss \u2013 ein vollst\u00e4ndiges Ensemble f\u00fcr ein kontrolliertes und elegantes Verkostungserlebnis.<\/p>\n\n\n\n<p>Ein spezielles Fach bietet zudem Platz f\u00fcr eine Flasche Wein oder Champagner und verl\u00e4ngert so den Moment des Genusses.<\/p>\n\n\n    <div class=\"separator mobile-hidden\" style=\"height:40px\"><\/div>\r\n    <div class=\"separator laptop-hidden\" style=\"height:20px\"><\/div>\r\n\n\n\n<h2 class=\"wp-block-heading\">Ein Geschenk, das man \u00fcberreicht, bewahrt und weitergibt<\/h2>\n\n\n\n<p>Die Oeno Box Connoisseur \u2013 Centenary Edition ist f\u00fcr die Dauer geschaffen.\r\nSie wird verschenkt, um einen besonderen Anlass zu markieren, bewahrt, um die Jahre zu begleiten, und weitergegeben als bedeutungsvolles Objekt voller Geschichte, Handwerkskunst und Emotion.<\/p>\n\n\n    <div class=\"separator mobile-hidden\" style=\"height:40px\"><\/div>\r\n    <div class=\"separator laptop-hidden\" style=\"height:20px\"><\/div>\r\n\n\n<div class=\"acc-head\">\r\n    <p>\r\n        Merkmale    <\/p>\r\n    <div class=\"acc-icon\">\r\n        <div class=\"ico-minus\"><\/div>\r\n        <div class=\"ico-plus\"><\/div>\r\n    <\/div>\r\n<\/div>\r\n<div class=\"acc-body\">\r\n    <div class=\"acc-content\">\r\n        <ul>\n<li>Luxuri\u00f6se Weinwerkzeug-Box der Spitzenklasse<\/li>\n<li>Limitierte und nummerierte Edition (1\u2013100)<\/li>\n<li>Handgefertigt in Frankreich<\/li>\n<li>Materialien: massives Ahornholz und Birke<\/li>\n<li>Originales, handgemaltes Aquarell<\/li>\n<li>Echtheitszertifikat enthalten<\/li>\n<li>Integriertes Flaschenfach (Box wird ohne Flasche verkauft)<\/li>\n<li>Ma\u00dfe: 52 \u00d7 37 \u00d7 12 cm<\/li>\n<\/ul>\n    <\/div>\r\n<\/div>","protected":false},"excerpt":{"rendered":"<p><strong>Verf\u00fcgbar ab Mai 2026<\/strong> \u2013 Anl\u00e4sslich des 100-j\u00e4hrigen Jubil\u00e4ums von L\u2019Atelier du Vin wurde die Oeno Box Connoisseur \u2013 Centenary Edition geschaffen: eine au\u00dfergew\u00f6hnliche Wein-Geschenkbox, die die ikonischen Weinwerkzeuge der Maison in einem vollst\u00e4ndig in Frankreich handgefertigten Holzetui vereint. In einer limitierten und nummerierten Serie gefertigt, ist jedes Exemplar ein echtes Unikat.<\/p>\n","protected":false},"featured_media":305923,"template":"","meta":{"_acf_changed":false},"product_brand":[],"product_cat":[363,404,407,347,644],"product_tag":[420],"class_list":{"0":"post-306208","1":"product","2":"type-product","3":"status-publish","4":"has-post-thumbnail","6":"product_cat-noble-holz-kollektionen","7":"product_cat-weinaccessoire-kollektion","8":"product_cat-personalisierung","9":"product_cat-wein-zubehoer-set","10":"product_cat-neuheiten","11":"product_tag-neuheiten","12":"tm-has-options","14":"first","15":"onbackorder","16":"taxable","17":"shipping-taxable","18":"purchasable","19":"product-type-variable","20":"has-default-attributes"},"bundled_by":[],"bundle_stock_status":"onbackorder","bundle_stock_quantity":null,"bundle_virtual":false,"bundle_layout":"","bundle_add_to_cart_form_location":"","bundle_editable_in_cart":false,"bundle_sold_individually_context":"","bundle_item_grouping":"","bundle_min_size":"","bundle_max_size":"","bundle_price":[],"bundled_items":[],"bundle_sell_ids":[],"acf":[],"df_price":833.33,"df_sale_price":"","df_regular_price":833.33,"df_image_link":"https:\/\/www.atelierduvin.com\/wp-content\/uploads\/Oeno-Box-Connoisseur-Centenaire-Aquarelle1-450x450.jpg","_links":{"self":[{"href":"https:\/\/www.atelierduvin.com\/de\/wp-json\/wp\/v2\/product\/306208","targetHints":{"allow":["GET"]}}],"collection":[{"href":"https:\/\/www.atelierduvin.com\/de\/wp-json\/wp\/v2\/product"}],"about":[{"href":"https:\/\/www.atelierduvin.com\/de\/wp-json\/wp\/v2\/types\/product"}],"wp:featuredmedia":[{"embeddable":true,"href":"https:\/\/www.atelierduvin.com\/de\/wp-json\/wp\/v2\/media\/305923"}],"wp:attachment":[{"href":"https:\/\/www.atelierduvin.com\/de\/wp-json\/wp\/v2\/media?parent=306208"}],"wp:term":[{"taxonomy":"product_brand","embeddable":true,"href":"https:\/\/www.atelierduvin.com\/de\/wp-json\/wp\/v2\/product_brand?post=306208"},{"taxonomy":"product_cat","embeddable":true,"href":"https:\/\/www.atelierduvin.com\/de\/wp-json\/wp\/v2\/product_cat?post=306208"},{"taxonomy":"product_tag","embeddable":true,"href":"https:\/\/www.atelierduvin.com\/de\/wp-json\/wp\/v2\/product_tag?post=306208"}],"curies":[{"name":"wp","href":"https:\/\/api.w.org\/{rel}","templated":true}]}}