{"id":303200,"date":"2025-10-23T09:05:45","date_gmt":"2025-10-23T07:05:45","guid":{"rendered":"https:\/\/www.atelierduvin.com\/product\/bilame-silver-signature\/"},"modified":"2026-05-11T12:01:36","modified_gmt":"2026-05-11T10:01:36","slug":"bilame-silver-signature","status":"publish","type":"product","link":"https:\/\/www.atelierduvin.com\/de\/produkt\/bilame-silver-signature\/","title":{"rendered":"Bilame Silver Signature"},"content":{"rendered":"<div class=\"gallery\">\r\n            <div class=\"gallery-row row\">\r\n                                <div style=\"flex:0.8\">\r\n                        <img decoding=\"async\" src=\"https:\/\/www.atelierduvin.com\/wp-content\/uploads\/BilameSilver_ambiance_portrait_HD.jpg\" alt=\"\" loading=\"eager\" >                    <\/div>\r\n                                    <div style=\"flex:0.8\">\r\n                        <img decoding=\"async\" src=\"https:\/\/www.atelierduvin.com\/wp-content\/uploads\/BilameSilver_ambiance_main_HD.jpg\" alt=\"\" loading=\"eager\" >                    <\/div>\r\n                        <\/div>\r\n    <\/div>\n\n    <div class=\"separator mobile-hidden\" style=\"height:40px\"><\/div>\r\n    <div class=\"separator laptop-hidden\" style=\"height:20px\"><\/div>\r\n\n\n\n<h2 class=\"wp-block-heading\">Erbe einer Ikone der Kunst, Wein zu genie\u00dfen<\/h2>\n\n\n\n<p>1949 patentierte L\u2019Atelier du Vin den <strong>Bilame<\/strong> \u2013 einen einzigartigen Korkenzieher, der den Korken entfernt, ohne ihn zu durchstechen. Diese pr\u00e4zise und respektvolle Geste wurde zu einer echten Signatur f\u00fcr Weinliebhaber.\r\nDer <strong>Bilame Silver Signature<\/strong> setzt dieses Erbe fort. Direkt inspiriert vom legend\u00e4ren <strong>Bilame Chrome<\/strong>, beh\u00e4lt er denselben au\u00dfergew\u00f6hnlichen Mechanismus bei, erg\u00e4nzt durch eine schwarze Lederschutzh\u00fclle und eine elegante Geschenkbox \u2013 ein Objekt, das sowohl funktional als auch wertvoll ist.\r\nDas Vergn\u00fcgen des Handgriffs bleibt unver\u00e4ndert; nur die Pr\u00e4sentation wurde zu einer noch feineren Ausdrucksform erhoben.<\/p>\n\n\n    <div class=\"separator mobile-hidden\" style=\"height:40px\"><\/div>\r\n    <div class=\"separator laptop-hidden\" style=\"height:20px\"><\/div>\r\n\n\n\n<h2 class=\"wp-block-heading\">Eine bewahrte Geste, unverf\u00e4lschtes Vergn\u00fcgen<\/h2>\n\n\n\n<p>Die beiden feinen Klingen des Bilame Silver Signature gleiten m\u00fchelos zwischen Korken und Flaschenhals, ohne den Korken zu durchstechen oder zu zerbr\u00f6ckeln. Der Korken bleibt intakt, wodurch die Reinheit der Aromen und die Feinheit des Weins erhalten bleiben.\r\nDieses geniale Prinzip erlaubt zudem, die Flasche wieder zu verschlie\u00dfen und das Verkostungserlebnis unter optimalen Bedingungen zu verl\u00e4ngern.\r\nEin unverzichtbares Werkzeug f\u00fcr Sommeliers, Liebhaber alter Weine, Sammler und alle, die wissen, dass der \u00d6ffnungsritual ein wesentlicher Bestandteil des Genusses ist.<\/p>\n\n\n    <div class=\"separator mobile-hidden\" style=\"height:40px\"><\/div>\r\n    <div class=\"separator laptop-hidden\" style=\"height:20px\"><\/div>\r\n\n\n\n<h2 class=\"wp-block-heading\">Pr\u00e4zision im Design, Edelmut der Materialien<\/h2>\n\n\n\n<p>Hergestellt aus gl\u00e4nzend <strong>verchromtem Stahl<\/strong>, vereint der Bilame Silver Signature <strong>Robustheit, Leichtigkeit und perfekte Balance<\/strong>.\r\nDie sichtbaren <strong>Formlinien oder leichten Variationen in der Chromoberfl\u00e4che<\/strong> sind keine Fehler, sondern bewusst gesetzt \u2013 ein Tribut an das urspr\u00fcngliche Design vor fast 80 Jahren und ein Ausdruck der handwerklichen Qualit\u00e4t, die dieses <strong>ikonische Werkzeug weltweit bekannt gemacht hat<\/strong>.<\/p>\n\n\n\n<p>Seine ma\u00dfgeschneiderte Lederschutzh\u00fclle aus echtem Schwarzleder. Sch\u00fctzt die Klingen und verk\u00f6rpert die zeitlose Eleganz klassischer Accessoires. Jedes Detail ist auf Langlebigkeit ausgelegt: die komfortable Handhabung, die Geschmeidigkeit der Bewegung, die Feinheit der Konturen.\r\n\u00dcber das Werkzeug hinaus dr\u00fcckt sich eine Philosophie des Weins aus: die Achtung vor dem Handgriff, dem Material und der Zeit.<\/p>\n\n\n    <div class=\"separator mobile-hidden\" style=\"height:40px\"><\/div>\r\n    <div class=\"separator laptop-hidden\" style=\"height:20px\"><\/div>\r\n\n\n\n<h2 class=\"wp-block-heading\">Der Bilame-Korkenzieher \u2013 Hergestellt in Frankreich<\/h2>\n\n\n\n<p>Der Bilame, vollst\u00e4ndig in Frankreich gefertigt, verk\u00f6rpert das <strong>historische Know-how von L\u2019Atelier du Vin<\/strong>. Von der Entwurfszeichnung bis zur Schmiede wird jeder Schritt mit h\u00f6chster Pr\u00e4zision und Liebe zum Detail durchgef\u00fchrt \u2013 im Einklang mit franz\u00f6sischer Handwerkstradition. Ein Symbol f\u00fcr die Leidenschaft Frankreichs f\u00fcr Wein, Ergebnis sorgf\u00e4ltiger Handarbeit \u00fcber mehrere Generationen.<\/p>\n\n\n    <div class=\"separator mobile-hidden\" style=\"height:40px\"><\/div>\r\n    <div class=\"separator laptop-hidden\" style=\"height:20px\"><\/div>\r\n\n\n\n<h2 class=\"wp-block-heading\">Eine Geschenkbox f\u00fcr Kenner<\/h2>\n\n\n\n<p>Pr\u00e4sentiert in einer schlichten, <strong>eleganten Box<\/strong>, ist der Bilame Silver Signature ein au\u00dfergew\u00f6hnliches Geschenk. Ihn zu verschenken bedeutet, ein St\u00fcck der Geschichte von L\u2019Atelier du Vin weiterzugeben \u2013 und ein Erlebnis: eine pr\u00e4zise, zeitlose Geste, ein Moment der Ruhe, in dem der Wein respektvoll ge\u00f6ffnet wird.<\/p>\n\n\n    <div class=\"separator mobile-hidden\" style=\"height:40px\"><\/div>\r\n    <div class=\"separator laptop-hidden\" style=\"height:20px\"><\/div>\r\n\n\n\n<h2 class=\"wp-block-heading\">Anleitung f\u00fcr den Bilame Silver Signature<\/h2>\n\n\n\n<p>Die beiden Klingen auf beiden Seiten des Korkens einschieben, beginnend mit der l\u00e4ngeren.\r\n\r\nLeicht schaukeln und dabei leichten Druck nach unten aus\u00fcben, bis die Klingen vollst\u00e4ndig eingef\u00fchrt sind.\r\n\r\n1. Den Griff mit leichter Rotation nach oben ziehen \u2013 der Korken l\u00f6st sich m\u00fchelos.\r\n2. Um die Flasche wieder zu verschlie\u00dfen, den Korken einfach mit den Klingen zur\u00fccksetzen.\r\n3. Den Griff mit leichter Rotation nach oben ziehen \u2013 der Korken l\u00f6st sich m\u00fchelos.\r\n4. Um die Flasche wieder zu verschlie\u00dfen, den Korken einfach mit den Klingen zur\u00fccksetzen.<\/p>\n\n\n    <div class=\"separator mobile-hidden\" style=\"height:40px\"><\/div>\r\n    <div class=\"separator laptop-hidden\" style=\"height:20px\"><\/div>\r\n\n\n    <div class=\"video-block-container\">\r\n                    <iframe loading=\"lazy\"\r\n                    width=\"100%\"\r\n                    height=\"100%\"\r\n                    allow=\"autoplay; fullscreen\"\r\n                    class=\"embed-player slide-media\"\r\n                    src=\"https:\/\/player.vimeo.com\/video\/60150948\"\r\n                    data-ready=\"true\">\r\n            <\/iframe>\r\n            <\/div>\r\n\n\n    <div class=\"separator mobile-hidden\" style=\"height:40px\"><\/div>\r\n    <div class=\"separator laptop-hidden\" style=\"height:20px\"><\/div>\r\n\n\n<div class=\"acc-head\">\r\n    <p>\r\n        Eigenschaften    <\/p>\r\n    <div class=\"acc-icon\">\r\n        <div class=\"ico-minus\"><\/div>\r\n        <div class=\"ico-plus\"><\/div>\r\n    <\/div>\r\n<\/div>\r\n<div class=\"acc-body\">\r\n    <div class=\"acc-content\">\r\n        <p>Ideal f\u00fcr gereifte Weine und empfindliche Korken.<\/p>\n    <\/div>\r\n<\/div>\n\n<div class=\"acc-head\">\r\n    <p>\r\n        Finish    <\/p>\r\n    <div class=\"acc-icon\">\r\n        <div class=\"ico-minus\"><\/div>\r\n        <div class=\"ico-plus\"><\/div>\r\n    <\/div>\r\n<\/div>\r\n<div class=\"acc-body\">\r\n    <div class=\"acc-content\">\r\n        <p>Material: verchromter Stahl<br \/>\nKlingenschutz: echtes schwarzes Leder<\/p>\n    <\/div>\r\n<\/div>\n\n\n<script type=\"application\/ld+json\">\r\n{\r\n  \"@context\": \"https:\/\/schema.org\/\",\r\n  \"@type\": \"Product\",\r\n  \"name\": \"Bilame Silver Signature\",\r\n  \"alternateName\": \"Bilame Chrome\",\r\n  \"brand\": {\r\n    \"@type\": \"Brand\",\r\n    \"name\": \"L'Atelier du Vin\"\r\n  },\r\n  \"url\": \"https:\/\/www.atelierduvin.com\/de\/produkt\/bilame-silver-signature\/\",\r\n  \"manufacturer\": {\r\n    \"@type\": \"Organization\",\r\n    \"name\": \"L'Atelier du Vin\",\r\n    \"url\": \"https:\/\/www.atelierduvin.com\/de\/\"\r\n  },\r\n  \"isRelatedTo\": {\r\n    \"@type\": \"Product\",\r\n    \"name\": \"Bilame Chrome\",\r\n    \"url\": \"https:\/\/www.atelierduvin.com\/de\/produkt\/bilame-chrome\/\"\r\n  }\r\n}\r\n<\/script>\n","protected":false},"excerpt":{"rendered":"<p>Erbe des ikonischen Bilame Chrome, zeichnet sich der Bilame Silver Signature durch seine schwarze Lederschutzh\u00fclle und die elegante Geschenkbox aus. In Frankreich gefertigt, bewahrt dieser Korkenzieher mit zwei Klingen die Unversehrtheit des Korkens und die Reinheit des Weins.<\/p>\n","protected":false},"featured_media":303133,"template":"","meta":{"_acf_changed":false},"product_brand":[],"product_cat":[366,797,404,407,348,644],"product_tag":[421,748],"class_list":{"0":"post-303200","1":"product","2":"type-product","3":"status-publish","4":"has-post-thumbnail","6":"product_cat-federkorkenzieher","7":"product_cat-personalisierte-korkenzieher","8":"product_cat-weinaccessoire-kollektion","9":"product_cat-personalisierung","10":"product_cat-korkenzieher","11":"product_cat-neuheiten","12":"product_tag-personalisierbar","13":"product_tag-new-de","14":"tm-has-options","16":"first","17":"instock","18":"taxable","19":"shipping-taxable","20":"purchasable","21":"product-type-variable","22":"has-default-attributes"},"bundled_by":[],"bundle_stock_status":"instock","bundle_stock_quantity":null,"bundle_virtual":false,"bundle_layout":"","bundle_add_to_cart_form_location":"","bundle_editable_in_cart":false,"bundle_sold_individually_context":"","bundle_item_grouping":"","bundle_min_size":"","bundle_max_size":"","bundle_price":[],"bundled_items":[],"bundle_sell_ids":[],"acf":[],"df_price":66.67,"df_sale_price":"","df_regular_price":66.67,"df_image_link":"https:\/\/www.atelierduvin.com\/wp-content\/uploads\/BilameSilver_etui_carre_BD-450x450.jpg","_links":{"self":[{"href":"https:\/\/www.atelierduvin.com\/de\/wp-json\/wp\/v2\/product\/303200","targetHints":{"allow":["GET"]}}],"collection":[{"href":"https:\/\/www.atelierduvin.com\/de\/wp-json\/wp\/v2\/product"}],"about":[{"href":"https:\/\/www.atelierduvin.com\/de\/wp-json\/wp\/v2\/types\/product"}],"wp:featuredmedia":[{"embeddable":true,"href":"https:\/\/www.atelierduvin.com\/de\/wp-json\/wp\/v2\/media\/303133"}],"wp:attachment":[{"href":"https:\/\/www.atelierduvin.com\/de\/wp-json\/wp\/v2\/media?parent=303200"}],"wp:term":[{"taxonomy":"product_brand","embeddable":true,"href":"https:\/\/www.atelierduvin.com\/de\/wp-json\/wp\/v2\/product_brand?post=303200"},{"taxonomy":"product_cat","embeddable":true,"href":"https:\/\/www.atelierduvin.com\/de\/wp-json\/wp\/v2\/product_cat?post=303200"},{"taxonomy":"product_tag","embeddable":true,"href":"https:\/\/www.atelierduvin.com\/de\/wp-json\/wp\/v2\/product_tag?post=303200"}],"curies":[{"name":"wp","href":"https:\/\/api.w.org\/{rel}","templated":true}]}}