{"id":198831,"date":"2025-03-20T10:55:41","date_gmt":"2025-03-20T09:55:41","guid":{"rendered":"https:\/\/refonte-adv.votre-projet.com\/product\/soft-machine-silver\/"},"modified":"2026-05-11T12:01:36","modified_gmt":"2026-05-11T10:01:36","slug":"soft-machine-silver","status":"publish","type":"product","link":"https:\/\/www.atelierduvin.com\/de\/produkt\/soft-machine-silver\/","title":{"rendered":"Soft Machine Silver"},"content":{"rendered":"<div class=\"gallery\">\r\n            <div class=\"gallery-row row\">\r\n                                <div style=\"flex:1.2497965825875\">\r\n                        <img decoding=\"async\" src=\"https:\/\/www.atelierduvin.com\/wp-content\/uploads\/SoftMachineSilver_ambiance_paysage_HD-1536x1229-1.jpg\" alt=\"\" loading=\"eager\" >                    <\/div>\r\n                        <\/div>\r\n    <\/div>\n\n\n<h2 class=\"wp-block-heading\">Ein gl\u00e4nzender Gedanke<\/h2>\n\n\n\n<p>Vollst\u00e4ndig aus Edelstahl gefertigt \u2013 einem edlen und langlebigen Material, das in aufwendiger Handarbeit St\u00fcck f\u00fcr St\u00fcck bearbeitet wird \u2013 verspricht der Soft Machine Silver mit seiner hochglanzpolierten Oberfl\u00e4che Verkostungen von strahlender Sch\u00f6nheit.<\/p>\n\n\n    <div class=\"separator mobile-hidden\" style=\"height:40px\"><\/div>\r\n    <div class=\"separator laptop-hidden\" style=\"height:20px\"><\/div>\r\n\n\n\n<h2 class=\"wp-block-heading\">Die Kunst der Geste<\/h2>\n\n\n\n<p>Eine perfekte Verbindung von Kraft und \u00c4sthetik: Sein Mechanismus, gesch\u00e4tzt von den gr\u00f6\u00dften Sommeliers wie von anspruchsvollen Kennern, erm\u00f6glicht ein elegantes und pr\u00e4zises \u00d6ffnen in nur einer Bewegung. Seine leistungsstarke Spiralschnecke passt sich m\u00fchelos an Korken jeder Art an \u2013 ob jung oder alt, ob Natur- oder Kunststoffkorken.&nbsp;<strong data-start=\"663\" data-end=\"739\">Der Soft Machine Silver passt sich allen Stilen und Pers\u00f6nlichkeiten an.<\/strong><\/p>\n\n\n\n<p>Der&nbsp;<strong data-start=\"747\" data-end=\"770\">Soft Machine Silver<\/strong>&nbsp;hat nichts zu verbergen. W\u00e4hrend sein Flaschen\u00f6ffner und seine Kapselschneide dezent integriert sind, zeigt er stolz sein unverwechselbares Zahnradsystem.<\/p>\n\n\n    <div class=\"separator mobile-hidden\" style=\"height:40px\"><\/div>\r\n    <div class=\"separator laptop-hidden\" style=\"height:20px\"><\/div>\r\n\n\n<div class=\"gallery\">\r\n            <div class=\"gallery-row row\">\r\n                                <div style=\"flex:1.2497965825875\">\r\n                        <img decoding=\"async\" src=\"https:\/\/www.atelierduvin.com\/wp-content\/uploads\/SoftMachineSilver_ambiance_2_paysage_HD-1536x1229-1.jpg\" alt=\"\" loading=\"eager\" >                    <\/div>\r\n                        <\/div>\r\n    <\/div>\n\n\n<div class=\"wp-block-columns is-layout-flex wp-container-core-columns-is-layout-9d6595d7 wp-block-columns-is-layout-flex\">\n<div class=\"wp-block-column is-layout-flow wp-block-column-is-layout-flow\">\n<h2 class=\"wp-block-heading\">Eine strahlende Silhouette<\/h2>\n\n\n\n<p>Seine sinnliche, angenehme Form sorgt f\u00fcr eine optimale Handhabung. Doch der&nbsp;<strong data-start=\"1043\" data-end=\"1066\">Soft Machine Silver<\/strong>&nbsp;entfaltet seine Eleganz auch an anderen Orten: auf der Kante einer edlen Weinkiste, auf einer fein bestickten Leinentischdecke \u2013 oder gar als Briefbeschwerer auf einem Schreibtisch.&nbsp;<strong data-start=\"1249\" data-end=\"1320\">Man sagt sogar, dass manche Sammlerinnen ihn als Spiegel verwenden.<\/strong><\/p>\n<\/div>\n\n\n\n<div class=\"wp-block-column is-layout-flow wp-block-column-is-layout-flow\">\n<h2 class=\"wp-block-heading\">Ein Geschenk mit gl\u00e4nzendem Auftritt<\/h2>\n\n\n\n<p>In seiner eleganten Verpackung pr\u00e4sentiert, ist der&nbsp;<strong data-start=\"1423\" data-end=\"1446\">Soft Machine Silver<\/strong>&nbsp;eine gl\u00e4nzende Geschenkidee f\u00fcr Weinliebhaber und Genie\u00dfer.<\/p>\n\n\n\n<p>Wie jedes wertvolle Objekt aus edlen Materialien kann sein Glanz leicht variieren. Daher empfiehlt sich eine regelm\u00e4\u00dfige Pflege mit geeigneten Reinigungsmitteln.<\/p>\n<\/div>\n<\/div>\n\n\n    <div class=\"separator mobile-hidden\" style=\"height:40px\"><\/div>\r\n    <div class=\"separator laptop-hidden\" style=\"height:20px\"><\/div>\r\n\n\n    <div class=\"video-block-container\">\r\n                    <iframe loading=\"lazy\"\r\n                    width=\"100%\"\r\n                    height=\"100%\"\r\n                    allow=\"autoplay; fullscreen\"\r\n                    class=\"embed-player slide-media\"\r\n                    src=\"https:\/\/player.vimeo.com\/video\/657765360\"\r\n                    data-ready=\"true\">\r\n            <\/iframe>\r\n            <\/div>\r\n","protected":false},"excerpt":{"rendered":"<p>Ein gl\u00e4nzender Gedanke Vollst\u00e4ndig aus Edelstahl gefertigt \u2013 einem edlen und langlebigen Material, das in aufwendiger Handarbeit St\u00fcck f\u00fcr St\u00fcck bearbeitet wird \u2013 verspricht der Soft Machine Silver mit seiner hochglanzpolierten Oberfl\u00e4che Verkostungen von strahlender Sch\u00f6nheit. Die Kunst der Geste Eine perfekte Verbindung von Kraft und \u00c4sthetik: Sein Mechanismus, gesch\u00e4tzt von den gr\u00f6\u00dften Sommeliers wie [&hellip;]<\/p>\n","protected":false},"featured_media":198794,"template":"","meta":{"_acf_changed":false},"product_brand":[],"product_cat":[369,752,797,730,742,404,396,407,348,644,395],"product_tag":[420,421],"class_list":{"0":"post-198831","1":"product","2":"type-product","3":"status-publish","4":"has-post-thumbnail","6":"product_cat-kellnermesser","7":"product_cat-geschenke-fur-sie","8":"product_cat-personalisierte-korkenzieher","9":"product_cat-vatertag-geschenkideen","10":"product_cat-unter-100-euro","11":"product_cat-weinaccessoire-kollektion","12":"product_cat-unerlaessliches","13":"product_cat-personalisierung","14":"product_cat-korkenzieher","15":"product_cat-neuheiten","16":"product_cat-alles-anzeigen","17":"product_tag-neuheiten","18":"product_tag-personalisierbar","19":"tm-has-options","21":"first","22":"instock","23":"taxable","24":"shipping-taxable","25":"purchasable","26":"product-type-variable","27":"has-default-attributes"},"bundled_by":[],"bundle_stock_status":"instock","bundle_stock_quantity":null,"bundle_virtual":false,"bundle_layout":"","bundle_add_to_cart_form_location":"","bundle_editable_in_cart":false,"bundle_sold_individually_context":"","bundle_item_grouping":"","bundle_min_size":"","bundle_max_size":"","bundle_price":[],"bundled_items":[],"bundle_sell_ids":[151017,151004],"acf":[],"df_price":62.5,"df_sale_price":"","df_regular_price":62.5,"df_image_link":"https:\/\/www.atelierduvin.com\/wp-content\/uploads\/SoftMachineSilver_ferme_carre_HD-450x450.jpg","_links":{"self":[{"href":"https:\/\/www.atelierduvin.com\/de\/wp-json\/wp\/v2\/product\/198831","targetHints":{"allow":["GET"]}}],"collection":[{"href":"https:\/\/www.atelierduvin.com\/de\/wp-json\/wp\/v2\/product"}],"about":[{"href":"https:\/\/www.atelierduvin.com\/de\/wp-json\/wp\/v2\/types\/product"}],"wp:featuredmedia":[{"embeddable":true,"href":"https:\/\/www.atelierduvin.com\/de\/wp-json\/wp\/v2\/media\/198794"}],"wp:attachment":[{"href":"https:\/\/www.atelierduvin.com\/de\/wp-json\/wp\/v2\/media?parent=198831"}],"wp:term":[{"taxonomy":"product_brand","embeddable":true,"href":"https:\/\/www.atelierduvin.com\/de\/wp-json\/wp\/v2\/product_brand?post=198831"},{"taxonomy":"product_cat","embeddable":true,"href":"https:\/\/www.atelierduvin.com\/de\/wp-json\/wp\/v2\/product_cat?post=198831"},{"taxonomy":"product_tag","embeddable":true,"href":"https:\/\/www.atelierduvin.com\/de\/wp-json\/wp\/v2\/product_tag?post=198831"}],"curies":[{"name":"wp","href":"https:\/\/api.w.org\/{rel}","templated":true}]}}