{"id":193529,"date":"2024-07-09T09:01:47","date_gmt":"2024-07-09T07:01:47","guid":{"rendered":"https:\/\/www.refonte-adv.votre-projet.com\/product\/latelier-du-vin-x-felco\/"},"modified":"2026-05-11T12:01:23","modified_gmt":"2026-05-11T10:01:23","slug":"latelier-du-vin-x-felco","status":"publish","type":"product","link":"https:\/\/www.atelierduvin.com\/de\/produkt\/latelier-du-vin-x-felco\/","title":{"rendered":"L&#8217;Atelier du Vin x Felco"},"content":{"rendered":"\n<h2 class=\"wp-block-heading\">Erlesene Accessoires, traumhafte G\u00e4rten<\/h2>\n\n<p>Pinot Noir, Grenache, Sauvignon, Chardonnay.&#13;\nStadt- oder Landgarten. Franz\u00f6sischer oder englischer Garten. Geheimnisvoller Garten, Zufluchtsgarten.&#13;\nF\u00fcr die neue Kollektion \u201eVom Weinberg zum Garten\u201c l\u00e4sst sich L\u2018Atelier du Vin von seiner Heimat, der Champagne, und von den elegantesten G\u00e4rten Frankreichs inspirieren.&#13;\n<strong><em>Ein Vormittag in den Weinbergen, ein Nachmittag im Garten.<\/em><\/strong>&#13;\nBlauer Himmel, Blumenduft, der Gesang einer Nachtigall, ein schmiedeeiserner Tisch.&#13;\nDas Wei\u00df einer Tischdecke, das strahlendes Kristallglas in Szene setzt. Neben einem Strau\u00df frisch gepfl\u00fcckter Rosen oder Pfingstrosen offenbart das Etui von L\u2018Atelier du Vin x FELCO auf elegante Weise die Wein-Accessoires und Gartenutensilien.<\/p>\n    <div class=\"separator mobile-hidden\" style=\"height:40px\"><\/div>\r\n    <div class=\"separator laptop-hidden\" style=\"height:20px\"><\/div>\r\n<div class=\"gallery\">\r\n            <div class=\"gallery-row row\">\r\n                                <div style=\"flex:1.6447368421053\">\r\n                        <img decoding=\"async\" src=\"https:\/\/www.atelierduvin.com\/wp-content\/uploads\/Chronologie.jpg\" alt=\"\" loading=\"eager\" >                    <\/div>\r\n                        <\/div>\r\n    <\/div>\n<div class=\"wp-block-columns is-layout-flex wp-container-core-columns-is-layout-9d6595d7 wp-block-columns-is-layout-flex\">\n<div class=\"wp-block-column is-layout-flow wp-block-column-is-layout-flow\">\n<h2 class=\"wp-block-heading\">Der Bilame, der f\u00fchrende Korkenzieher seit 1949<\/h2>\n\n\n\n<p>Der Korkenzieher \u201eBilame\u201c l\u00f6st selbst \u00e4ltere und extrem empfindliche Korken, ohne sie zu durchl\u00f6chern \u2013 dadurch zerbr\u00f6seln sie nicht.&#13;\nDer Legende nach erfreute sich der Bilame bei einigen Kellnern einer besonders gro\u00dfen Beliebtheit, weil sie mithilfe dieses Accessoires ein paar Zentiliter aus den Flaschen trinken und diese anschlie\u00dfend wieder verschlie\u00dfen konnten, ohne Spuren zu hinterlassen.<\/p>\n\n\n    <div class=\"separator mobile-hidden\" style=\"height:40px\"><\/div>\r\n    <div class=\"separator laptop-hidden\" style=\"height:20px\"><\/div>\r\n\n\n\n<h3 class=\"wp-block-heading\">Gebrauchsanweisung<\/h3>\n\n\n\n<p>1. F\u00fchren Sie die beiden Federzungen am Korken entlang in den Flaschenhals ein, beginnend mit der l\u00e4ngeren.&#13;\n2. F\u00fchren Sie in einer Pendelbewegung und unter Aufrechterhaltung eines gewissen Drucks nach unten jede Zunge so weit wie m\u00f6glich nach unten.&#13;\n3. Ziehen Sie den Griff nach oben, um den Korken in einer Drehbewegung herauszul\u00f6sen.<\/p>\n\n\n    <div class=\"separator mobile-hidden\" style=\"height:40px\"><\/div>\r\n    <div class=\"separator laptop-hidden\" style=\"height:20px\"><\/div>\r\n\n\n<div class=\"wp-block-image\">\n<figure class=\"aligncenter is-resized\"><img loading=\"lazy\" decoding=\"async\" width=\"1024\" height=\"474\" src=\"https:\/\/www.atelierduvin.com\/app\/uploads\/Bilame-mode-demploi-1-1024x474.jpg\" alt=\"\" class=\"wp-image-72245\" style=\"width:668px;height:auto\" srcset=\"https:\/\/www.atelierduvin.com\/wp-content\/uploads\/Bilame-mode-demploi-1-1024x474.jpg 1024w, https:\/\/www.atelierduvin.com\/wp-content\/uploads\/Bilame-mode-demploi-1-450x208.jpg 450w, https:\/\/www.atelierduvin.com\/wp-content\/uploads\/Bilame-mode-demploi-1-96x44.jpg 96w, https:\/\/www.atelierduvin.com\/wp-content\/uploads\/Bilame-mode-demploi-1-42x19.jpg 42w, https:\/\/www.atelierduvin.com\/wp-content\/uploads\/Bilame-mode-demploi-1-60x28.jpg 60w, https:\/\/www.atelierduvin.com\/wp-content\/uploads\/Bilame-mode-demploi-1-1536x711.jpg 1536w, https:\/\/www.atelierduvin.com\/wp-content\/uploads\/Bilame-mode-demploi-1-scaled.jpg 2048w, https:\/\/www.atelierduvin.com\/wp-content\/uploads\/Bilame-mode-demploi-1-1320x611.jpg 1320w, https:\/\/www.atelierduvin.com\/wp-content\/uploads\/Bilame-mode-demploi-1-600x278.jpg 600w, https:\/\/www.atelierduvin.com\/wp-content\/uploads\/Bilame-mode-demploi-1-64x30.jpg 64w\" sizes=\"auto, (max-width: 1024px) 100vw, 1024px\" \/><\/figure>\n<\/div><\/div>\n\n\n\n<div class=\"wp-block-column is-layout-flow wp-block-column-is-layout-flow\">\n<h2 class=\"wp-block-heading\">Die Felco 2, die f\u00fchrende Gartenschere seit 1948<\/h2>\n\n\n\n<p>1948 brachte FELCO eine Gartenschere auf den Markt, die die Branche der Schneidwerkzeuge f\u00fcr immer ver\u00e4ndern sollte. Durch ihr musterg\u00fcltiges Design eignet sich diese \u00e4u\u00dferst vielseitige Baumschere f\u00fcr professionelle Anwender und Hobbyg\u00e4rtner gleicherma\u00dfen. Sie verk\u00f6rpert das Know-how, die Qualit\u00e4t und die Pr\u00e4zision der schweizerischen Marke. Eine in der Schweiz hergestellte Gartenschere, die zuverl\u00e4ssig und langlebig ist und von Generation zu Generation weitergereicht wird.<\/p>\n\n\n    <div class=\"separator mobile-hidden\" style=\"height:40px\"><\/div>\r\n    <div class=\"separator laptop-hidden\" style=\"height:20px\"><\/div>\r\n\n\n\n<h3 class=\"wp-block-heading\">Gebrauchsanweisung \u2013 Schleifstein FELCO 903<\/h3>\n\n\n\n<p>1. Sch\u00e4rfen Sie Ihre Klinge mit der flachen Seite des FELCO 903, indem Sie leichte kreisf\u00f6rmige Bewegungen ausf\u00fchren.&#13;\n2. Entfernen Sie den Grat auf der R\u00fcckseite der Klinge und sch\u00e4rfen Sie diese, damit sich der Schneidkopf perfekt kreuzen kann.<\/p>\n\n\n    <div class=\"separator mobile-hidden\" style=\"height:40px\"><\/div>\r\n    <div class=\"separator laptop-hidden\" style=\"height:20px\"><\/div>\r\n\n\n<div class=\"wp-block-image\">\n<figure class=\"aligncenter is-resized\"><img loading=\"lazy\" decoding=\"async\" width=\"956\" height=\"501\" src=\"https:\/\/www.atelierduvin.com\/app\/uploads\/Lame-utilisation.jpg\" alt=\"\" class=\"wp-image-192089\" style=\"width:662px;height:auto\" srcset=\"https:\/\/www.atelierduvin.com\/wp-content\/uploads\/Lame-utilisation.jpg 956w, https:\/\/www.atelierduvin.com\/wp-content\/uploads\/Lame-utilisation-450x236.jpg 450w, https:\/\/www.atelierduvin.com\/wp-content\/uploads\/Lame-utilisation-768x402.jpg 768w, https:\/\/www.atelierduvin.com\/wp-content\/uploads\/Lame-utilisation-96x50.jpg 96w, https:\/\/www.atelierduvin.com\/wp-content\/uploads\/Lame-utilisation-42x22.jpg 42w, https:\/\/www.atelierduvin.com\/wp-content\/uploads\/Lame-utilisation-60x31.jpg 60w, https:\/\/www.atelierduvin.com\/wp-content\/uploads\/Lame-utilisation-64x34.jpg 64w\" sizes=\"auto, (max-width: 956px) 100vw, 956px\" \/><\/figure>\n<\/div><\/div>\n<\/div>\n    <div class=\"separator mobile-hidden\" style=\"height:40px\"><\/div>\r\n    <div class=\"separator laptop-hidden\" style=\"height:20px\"><\/div>\r\n\n<h2 class=\"wp-block-heading\">Das Etui<\/h2>\n\n<p><strong>F\u00fchrende Handwerksk\u00fcnste vereint in einer Tasche.<\/strong>&#13;\nOb am G\u00fcrtel, auf einem Tisch, auf einer Steinbank oder an einer Ranke: Das \u201eVom Weinberg zum Garten\u201c-Etui von L\u2018Atelier du Vin x FELCO enth\u00e4lt die emblematischsten Accessoires dieser beiden ber\u00fchmten H\u00e4user.&#13;\nDer Bilame, ein unter Kennern bekannter und beliebter Korkenzieher, \u00f6ffnet die wertvollsten Flaschen, ohne selbst \u00e4lteste Korken zu durchstechen. Der Flaschen\u00f6ffner an seinem oberen Ende ist \u00e4u\u00dferst praktisch, wenn man sich w\u00e4hrend des Rebschnitts oder der Gartenarbeit mit einem aromatisierten, prickelnden Wasser erfrischen m\u00f6chte. Der Bilame aus reinem Zamak wird von der unverzichtbaren Gartenschere FELCO 2 der gleichnamigen Schweizer Marke begleitet. Die von den erfahrensten Weinbauern und G\u00e4rtnern auf der ganzen Welt gesch\u00e4tzte FELCO 2 garantiert eine unvergleichliche Schnittqualit\u00e4t. Wie der Bilame wurde auch diese Schere in den 1940ern aus Aluminium gefertigt. Sie ist witterungsbest\u00e4ndig und extrem langlebig.&#13;\nAbgerundet wird das Set vom Schleifstein FELCO 903. Auf der R\u00fcckseite befindet sich eine gro\u00dfe, unauff\u00e4llige Tasche, in der G\u00e4rtnerhandschuhe, eine Rolle Raphiabast und eine Tube Sonnencreme problemlos Platz finden.<\/p>\n    <div class=\"separator mobile-hidden\" style=\"height:40px\"><\/div>\r\n    <div class=\"separator laptop-hidden\" style=\"height:20px\"><\/div>\r\n<div class=\"wp-block-image\">\n<figure class=\"aligncenter\"><img loading=\"lazy\" decoding=\"async\" width=\"1719\" height=\"615\" src=\"https:\/\/www.atelierduvin.com\/app\/uploads\/Croquis-pochette.jpg\" alt=\"\" class=\"wp-image-192079\" srcset=\"https:\/\/www.atelierduvin.com\/wp-content\/uploads\/Croquis-pochette.jpg 1719w, https:\/\/www.atelierduvin.com\/wp-content\/uploads\/Croquis-pochette-450x161.jpg 450w, https:\/\/www.atelierduvin.com\/wp-content\/uploads\/Croquis-pochette-1024x366.jpg 1024w, https:\/\/www.atelierduvin.com\/wp-content\/uploads\/Croquis-pochette-768x275.jpg 768w, https:\/\/www.atelierduvin.com\/wp-content\/uploads\/Croquis-pochette-96x34.jpg 96w, https:\/\/www.atelierduvin.com\/wp-content\/uploads\/Croquis-pochette-42x15.jpg 42w, https:\/\/www.atelierduvin.com\/wp-content\/uploads\/Croquis-pochette-60x21.jpg 60w, https:\/\/www.atelierduvin.com\/wp-content\/uploads\/Croquis-pochette-1536x550.jpg 1536w, https:\/\/www.atelierduvin.com\/wp-content\/uploads\/Croquis-pochette-1320x472.jpg 1320w, https:\/\/www.atelierduvin.com\/wp-content\/uploads\/Croquis-pochette-64x23.jpg 64w\" sizes=\"auto, (max-width: 1719px) 100vw, 1719px\" \/><\/figure>\n<\/div>    <div class=\"separator mobile-hidden\" style=\"height:40px\"><\/div>\r\n    <div class=\"separator laptop-hidden\" style=\"height:20px\"><\/div>\r\n\n<p><strong>Ein Leder, so robust wie eine Akazie und so zart wie ein Rosenblatt.<\/strong>&#13;\nDas Etui von L\u2018Atelier du Vin x FELCO wird dank der hohen Qualit\u00e4t seines in Italien von Hand gefertigten, vollnarbigen und pflanzlich gegerbten Leders passionierte Weinliebhaber und \u00c4stheten \u00fcber eine sehr lange Zeit begleiten. Sein nat\u00fcrlicher und zeitloser Rankenfarbton akzentuiert den Stahl der Wein- und Garten-Accessoires sowie den goldenen Glanz der Metallspitzen der \u00d6sen, die die Lederbefestigungen zieren.&#13;\n&#13;\n\u00a0&#13;\n&#13;\n<strong>Auf einer Zeitreise durch den Garten.<\/strong>&#13;\nMit ihrer schwungvollen Eleganz begleitet die Kollektion \u201eVom Weinberg zum Garten\u201c die Liebhaber der franz\u00f6sischen Lebenskunst auf ihren poetischen und \u00e4sthetischen Spazierg\u00e4ngen. Entworfen von der Modedesignerin Margherita Matticari und vom Studio von L\u2018Atelier du Vin, verhei\u00dft diese Kollektion erlesene Augenblicke voller Noblesse und Tradition.<\/p>\n    <div class=\"separator mobile-hidden\" style=\"height:40px\"><\/div>\r\n    <div class=\"separator laptop-hidden\" style=\"height:20px\"><\/div>\r\n<div class=\"gallery\">\r\n            <div class=\"gallery-row row\">\r\n                                <div style=\"flex:1.4985014985015\">\r\n                        <img decoding=\"async\" src=\"https:\/\/www.atelierduvin.com\/wp-content\/uploads\/DeLaVigneAuJardin_StopMotion_HD-comp.gif\" alt=\"La trousse en cuir couleur sarment L'Atelier du Vin x Felco avec le tire-bouchon Bilame en zamac, le s\u00e9cateur Felco 2 et l'aiguisoir Felco 903\" loading=\"eager\" >                    <\/div>\r\n                        <\/div>\r\n    <\/div>","protected":false},"excerpt":{"rendered":"<p>Als erste Kreation der Kollektion \u201eVom Weinberg zum Garten\u201c ist das Etui von L\u2018Atelier du Vin x FELCO der perfekte Begleiter f\u00fcr Streifz\u00fcge durch Anbaugebiete erlesener Tropfen und die gr\u00fcne Idylle daheim.<\/p>\n","protected":false},"featured_media":192055,"template":"","meta":{"_acf_changed":false},"product_brand":[],"product_cat":[715,725,730,745,750,401,404,709,347,398,644,395],"product_tag":[420],"class_list":{"0":"post-193529","1":"product","2":"type-product","3":"status-publish","4":"has-post-thumbnail","6":"product_cat-vom-weinberg-zum-garten","7":"product_cat-geschenke-fur-ihn","8":"product_cat-vatertag-geschenkideen","9":"product_cat-ueber-200-euro","10":"product_cat-valentinstag-geschenkideen","11":"product_cat-luxurioese-geschenke","12":"product_cat-weinaccessoire-kollektion","13":"product_cat-lederetuis","14":"product_cat-wein-zubehoer-set","15":"product_cat-geschenke-fuer-ihn","16":"product_cat-neuheiten","17":"product_cat-alles-anzeigen","18":"product_tag-neuheiten","19":"tm-no-options","21":"first","22":"instock","23":"taxable","24":"shipping-taxable","25":"purchasable","26":"product-type-simple"},"bundled_by":[],"bundle_stock_status":"instock","bundle_stock_quantity":89,"bundle_virtual":false,"bundle_layout":"","bundle_add_to_cart_form_location":"","bundle_editable_in_cart":false,"bundle_sold_individually_context":"","bundle_item_grouping":"","bundle_min_size":"","bundle_max_size":"","bundle_price":[],"bundled_items":[],"bundle_sell_ids":[151017,151004],"acf":[],"df_price":541.67,"df_sale_price":"","df_regular_price":541.67,"df_image_link":"https:\/\/www.atelierduvin.com\/wp-content\/uploads\/ADV_DeLaVigneAuJardin_FELCO_12_HD-450x450.jpg","_links":{"self":[{"href":"https:\/\/www.atelierduvin.com\/de\/wp-json\/wp\/v2\/product\/193529","targetHints":{"allow":["GET"]}}],"collection":[{"href":"https:\/\/www.atelierduvin.com\/de\/wp-json\/wp\/v2\/product"}],"about":[{"href":"https:\/\/www.atelierduvin.com\/de\/wp-json\/wp\/v2\/types\/product"}],"wp:featuredmedia":[{"embeddable":true,"href":"https:\/\/www.atelierduvin.com\/de\/wp-json\/wp\/v2\/media\/192055"}],"wp:attachment":[{"href":"https:\/\/www.atelierduvin.com\/de\/wp-json\/wp\/v2\/media?parent=193529"}],"wp:term":[{"taxonomy":"product_brand","embeddable":true,"href":"https:\/\/www.atelierduvin.com\/de\/wp-json\/wp\/v2\/product_brand?post=193529"},{"taxonomy":"product_cat","embeddable":true,"href":"https:\/\/www.atelierduvin.com\/de\/wp-json\/wp\/v2\/product_cat?post=193529"},{"taxonomy":"product_tag","embeddable":true,"href":"https:\/\/www.atelierduvin.com\/de\/wp-json\/wp\/v2\/product_tag?post=193529"}],"curies":[{"name":"wp","href":"https:\/\/api.w.org\/{rel}","templated":true}]}}