{"id":193440,"date":"2024-01-10T11:11:29","date_gmt":"2024-01-10T10:11:29","guid":{"rendered":"https:\/\/www.refonte-adv.votre-projet.com\/product\/le-vigneron-black\/"},"modified":"2026-05-11T12:01:22","modified_gmt":"2026-05-11T10:01:22","slug":"le-vigneron-black","status":"publish","type":"product","link":"https:\/\/www.atelierduvin.com\/de\/produkt\/le-vigneron-black\/","title":{"rendered":"Le Vigneron &#8211; Black"},"content":{"rendered":"\n<h2 class=\"wp-block-heading\">Der Korkenzieher in T-Form vereint Einfachheit und Robustheit.<\/h2>\n\n\n\n<p><b>Schlichte Formgebung.<\/b>&nbsp;<b>Elegantes Design.<\/b>&nbsp;Bew\u00e4hrte&nbsp;<b>Funktionalit\u00e4t<\/b>. Der T-Korkenzieher \u201eLe Vigneron\u201c wird Ihnen auf Anhieb gefallen.<\/p>\n\n\n\n<p>Die&nbsp;<b>Spindel<\/b>, das Herzst\u00fcck des Werkzeugs, l\u00e4sst sich leicht in den Korken einf\u00fchren und Sie k\u00f6nnen ihn ebenso m\u00fchelos herausziehen. Beim Design dieses klassischen Korkenziehers wurde jedes Detail durchdacht, um Ihnen eine optimale Erfahrung zu bieten. Dank seiner ergonomischen Form liegt der T-Korkenzieher bequem und sicher in der Hand. Dar\u00fcber hinaus machen ihn die hochwertigen Materialien&nbsp;<b>au\u00dfergew\u00f6hnlich<\/b>&nbsp;<b>haltbar<\/b>&nbsp;und verschlei\u00dffest.<\/p>\n\n\n\n<p>Das&nbsp;<b>minimalistische Design<\/b>&nbsp;des T-Korkenziehers besticht durch Schlichtheit und Eleganz. \u00c4hnlich wie der Kapselheber&nbsp;\u201eLe Brasseur\u201c&nbsp;tr\u00e4gt er einen&nbsp;<b>eleganten und raffinierten<\/b>&nbsp;Rock. Das Duo aus diesen beiden Werkzeugen steht f\u00fcr die Vision von L\u2019Atelier du Vin: Wir wollen Weinaccessoires anbieten, die&nbsp;<b>ebenso sch\u00f6n wie funktional<\/b>&nbsp;sind.<\/p>\n\n\n    <div class=\"separator mobile-hidden\" style=\"height:40px\"><\/div>\r\n    <div class=\"separator laptop-hidden\" style=\"height:20px\"><\/div>\r\n\n\n<div class=\"gallery\">\r\n            <div class=\"gallery-row row\">\r\n                                <div style=\"flex:1.25\">\r\n                        <img decoding=\"async\" src=\"https:\/\/www.atelierduvin.com\/wp-content\/uploads\/LeVigneron_ambiance_01_paysage_HD.jpg\" alt=\"Tire-bouchon en T Le Vigneron pr\u00e9sent\u00e9 sur une pierre avec en arri\u00e8re plan quelques raisins verts\" loading=\"eager\" >                    <\/div>\r\n                        <\/div>\r\n    <\/div>\n\n\n<h2 class=\"wp-block-heading\">Ein Korkenzieher, der die Jahrhunderte \u00fcberdauert<\/h2>\n\n\n\n<p>Die&nbsp;Geschichte des Korkenziehers&nbsp;begann im 17. Jahrhundert, als es \u00fcblich wurde, Flaschen mit Korken zu verschlie\u00dfen. Inspiriert von medizinischen Instrumenten zum&nbsp;<b>Entfernen von Gewehrkugeln,<\/b>&nbsp;entwickelte sich der T-Korkenzieher zu einem wichtigen Accessoire, das Einfachheit,&nbsp;<b>Robustheit<\/b>&nbsp;und&nbsp;<b>Funktionalit\u00e4t<\/b>&nbsp;vereint. Heute symbolisiert er das perfekte Gleichgewicht zwischen Tradition und Innovation in der Kunst der Weinverkostung.<\/p>\n\n\n\n<p>Dieser traditionelle Korkenzieher wird von Sommeliers und Weinliebhabern verwendet. Er ist ein unverzichtbares Werkzeug, mit dem Sie jede Flasche garantiert sanft und m\u00fchelos \u00f6ffnen, um den Wein in vollen Z\u00fcgen zu genie\u00dfen.<\/p>\n\n\n    <div class=\"separator mobile-hidden\" style=\"height:40px\"><\/div>\r\n    <div class=\"separator laptop-hidden\" style=\"height:20px\"><\/div>\r\n\n\n<div class=\"gallery\">\r\n            <div class=\"gallery-row row\">\r\n                                <div style=\"flex:0.8\">\r\n                        <img decoding=\"async\" src=\"https:\/\/www.atelierduvin.com\/wp-content\/uploads\/240918_ADV_CHAMPAGNE_0154-2.jpg\" alt=\"\" loading=\"eager\" >                    <\/div>\r\n                                    <div style=\"flex:0.75\">\r\n                        <img decoding=\"async\" src=\"https:\/\/www.atelierduvin.com\/wp-content\/uploads\/Le-Vigneron_champagne.jpg\" alt=\"\" loading=\"eager\" >                    <\/div>\r\n                        <\/div>\r\n    <\/div>\n\n\n<h2 class=\"wp-block-heading\">Am Tisch des Winzers<\/h2>\n\n\n\n<p>Die Handhabung ist&nbsp;<b>nat\u00fcrlich<\/b>&nbsp;und&nbsp;<b>pr\u00e4zise.<\/b>&nbsp;Der von dem bekannten Designer&nbsp;<b>Marc Venot<\/b>&nbsp;entworfene Korkenzieher \u201eLe Vigneron\u201c ist ein perfektes Beispiel f\u00fcr seine Philosophie: die der rechte Zweck f\u00fcr einen Gegenstand, den man lange beh\u00e4lt.<\/p>\n\n\n\n<p>Der&nbsp;<b>Corpus aus Edelstahl mit PVD-Beschichtung<\/b>&nbsp;garantiert eine au\u00dfergew\u00f6hnliche Langlebigkeit. Mit seiner zeitlosen Eleganz findet \u201eLe Vigneron\u201c seinen Platz auf jedem Tisch und verleiht jedem Anlass einen Hauch von&nbsp;<b>Raffinesse<\/b>.<\/p>\n\n\n\n<p>Zum Schutz empfindlicher Oberfl\u00e4chen ist der&nbsp;<b>T-Korkenzieher&nbsp;<\/b>\u201eLe Vigneron\u201c mit einem Gleitst\u00fcck aus wasserfestem Kunstleder ausgestattet. Dies sorgt f\u00fcr ein&nbsp;<b>sanftes und sicheres Aufsetzen<\/b>&nbsp;auf Glastische oder andere edle Oberfl\u00e4chen und verhindert Kratzer oder Besch\u00e4digungen.<\/p>\n\n\n\n<p>Mit diesem T-Korkenzieher wird jedes \u00d6ffnen einer Flasche zu einem Ritual, das von Respekt f\u00fcr den Wein und seine Geschichte zeugt. Der T-Korkenzieher ist nicht nur ein&nbsp;<b>praktisches Werkzeug,<\/b>&nbsp;sondern auch ein Kunstwerk, das Ihre Weinprobe in ein erhabenes Erlebnis verwandelt. Wenn Sie \u201eLe Vigneron\u201c verwenden, entscheiden Sie sich f\u00fcr&nbsp;<b>Nachhaltigkeit<\/b>&nbsp;und&nbsp;<b>Authentizit\u00e4t<\/b> und w\u00fcrdigen gleichzeitig die Traditionen des Weinbaus.<\/p>\n\n\n    <div class=\"separator mobile-hidden\" style=\"height:40px\"><\/div>\r\n    <div class=\"separator laptop-hidden\" style=\"height:20px\"><\/div>\r\n\n\n<div class=\"gallery\">\r\n            <div class=\"gallery-row row\">\r\n                                <div style=\"flex:1.25\">\r\n                        <img decoding=\"async\" src=\"https:\/\/www.atelierduvin.com\/wp-content\/uploads\/240918_ADV_CHAMPAGNE_0412-1.jpg\" alt=\"Le Vigneron - Black pos\u00e9 sur un 4x4 devant un paysage de vigne\" loading=\"eager\" >                    <\/div>\r\n                        <\/div>\r\n    <\/div>\n\n<div class=\"acc-head\">\r\n    <p>\r\n        Eigenschaften    <\/p>\r\n    <div class=\"acc-icon\">\r\n        <div class=\"ico-minus\"><\/div>\r\n        <div class=\"ico-plus\"><\/div>\r\n    <\/div>\r\n<\/div>\r\n<div class=\"acc-body\">\r\n    <div class=\"acc-content\">\r\n        <p>Nicht auf feuchte Oberfl\u00e4chen legen.<\/p>\n<p>Von Hand mit einem weichen Lappen reinigen.<\/p>\n<p>Au\u00dferhalb der Reichweite von Kindern aufbewahren. <\/p>\n    <\/div>\r\n<\/div>\n\n<div class=\"acc-head\">\r\n    <p>\r\n        Finish    <\/p>\r\n    <div class=\"acc-icon\">\r\n        <div class=\"ico-minus\"><\/div>\r\n        <div class=\"ico-plus\"><\/div>\r\n    <\/div>\r\n<\/div>\r\n<div class=\"acc-body\">\r\n    <div class=\"acc-content\">\r\n        <p>Jedes St\u00fcck ist ein Unikat: Kleine Unebenheiten sind normal.<br \/>\nDie Oberfl\u00e4che der Spindel kann sich im Laufe der Zeit durch die Benutzung ver\u00e4ndern.<\/p>\n    <\/div>\r\n<\/div>","protected":false},"excerpt":{"rendered":"<p><span style=\"font-weight: 400;\">\u201eLe Vigneron\u201c ist f\u00fcr jeden Tisch geeignet und zieht den Korken m\u00fchelos aus jeder Flasche.<\/span><\/p>\n","protected":false},"featured_media":188538,"template":"","meta":{"_acf_changed":true},"product_brand":[],"product_cat":[718,730,742,404,348],"product_tag":[],"class_list":{"0":"post-193440","1":"product","2":"type-product","3":"status-publish","4":"has-post-thumbnail","6":"product_cat-die-speziellen","7":"product_cat-vatertag-geschenkideen","8":"product_cat-unter-100-euro","9":"product_cat-weinaccessoire-kollektion","10":"product_cat-korkenzieher","11":"tm-no-options","13":"first","14":"instock","15":"taxable","16":"shipping-taxable","17":"purchasable","18":"product-type-simple"},"bundled_by":[],"bundle_stock_status":"instock","bundle_stock_quantity":2143,"bundle_virtual":false,"bundle_layout":"","bundle_add_to_cart_form_location":"","bundle_editable_in_cart":false,"bundle_sold_individually_context":"","bundle_item_grouping":"","bundle_min_size":"","bundle_max_size":"","bundle_price":[],"bundled_items":[],"bundle_sell_ids":[151017,151004],"acf":[],"df_price":62.5,"df_sale_price":"","df_regular_price":62.5,"df_image_link":"https:\/\/www.atelierduvin.com\/wp-content\/uploads\/LeVigneron_seul_ouvert-450x450.jpg","_links":{"self":[{"href":"https:\/\/www.atelierduvin.com\/de\/wp-json\/wp\/v2\/product\/193440","targetHints":{"allow":["GET"]}}],"collection":[{"href":"https:\/\/www.atelierduvin.com\/de\/wp-json\/wp\/v2\/product"}],"about":[{"href":"https:\/\/www.atelierduvin.com\/de\/wp-json\/wp\/v2\/types\/product"}],"wp:featuredmedia":[{"embeddable":true,"href":"https:\/\/www.atelierduvin.com\/de\/wp-json\/wp\/v2\/media\/188538"}],"wp:attachment":[{"href":"https:\/\/www.atelierduvin.com\/de\/wp-json\/wp\/v2\/media?parent=193440"}],"wp:term":[{"taxonomy":"product_brand","embeddable":true,"href":"https:\/\/www.atelierduvin.com\/de\/wp-json\/wp\/v2\/product_brand?post=193440"},{"taxonomy":"product_cat","embeddable":true,"href":"https:\/\/www.atelierduvin.com\/de\/wp-json\/wp\/v2\/product_cat?post=193440"},{"taxonomy":"product_tag","embeddable":true,"href":"https:\/\/www.atelierduvin.com\/de\/wp-json\/wp\/v2\/product_tag?post=193440"}],"curies":[{"name":"wp","href":"https:\/\/api.w.org\/{rel}","templated":true}]}}