{"id":190530,"date":"2024-01-10T11:28:07","date_gmt":"2024-01-10T10:28:07","guid":{"rendered":"https:\/\/www.refonte-adv.votre-projet.com\/product\/bubble-cork-black\/"},"modified":"2026-05-11T12:00:47","modified_gmt":"2026-05-11T10:00:47","slug":"bubble-cork-black","status":"publish","type":"product","link":"https:\/\/www.atelierduvin.com\/de\/produkt\/bubble-cork-black\/","title":{"rendered":"Bubble Cork &#8211; Black"},"content":{"rendered":"\n<h2 class=\"wp-block-heading\">Ein charakterstarkes Design\n<\/h2>\n\n\n\n<p>Die markante schwarze Marmorbasis mit ihren klaren Linien macht unseren eleganten Verschluss zu einem wahren Kunstwerk f\u00fcr Ihr Zuhause. Er wurde an die Form eines echten Champagnerkorkens angelehnt und besticht gleicherma\u00dfen durch Funktionalit\u00e4t und Design.<\/p>\n\n\n\n<p>Chaque bouchon est une \u0153uvre d\u2019art unique, con\u00e7ue pour rehausser l\u2019exp\u00e9rience du champagne et des vins p\u00e9tillants. Enracin\u00e9 dans l\u2019artisanat de luxe, le Bubble Cork est un hommage \u00e0 la singularit\u00e9, parfait pour ceux qui cherchent \u00e0 agr\u00e9menter leur collection d\u2019accessoires de sommellerie ou pour offrir un cadeau m\u00e9morable qui allie finesse et fonctionnalit\u00e9.<\/p>\n\n\n    <div class=\"separator mobile-hidden\" style=\"height:40px\"><\/div>\r\n    <div class=\"separator laptop-hidden\" style=\"height:20px\"><\/div>\r\n\n\n\n<h2 class=\"wp-block-heading\">Unser raffinierter Champagner- und Sektverschluss bewahrt die Frische und das Aroma Ihres kostbaren Getr\u00e4nks.<\/h2>\n\n\n\n<p>Der Champagner-Verschluss \u00fcbernimmt eine wichtige Rolle bei der Wertsch\u00e4tzung und dem Erhalt Ihres kostbaren Getr\u00e4nks. Der Bubble Cork ist ein unverzichtbares Accessoire, mit dem Sie den funkelnden Charakter Ihrer wertvollsten Flaschen bewahren.<\/p>\n\n\n\n<p>Eine ge\u00f6ffnete Champagner- oder Sektflasche muss fest verschlossen werden, damit die charakteristischen Perlen, der Ausdruck f\u00fcr Feierlichkeit und Frische, erhalten bleiben.<\/p>\n\n\n\n<p>Der Verschluss dichtet die Flasche hermetisch gegen das Eindringen von Sauerstoff ab. Gleichzeitig wird der f\u00fcr die Bewahrung der Perlen erforderliche Druck aufrechterhalten. Ohne dieses typische Perlen verlieren Champagner, Prosecco und Sekt schnell an Charakter und seinen unverwechselbaren Geschmack. Ganz gleich, ob Sie ein Champagner-Connaisseur, ein Prosecco-Liebhaber oder einfach Fan von prickelnden K\u00f6stlichkeiten sind \u2013 der Bubble Cork ist Ihr bester Freund, wenn es darum geht, Ihre Geschmacksknospen mit jedem Schluck zu verw\u00f6hnen.<\/p>\n\n\n    <div class=\"separator mobile-hidden\" style=\"height:40px\"><\/div>\r\n    <div class=\"separator laptop-hidden\" style=\"height:20px\"><\/div>\r\n\n\n\n<h2 class=\"wp-block-heading\">Mechanik nach modernster Handwerkskunst<\/h2>\n\n\n\n<p>Durch den Mechanismus l\u00e4sst sich der untere Teil des Champagner-Verschlusses vollst\u00e4ndig in die Flasche schrauben und gew\u00e4hrleistet die hermetische Abdichtung. Ihr Champagner, Prosecco oder Sekt beh\u00e4lt seine Spritzigkeit bis zu drei Tage lang und Sie k\u00f6nnen ihn an mehr als nur einem Abend genie\u00dfen \u2013 k\u00f6stlich bis zum letzten Tropfen.<\/p>\n\n\n    <div class=\"separator mobile-hidden\" style=\"height:40px\"><\/div>\r\n    <div class=\"separator laptop-hidden\" style=\"height:20px\"><\/div>\r\n\n\n\n<h2 class=\"wp-block-heading\">Gebrauchsanweisung<\/h2>\n\n\n\n<p>Vor dem Einf\u00fchren in die Flasche muss der Bubble Cork Champagner-Verschluss ganz herausgeschraubt sein. Setzen Sie den Verschluss auf den Flaschenhals und schrauben Sie den oberen Teil fest, w\u00e4hrend Sie den unteren Teil festhalten. Zum Abnehmen halten Sie den unteren Teil des Verschlusses fest und schrauben den oberen Teil vollst\u00e4ndig heraus.<\/p>\n\n\n    <div class=\"separator mobile-hidden\" style=\"height:40px\"><\/div>\r\n    <div class=\"separator laptop-hidden\" style=\"height:20px\"><\/div>\r\n\n\n    <div class=\"video-block-container\">\r\n                    <iframe loading=\"lazy\"\r\n                    width=\"100%\"\r\n                    height=\"100%\"\r\n                    allow=\"autoplay; fullscreen\"\r\n                    class=\"embed-player slide-media\"\r\n                    src=\"https:\/\/player.vimeo.com\/video\/1093962470\"\r\n                    data-ready=\"true\">\r\n            <\/iframe>\r\n            <\/div>\r\n\n\n    <div class=\"separator mobile-hidden\" style=\"height:40px\"><\/div>\r\n    <div class=\"separator laptop-hidden\" style=\"height:20px\"><\/div>\r\n\n\n<div class=\"acc-head\">\r\n    <p>\r\n        Eigenschaften    <\/p>\r\n    <div class=\"acc-icon\">\r\n        <div class=\"ico-minus\"><\/div>\r\n        <div class=\"ico-plus\"><\/div>\r\n    <\/div>\r\n<\/div>\r\n<div class=\"acc-body\">\r\n    <div class=\"acc-content\">\r\n        <p>Der Bubble Cork setzt sich aus dem Verschluss und der Marmorbasis zusammen.<\/p>\n<p>Pflegehinweise: Der untere Teil des Champagner-Verschlusses kann von Hand in lauwarmem Wasser abgesp\u00fclt werden. Die Marmorbasis sollte nicht mit Wasser in Ber\u00fchrung kommen.<\/p>\n    <\/div>\r\n<\/div>\n\n<div class=\"acc-head\">\r\n    <p>\r\n        Finish    <\/p>\r\n    <div class=\"acc-icon\">\r\n        <div class=\"ico-minus\"><\/div>\r\n        <div class=\"ico-plus\"><\/div>\r\n    <\/div>\r\n<\/div>\r\n<div class=\"acc-body\">\r\n    <div class=\"acc-content\">\r\n        <p>Basis aus echtem Marmor.<br \/>\nJedes Teil ist ein Unikat.<\/p>\n    <\/div>\r\n<\/div>","protected":false},"excerpt":{"rendered":"<p><span style=\"font-weight: 400;\">Der hochwertige Verschluss Bubble Cork &#8211; Black von L&#8217;Atelier du Vin bewahrt das kostbare Perlen von Champagner, Prosecco und Sekt.<\/span><\/p>\n","protected":false},"featured_media":188569,"template":"","meta":{"_acf_changed":true},"product_brand":[],"product_cat":[382,730,743,404,401,644,351],"product_tag":[420],"class_list":{"0":"post-190530","1":"product","2":"type-product","3":"status-publish","4":"has-post-thumbnail","6":"product_cat-sektverschluss","7":"product_cat-vatertag-geschenkideen","8":"product_cat-unter-150-euro","9":"product_cat-weinaccessoire-kollektion","10":"product_cat-luxurioese-geschenke","11":"product_cat-neuheiten","12":"product_cat-flaschenverschlusse_und_aufbewahrung","13":"product_tag-neuheiten","14":"tm-no-options","16":"first","17":"instock","18":"taxable","19":"shipping-taxable","20":"purchasable","21":"product-type-simple"},"bundled_by":[],"bundle_stock_status":"instock","bundle_stock_quantity":785,"bundle_virtual":false,"bundle_layout":"","bundle_add_to_cart_form_location":"","bundle_editable_in_cart":false,"bundle_sold_individually_context":"","bundle_item_grouping":"","bundle_min_size":"","bundle_max_size":"","bundle_price":[],"bundled_items":[],"bundle_sell_ids":[151004,151017],"acf":[],"df_price":116.67,"df_sale_price":"","df_regular_price":116.67,"df_image_link":"https:\/\/www.atelierduvin.com\/wp-content\/uploads\/BubbleCork_black_cube_face-450x450.jpg","_links":{"self":[{"href":"https:\/\/www.atelierduvin.com\/de\/wp-json\/wp\/v2\/product\/190530","targetHints":{"allow":["GET"]}}],"collection":[{"href":"https:\/\/www.atelierduvin.com\/de\/wp-json\/wp\/v2\/product"}],"about":[{"href":"https:\/\/www.atelierduvin.com\/de\/wp-json\/wp\/v2\/types\/product"}],"wp:featuredmedia":[{"embeddable":true,"href":"https:\/\/www.atelierduvin.com\/de\/wp-json\/wp\/v2\/media\/188569"}],"wp:attachment":[{"href":"https:\/\/www.atelierduvin.com\/de\/wp-json\/wp\/v2\/media?parent=190530"}],"wp:term":[{"taxonomy":"product_brand","embeddable":true,"href":"https:\/\/www.atelierduvin.com\/de\/wp-json\/wp\/v2\/product_brand?post=190530"},{"taxonomy":"product_cat","embeddable":true,"href":"https:\/\/www.atelierduvin.com\/de\/wp-json\/wp\/v2\/product_cat?post=190530"},{"taxonomy":"product_tag","embeddable":true,"href":"https:\/\/www.atelierduvin.com\/de\/wp-json\/wp\/v2\/product_tag?post=190530"}],"curies":[{"name":"wp","href":"https:\/\/api.w.org\/{rel}","templated":true}]}}