{"id":189114,"date":"2024-01-11T11:28:30","date_gmt":"2024-01-11T10:28:30","guid":{"rendered":"https:\/\/www.refonte-adv.votre-projet.com\/product\/bubbles-celebration-la-collection\/"},"modified":"2026-05-11T12:01:22","modified_gmt":"2026-05-11T10:01:22","slug":"bubbles-celebration-la-collection","status":"publish","type":"product","link":"https:\/\/www.atelierduvin.com\/de\/produkt\/bubbles-celebration-la-collection\/","title":{"rendered":"Bubbles Celebration &#8211; La Collection"},"content":{"rendered":"\n<h2 class=\"wp-block-heading\">Monica Guggisberg und Philip Baldwin haben der klassischen Fl\u00f6te einen modernen Anstrich verpasst.<\/h2>\n\n<p><strong><a href=\"https:\/\/www.atelierduvin.com\/monica-guggisberg-et-philip-baldwin\/\">Monica Guggisberg et Philip Baldwin<\/a><\/strong>, c\u00e9l\u00e8bres designers artistes de renomm\u00e9e internationale, collaborent depuis quarante ans pour cr\u00e9er une harmonie unique entre l\u2019esprit et le corps \u00e0 travers leur art. Ils choisissent de s\u2019exprimer principalement \u00e0 travers le verre, qui est devenu un symbole distinctif de leur travail au fil des ann\u00e9es.<\/p>\n    <div class=\"separator mobile-hidden\" style=\"height:40px\"><\/div>\r\n    <div class=\"separator laptop-hidden\" style=\"height:20px\"><\/div>\r\n<div class=\"gallery\">\r\n            <div class=\"gallery-row row\">\r\n                                <div style=\"flex:1.5\">\r\n                        <img decoding=\"async\" src=\"https:\/\/www.atelierduvin.com\/wp-content\/uploads\/Venise-Bubbles-Celebration-La-Collection.jpg\" alt=\"\" loading=\"eager\" >                    <\/div>\r\n                        <\/div>\r\n    <\/div>\n<h3 class=\"wp-block-heading\">Unverwechselbare Champagnerfl\u00f6ten f\u00fcr festliche Anl\u00e4sse.<\/h3>\n\n<p>In der Geschenkbox \u201eBubbles Celebration\u201c werden diese acht exklusiven Gl\u00e4ser elegant pr\u00e4sentiert. Jede Champagnerfl\u00f6te wartet mit ihrer eigenen Geschichte auf. Sie erz\u00e4hlt von traditioneller Handwerkskunst und modernem Design.<\/p>\n\n<p>Diese exklusiven Fl\u00f6ten wurden mit \u00e4u\u00dferster Pr\u00e4zision und nach alter Handwerkskunst manuell gefertigt. Sie reflektieren die Sch\u00f6nheit und Komplexit\u00e4t der Glasherstellung. Jede einzelne Champagnerfl\u00f6te aus der Kollektion \u201eBubbles Celebration\u201c ist von einem Meister der Glasmacherkunst mundgeblasen. Jedes Glas ist ein Unikat mit eigener Seriennummer zum Beweis seiner Individualit\u00e4t.<\/p>\n\n<p>Die klassische Champagnerfl\u00f6te erscheint durch diese kreative Interpretation in v\u00f6llig neuer Gestalt: Die traditionelle tulpenf\u00f6rmige Silhouette weicht einer klaren, modernen Form. Das Ergebnis ist ein schlanker und aufs Wesentliche reduzierter Kegel. An die Stelle des klassischen geraden Stiels tritt als Blickfang die Kugel. Sie symbolisiert eine Champagnerperle aus transparentem, zart gef\u00e4rbtem Glas.<\/p>\n\n<p>Die Champagnerfl\u00f6ten aus der Kollektion \u201eBubbles Celebration\u201c werden in einer eleganten Geschenkbox pr\u00e4sentiert. Sie sind mehr als nur ein Zeugnis der Glasmacherkunst, sie schlagen auch eine Br\u00fccke zwischen Tradition und Moderne, zwischen Handwerk und Kunst. F\u00fcr diese Fl\u00f6ten haben wir eine exklusive Farbpalette gew\u00e4hlt. Sie bezaubert ebenso durch ihre Feinheit wie durch ihre Raffinesse und umfasst acht exquisite Farbt\u00f6ne.<\/p>\n    <div class=\"separator mobile-hidden\" style=\"height:40px\"><\/div>\r\n    <div class=\"separator laptop-hidden\" style=\"height:20px\"><\/div>\r\n<div class=\"gallery\">\r\n            <div class=\"gallery-row row\">\r\n                                <div style=\"flex:1.5\">\r\n                        <img decoding=\"async\" src=\"https:\/\/www.atelierduvin.com\/wp-content\/uploads\/Venise-Bubbles-Celebration-La-Collection-2.jpg\" alt=\"\" loading=\"eager\" >                    <\/div>\r\n                        <\/div>\r\n    <\/div>\n<h3 class=\"wp-block-heading\">Eine Kollektion bestehend aus acht Fl\u00f6ten, pr\u00e4sentiert in einer eleganten, hochwertigen Geschenkbox.<\/h3>\n\n<p>Die Geschenkbox \u201eBubbles Celebration\u201c ist mehr als nur eine Kollektion. Sie steht f\u00fcr die hohe Kunst der Glasherstellung und liefert einen fesselnden Einblick in die Welt der Tafelkultur, bei der nur noch die Liebe zum Detail z\u00e4hlt.<\/p>\n\n<p>Die raffinierte Geschenkbox pr\u00e4sentiert auf elegante Weise acht sorgf\u00e4ltig angeordnete Champagnerfl\u00f6ten, die in ihrer Sch\u00f6nheit und Einzigartigkeit um die Wette strahlen. Ob als Liebhaberst\u00fccke f\u00fcr Sammler oder als au\u00dfergew\u00f6hnliches Geschenk \u2013 dieses Set verk\u00f6rpert gleicherma\u00dfen die Kunst der Glasherstellung wie die Leidenschaft f\u00fcr Design und verspricht, jedes Ansto\u00dfen zu einem unvergesslichen Moment zu machen.<\/p>\n    <div class=\"separator mobile-hidden\" style=\"height:40px\"><\/div>\r\n    <div class=\"separator laptop-hidden\" style=\"height:20px\"><\/div>\r\n<div class=\"acc-head\">\r\n    <p>\r\n        Eigenschaften    <\/p>\r\n    <div class=\"acc-icon\">\r\n        <div class=\"ico-minus\"><\/div>\r\n        <div class=\"ico-plus\"><\/div>\r\n    <\/div>\r\n<\/div>\r\n<div class=\"acc-body\">\r\n    <div class=\"acc-content\">\r\n        <p>Die gesamte Kollektion wurde nach den strengen Vorgaben der Designer mundgeblasen.<br \/>\nNur von Hand mit einem weichen Lappen sp\u00fclen, keinesfalls mit einem Scheuertuch.<br \/>\nElegante Geschenkbox mit zwei Schubf\u00e4chern zu je vier Fl\u00f6ten.<\/p>\n<p>Fassungsverm\u00f6gen: 20 cl<br \/>\nH\u00f6he: 20 cm<br \/>\nDurchmesser: 7 cm<\/p>\n    <\/div>\r\n<\/div><div class=\"acc-head\">\r\n    <p>\r\n        Finish    <\/p>\r\n    <div class=\"acc-icon\">\r\n        <div class=\"ico-minus\"><\/div>\r\n        <div class=\"ico-plus\"><\/div>\r\n    <\/div>\r\n<\/div>\r\n<div class=\"acc-body\">\r\n    <div class=\"acc-content\">\r\n        <p>Jedes St\u00fcck ist ein Unikat mit einer eigenen Seriennummer.<br \/>\nPigmentiertes Glas.<\/p>\n<p>Farben: Sortiment mit acht dezenten Farben \u2013 K\u00fclbel in zwei Blaut\u00f6nen.<\/p>\n    <\/div>\r\n<\/div>    <div class=\"separator mobile-hidden\" style=\"height:40px\"><\/div>\r\n    <div class=\"separator laptop-hidden\" style=\"height:20px\"><\/div>\r\n\n<h2 class=\"wp-block-heading\">Gut zu wissen<\/h2>\n\n<p><em>Champagnerfl\u00f6ten zeichnen sich durch ihre lange, schmale Form aus. Dadurch perlt der Champagner l\u00e4nger und sein Aroma kommt besser zur Geltung. Dank der l\u00e4nglichen Form halten sich die Perlen l\u00e4nger und die feinen Aromen konzentrieren sich am oberen Rand des Glases. Hierdurch wird das Geruchserlebnis kurz vor der Verkostung intensiviert.<\/em><\/p>\n\n<p><em>Champagnergl\u00e4ser oder -schalen hingegen sind breit und flach. Sie lassen den Champagner rascher atmen, wodurch zwar die Aromen freigesetzt werden, die Perlen sich aber auch schneller abbauen. Sie sind die ideale Wahl f\u00fcr Champagner-Cocktails. Wenn es jedoch auf ungetr\u00fcbten Genuss von hochwertigem Champagner ankommt, entscheiden die Puristen sich f\u00fcr Fl\u00f6ten.<\/em><\/p>\n","protected":false},"excerpt":{"rendered":"<p><span style=\"font-weight: 400;\">Mit unseren Champagnerfl\u00f6ten der Kollektion \u201eBubbles Celebration\u201c betreten Sie eine au\u00dfergew\u00f6hnliche Genusswelt mit einem v\u00f6llig neuen Geschmackserlebnis.<\/span><\/p>\n","protected":false},"featured_media":188708,"template":"","meta":{"_acf_changed":false},"product_brand":[],"product_cat":[380,752,404,350],"product_tag":[],"class_list":{"0":"post-189114","1":"product","2":"type-product","3":"status-publish","4":"has-post-thumbnail","6":"product_cat-weinglaeser-und-verkostungsglaeser","7":"product_cat-geschenke-fur-sie","8":"product_cat-weinaccessoire-kollektion","9":"product_cat-glaser_und_karaffen","10":"tm-no-options","12":"first","13":"instock","14":"taxable","15":"shipping-taxable","16":"purchasable","17":"product-type-simple"},"bundled_by":[],"bundle_stock_status":"instock","bundle_stock_quantity":655,"bundle_virtual":false,"bundle_layout":"","bundle_add_to_cart_form_location":"","bundle_editable_in_cart":false,"bundle_sold_individually_context":"","bundle_item_grouping":"","bundle_min_size":"","bundle_max_size":"","bundle_price":[],"bundled_items":[],"bundle_sell_ids":[151004,151017],"acf":[],"df_price":458.33,"df_sale_price":"","df_regular_price":458.33,"df_image_link":"https:\/\/www.atelierduvin.com\/wp-content\/uploads\/BubblesCelebration_laCollection_verres_HD-1-450x450.jpg","_links":{"self":[{"href":"https:\/\/www.atelierduvin.com\/de\/wp-json\/wp\/v2\/product\/189114","targetHints":{"allow":["GET"]}}],"collection":[{"href":"https:\/\/www.atelierduvin.com\/de\/wp-json\/wp\/v2\/product"}],"about":[{"href":"https:\/\/www.atelierduvin.com\/de\/wp-json\/wp\/v2\/types\/product"}],"wp:featuredmedia":[{"embeddable":true,"href":"https:\/\/www.atelierduvin.com\/de\/wp-json\/wp\/v2\/media\/188708"}],"wp:attachment":[{"href":"https:\/\/www.atelierduvin.com\/de\/wp-json\/wp\/v2\/media?parent=189114"}],"wp:term":[{"taxonomy":"product_brand","embeddable":true,"href":"https:\/\/www.atelierduvin.com\/de\/wp-json\/wp\/v2\/product_brand?post=189114"},{"taxonomy":"product_cat","embeddable":true,"href":"https:\/\/www.atelierduvin.com\/de\/wp-json\/wp\/v2\/product_cat?post=189114"},{"taxonomy":"product_tag","embeddable":true,"href":"https:\/\/www.atelierduvin.com\/de\/wp-json\/wp\/v2\/product_tag?post=189114"}],"curies":[{"name":"wp","href":"https:\/\/api.w.org\/{rel}","templated":true}]}}