{"id":184873,"date":"2023-10-12T15:56:47","date_gmt":"2023-10-12T13:56:47","guid":{"rendered":"https:\/\/www.refonte-adv.votre-projet.com\/product\/bilame-craft\/"},"modified":"2026-05-11T12:01:21","modified_gmt":"2026-05-11T10:01:21","slug":"bilame-craft","status":"publish","type":"product","link":"https:\/\/www.atelierduvin.com\/de\/produkt\/bilame-craft\/","title":{"rendered":"Bilame Craft"},"content":{"rendered":"\n<p>Ein Geist, der aus der Flasche steigt. Der Zauberstab des Sommeliers. Das Rohzamak des Bilame Craft \u00ae zeugt von seiner Authentizit\u00e4t und der Geschichte dieses Kultkorkenziehers.<\/p>\n\n\n\n<p>Wie bei den Werkzeugen eines Handwerkers sch\u00fctzt sein in Italien handgefertigtes Etui aus echtem Leder seinen Mechanismus. Ohne Kraftaufwand schieben sich seine feinen Klingen zwischen den Korken und das Glas des Flaschenhalses, um eine Flasche mit einem einfachen Handgriff zu \u00f6ffnen oder wieder zu verschlie\u00dfen. Dieses seit 1949 von L\u2018Atelier du Vin patentierte \u00d6ffnungssystem erm\u00f6glicht es, den Korken herauszuziehen, ohne ihn zu durchstechen, und ihn anschlie\u00dfend wieder in den Flaschenhals zur\u00fcckzuf\u00fchren, als w\u00e4re nichts gewesen.<\/p>\n\n\n    <div class=\"separator mobile-hidden\" style=\"height:40px\"><\/div>\r\n    <div class=\"separator laptop-hidden\" style=\"height:20px\"><\/div>\r\n\n\n\n<h2 class=\"wp-block-heading\">Gebrauchsanweisung f\u00fcr den Federzungen-Korkenzieher<\/h2>\n\n\n<ul>\n<li>F\u00fchren Sie die lange Zunge zwischen dem Glas des Flaschenhalses und dem Korken ein, dann die kurze Zunge auf der anderen Seite des Korkens.<\/li>\n<li>F\u00fchren Sie in einer Pendelbewegung die beiden Zungen abwechselnd so weit wie m\u00f6glich nach unten.<\/li>\n<li>Ziehen Sie den Griff nach oben, um den Korken durch Drehen nach und nach sanft herauszul\u00f6sen.<\/li>\n<\/ul>\n\n\n    <div class=\"separator mobile-hidden\" style=\"height:40px\"><\/div>\r\n    <div class=\"separator laptop-hidden\" style=\"height:20px\"><\/div>\r\n\n\n    <div class=\"video-block-container\">\r\n                    <iframe loading=\"lazy\"\r\n                    width=\"100%\"\r\n                    height=\"100%\"\r\n                    allow=\"autoplay; fullscreen\"\r\n                    class=\"embed-player slide-media\"\r\n                    src=\"https:\/\/player.vimeo.com\/video\/60150948\"\r\n                    data-ready=\"true\">\r\n            <\/iframe>\r\n            <\/div>\r\n\n\n    <div class=\"separator mobile-hidden\" style=\"height:40px\"><\/div>\r\n    <div class=\"separator laptop-hidden\" style=\"height:20px\"><\/div>\r\n\n\n\n<h2 class=\"wp-block-heading\">Ein franz\u00f6sischer Federzungen-Korkenzieher mit Etui aus echtem Leder<\/h2>\n\n\n\n<p>Der vollst\u00e4ndig&nbsp;<strong>in Frankreich entwickelte und hergestellte&nbsp;<\/strong>Korkenzieher Bilame ist seit 1949 von der Firma Sanbri \u00ae patentiert, die Eigent\u00fcmerin der gesch\u00fctzten Marke L\u2018Atelier du Vin \u00ae ist. Der Bilame wurde von den Kellnern einst verwendet, um Flaschen zu \u00f6ffnen und wieder zu verschlie\u00dfen, ohne den Korken zu durchstechen, um ein wenig Wein aus jeder Flasche zu entnehmen. Dank seiner Ausf\u00fchrung aus Rohzamak und einem in Italien handgen\u00e4hten Lederetui ist der Bilame Craft ein echter Hingucker, ein Zeichen f\u00fcr robuste Materialien und Leidenschaft f\u00fcr&nbsp;<strong>authentisches Weinzubeh\u00f6r<\/strong>.<\/p>\n\n\n    <div class=\"separator mobile-hidden\" style=\"height:40px\"><\/div>\r\n    <div class=\"separator laptop-hidden\" style=\"height:20px\"><\/div>\r\n\n\n<div class=\"gallery\">\r\n            <div class=\"gallery-row row\">\r\n                                <div style=\"flex:1.5\">\r\n                        <img decoding=\"async\" src=\"https:\/\/www.atelierduvin.com\/wp-content\/uploads\/Venise-Bilame-Craft.jpg\" alt=\"\" loading=\"eager\" >                    <\/div>\r\n                        <\/div>\r\n    <\/div>\n\n\n<div class=\"wp-block-columns is-layout-flex wp-container-core-columns-is-layout-9d6595d7 wp-block-columns-is-layout-flex\">\n<div class=\"wp-block-column is-layout-flow wp-block-column-is-layout-flow\">\n<h3 class=\"wp-block-heading\">Ein Federzungen-Flaschen\u00f6ffner mit rohem, handgefertigtem Stil<\/h3>\n\n\n\n<p>Diese Ausgabe des&nbsp;<strong>Bilame aus Zamak<\/strong>&nbsp;ohne unn\u00f6tiges Beiwerk beeindruckt durch sein praktisches Design. Die Textur des Materials im Rohzustand spricht f\u00fcr sich selbst. Dieses langlebige Weinwerkzeug verf\u00fcgt \u00fcber einen robusten Griff, der in jeder Situation eine sichere Handhabung verspricht. Die beiden Zungen befinden sich in einem idealen Abstand zueinander, um sich pr\u00e4zise zwischen dem Korken und dem Glas des Flaschenhalses zu positionieren: ein Korkenzieher, der sich durch&nbsp;<strong>hohe technische Qualit\u00e4t und Ergonomie&nbsp;<\/strong>auszeichnet.<\/p>\n<\/div>\n\n\n\n<div class=\"wp-block-column is-layout-flow wp-block-column-is-layout-flow\">\n<h3 class=\"wp-block-heading\">Ein handgefertigtes Etui aus echtem Leder<\/h3>\n\n\n\n<p>Echte Handwerksutensilien erkennt man an ihrem stabilen und ma\u00dfgeschneiderten Etui. Das wundersch\u00f6ne in Italien mit rotem Garn handgen\u00e4hte Etui des&nbsp;<strong>Bilame Craft Korkenziehers<\/strong>&nbsp;wurde von unserer Partnerdesignerin Margherita Matticari entworfen. Die W\u00e4rme des Leders und die K\u00fchle des Metalls erg\u00e4nzen sich perfekt. Der Schutz der Federzungen wirkt sich extrem positiv auf die Langlebigkeit dieses&nbsp;<strong>professionellen Flaschen\u00f6ffners<\/strong>&nbsp;aus, der von Generation zu Generation weitergereicht werden kann.<\/p>\n<\/div>\n<\/div>\n\n\n    <div class=\"separator mobile-hidden\" style=\"height:40px\"><\/div>\r\n    <div class=\"separator laptop-hidden\" style=\"height:20px\"><\/div>\r\n\n\n\n<h3 class=\"wp-block-heading\">Ein Korkenzieher f\u00fcr Weinh\u00e4ndler, der f\u00fcr Lagerflaschen geeignet ist<\/h3>\n\n\n\n<p>Korken k\u00f6nnen mit der Zeit br\u00fcchig werden, insbesondere bei Weinen, die \u00fcber viele Jahre im Keller gelagert wurden. Um eine Besch\u00e4digung des Korkens zu vermeiden, der beim \u00d6ffnen durch eine spiralf\u00f6rmige Spindel in den edlen Tropfen eindringen k\u00f6nnte, wird die Verwendung des&nbsp;<strong>Bilame Craft Korkenziehers<\/strong>&nbsp;empfohlen. Dieses \u00f6nologische Instrument wird von Winzern, Weinh\u00e4ndlern und Sommeliers gesch\u00e4tzt, um reife Jahrgangsweine zu \u00f6ffnen, ohne ihre Korken zu durchstechen: ein&nbsp;<strong>Weinkelleraccessoire<\/strong>, das f\u00fcr viele Weinkenner unverzichtbar ist.<\/p>\n\n\n    <div class=\"separator mobile-hidden\" style=\"height:40px\"><\/div>\r\n    <div class=\"separator laptop-hidden\" style=\"height:20px\"><\/div>\r\n\n\n<div class=\"acc-head\">\r\n    <p>\r\n        Finish    <\/p>\r\n    <div class=\"acc-icon\">\r\n        <div class=\"ico-minus\"><\/div>\r\n        <div class=\"ico-plus\"><\/div>\r\n    <\/div>\r\n<\/div>\r\n<div class=\"acc-body\">\r\n    <div class=\"acc-content\">\r\n        <p>Rohes Zamac<\/p>\n    <\/div>\r\n<\/div>","protected":false},"excerpt":{"rendered":"<p>Ein Geist, der aus der Flasche steigt. Der Zauberstab des Sommeliers. Das Rohzamak des Bilame Craft \u00ae zeugt von seiner Authentizit\u00e4t.<\/p>\n","protected":false},"featured_media":198449,"template":"","meta":{"_acf_changed":true},"product_brand":[],"product_cat":[366,725,730,742,404,348,399,395],"product_tag":[],"class_list":{"0":"post-184873","1":"product","2":"type-product","3":"status-publish","4":"has-post-thumbnail","6":"product_cat-federkorkenzieher","7":"product_cat-geschenke-fur-ihn","8":"product_cat-vatertag-geschenkideen","9":"product_cat-unter-100-euro","10":"product_cat-weinaccessoire-kollektion","11":"product_cat-korkenzieher","12":"product_cat-geschenke-fuer-weinliebhaber","13":"product_cat-alles-anzeigen","14":"tm-no-options","16":"first","17":"instock","18":"taxable","19":"shipping-taxable","20":"purchasable","21":"product-type-simple"},"bundled_by":[],"bundle_stock_status":"instock","bundle_stock_quantity":152,"bundle_virtual":false,"bundle_layout":"","bundle_add_to_cart_form_location":"","bundle_editable_in_cart":false,"bundle_sold_individually_context":"","bundle_item_grouping":"","bundle_min_size":"","bundle_max_size":"","bundle_price":[],"bundled_items":[],"bundle_sell_ids":[151017,151004],"acf":[],"df_price":54.17,"df_sale_price":"","df_regular_price":54.17,"df_image_link":"https:\/\/www.atelierduvin.com\/wp-content\/uploads\/BilameCraft_etui_HD-1-450x450.jpg","_links":{"self":[{"href":"https:\/\/www.atelierduvin.com\/de\/wp-json\/wp\/v2\/product\/184873","targetHints":{"allow":["GET"]}}],"collection":[{"href":"https:\/\/www.atelierduvin.com\/de\/wp-json\/wp\/v2\/product"}],"about":[{"href":"https:\/\/www.atelierduvin.com\/de\/wp-json\/wp\/v2\/types\/product"}],"wp:featuredmedia":[{"embeddable":true,"href":"https:\/\/www.atelierduvin.com\/de\/wp-json\/wp\/v2\/media\/198449"}],"wp:attachment":[{"href":"https:\/\/www.atelierduvin.com\/de\/wp-json\/wp\/v2\/media?parent=184873"}],"wp:term":[{"taxonomy":"product_brand","embeddable":true,"href":"https:\/\/www.atelierduvin.com\/de\/wp-json\/wp\/v2\/product_brand?post=184873"},{"taxonomy":"product_cat","embeddable":true,"href":"https:\/\/www.atelierduvin.com\/de\/wp-json\/wp\/v2\/product_cat?post=184873"},{"taxonomy":"product_tag","embeddable":true,"href":"https:\/\/www.atelierduvin.com\/de\/wp-json\/wp\/v2\/product_tag?post=184873"}],"curies":[{"name":"wp","href":"https:\/\/api.w.org\/{rel}","templated":true}]}}