{"id":184825,"date":"2023-08-31T15:36:18","date_gmt":"2023-08-31T13:36:18","guid":{"rendered":"https:\/\/www.refonte-adv.votre-projet.com\/product\/up-down\/"},"modified":"2026-05-11T12:01:36","modified_gmt":"2026-05-11T10:01:36","slug":"up-down","status":"publish","type":"product","link":"https:\/\/www.atelierduvin.com\/de\/produkt\/up-down\/","title":{"rendered":"Up &#038; Down"},"content":{"rendered":"\n<p>Weinaccessoire-Duo. Faszinierender Magnetismus. Die beiden Sommelierutensilien dieses Up &amp; Down Sets begleiten Ihre Verkostung vom ersten bis zum letzten Tropfen.\nDen Anfang macht \u2013 von unten nach oben \u2013 Ihr Oeno Motion Leather&amp;Silver\u00ae Hebelkorkenzieher. Dank seines kraftvollen Mechanismus wird das Entkorken zu einem Kinderspiel. Von oben nach unten schlie\u00dft Ihr Bubble Cork Silver \u00ae Verschluss die Zeremonie ab. Er bewahrt die Spritzigkeit Ihrer Champagner- oder Perlweinflasche, damit Sie sie auch morgen noch genie\u00dfen k\u00f6nnen.<\/p>\n\n\n\n<p>In den gro\u00dfen Freudenmomenten genauso wie in ernsteren Augenblicken; sei es bei besonderen Anl\u00e4ssen oder bei einem intimeren Abendessen; manchmal \u00f6ffnet man eine Flasche, manchmal verschlie\u00dft man sie. Up &amp; Down ist das Set, das Sie beim \u00d6ffnen Ihrer sch\u00f6nsten Flaschen begleitet und gleichzeitig deren Erhaltung gew\u00e4hrleistet. Ob die Stimmung festlich oder konservativer ist, diese Weinzubeh\u00f6rteile folgen Ihren W\u00fcnschen. Das Set enth\u00e4lt zwei unverzichtbare Werkzeuge f\u00fcr Weinliebhaber.<\/p>\n\n\n\n<p>Die besten Weinwerkzeuge von L\u2019Atelier du Vin, pr\u00e4sentiert in handgefertigter Verpackung: Der&nbsp;<strong>Bubble Cork \u2013 Silver<\/strong>, mit seiner bemerkenswerten Ergonomie, garantiert die perfekte Aufbewahrung Ihrer Still- und Schaumweine wie Champagner. Der&nbsp;<strong>Oeno Motion Leather&amp;Silver<\/strong>, ein ikonisches Produkt von L\u2019Atelier du Vin, ist der Korkenzieher f\u00fcrs Leben. Er ist mit einem handgefertigten Griff ausgestattet, der mit synthetischem Leder geliefert ist und wird mit einem abnehmbaren Spiralschutz aus echtem Leder geliefert. Integrierter Kapselschneider am Korkenzieher. Ein Fl\u00e4schchen spezielles \u00d6l f\u00fcr regelm\u00e4\u00dfige Schmierung im Laufe der Jahre vervollst\u00e4ndigt das Set.<\/p>\n\n\n    <div class=\"separator mobile-hidden\" style=\"height:40px\"><\/div>\r\n    <div class=\"separator laptop-hidden\" style=\"height:20px\"><\/div>\r\n\n\n    <div class=\"video-block-container\">\r\n                    <iframe loading=\"lazy\"\r\n                    width=\"100%\"\r\n                    height=\"100%\"\r\n                    allow=\"autoplay; fullscreen\"\r\n                    class=\"embed-player slide-media\"\r\n                    src=\"https:\/\/player.vimeo.com\/video\/1091790318\"\r\n                    data-ready=\"true\">\r\n            <\/iframe>\r\n            <\/div>\r\n\n\n    <div class=\"separator mobile-hidden\" style=\"height:40px\"><\/div>\r\n    <div class=\"separator laptop-hidden\" style=\"height:20px\"><\/div>\r\n\n\n\n<h2 class=\"wp-block-heading\">Zwei au\u00dfergew\u00f6hnliche Accessoires, um Ihre Weinflaschen zu verkosten<\/h2>\n\n\n\n<p>Das&nbsp;<strong>Set<\/strong>&nbsp;<strong>Up &amp; Down&nbsp;<\/strong>zeichnet sich durch das perfekte Zusammenspiel der beiden Weinutensilien aus, die sich im Inneren verbergen. Wie die Sonne und der Mond erhellen sie Ihre Weinprobe, ohne je aufeinanderzutreffen. Zwei unfehlbare&nbsp;<strong>Sommelierwerkzeuge<\/strong>, die Eleganz und guten Geschmack mit einem Chrom- und Silberfinish kombinieren.<\/p>\n\n\n<ul>\n<li>Der Oeno Motion Leather &amp; Silver \u00ae Hebelkorkenzieher leitet den Beginn der Verkostung der ersten Flasche Stillwein ein. Der Spindelschutz aus echtem Leder ist handgen\u00e4ht.<\/li>\n<li>Der Bubble Cork Silver \u00ae Champagner-Verschluss schlie\u00dft die Zeremonie ab. Er bewahrt die Spritzigkeit Ihrer Schaumweinflasche, damit Sie sie auch morgen noch genie\u00dfen k\u00f6nnen.<\/li>\n<\/ul>\n\n\n    <div class=\"separator mobile-hidden\" style=\"height:40px\"><\/div>\r\n    <div class=\"separator laptop-hidden\" style=\"height:20px\"><\/div>\r\n\n\n\n<div class=\"wp-block-columns is-layout-flex wp-container-core-columns-is-layout-9d6595d7 wp-block-columns-is-layout-flex\">\n<div class=\"wp-block-column is-layout-flow wp-block-column-is-layout-flow\">\n<h3 class=\"wp-block-heading\">Hebelkorkenzieher Oeno Motion Leather &amp; Silver \u00ae<\/h3>\n\n\n\n<p>Das \u00d6ffnen einer Weinflasche wird mit diesem sch\u00f6nen \u00f6nologischen Instrument zu einem unvergleichlichen Ereignis. Dank seines kraftvollen und ergonomischen Mechanismus ist er einer der besten Korkenzieher der Welt. Eine einfache und intuitive Geste gen\u00fcgt und schon bohrt sich die Spiralspindel in den Korken, um diesen m\u00fchelos sanft herauszul\u00f6sen.<\/p>\n\n\n\n<p>Das \u00d6ffnen einer Flasche ist ein \u00f6nologisches Ritual, eine Hommage an die Kunst, Wein zu genie\u00dfen. Das Up &amp; Down Set enth\u00e4lt einen handgen\u00e4hten&nbsp;<strong>Spindelschutz aus echtem Leder<\/strong>&nbsp;sowie ein Fl\u00e4schchen Spezial\u00f6l zum Schmieren der mechanischen Verschlei\u00dfteile, das die Langlebigkeit des Oeno Motion Leather &amp; Silver \u00ae in Ihrer Weinwerkzeugschublade garantiert: ein Korkenzieher f\u00fcr Liebhaber, der von Generation zu Generation weitergereicht werden kann.<\/p>\n<\/div>\n\n\n\n<div class=\"wp-block-column is-layout-flow wp-block-column-is-layout-flow\">\n<h3 class=\"wp-block-heading\">Schaumweinverschluss Bubble Cork Silver \u00ae<\/h3>\n\n\n\n<p>Schaumweine sind ein Fest, das man gerne verl\u00e4ngert: Kein Tropfen sollte verloren gehen! Ein Perlwein kann bekannterma\u00dfen nicht mit seinem eigenen Korken wieder verschlossen werden, sodass eine andere L\u00f6sung gefragt ist. Und hier kommt der Bubble Cork Silver \u00ae Verschluss ins Spiel, um eine ge\u00f6ffnete, aber nicht ausgetrunkene Champagnerflasche aufzubewahren.<\/p>\n\n\n\n<p>Sein raffiniertes Design ist der harmonischen Form des Champagnerkorkens nachempfunden. Sein silbernes Glanzfinish verf\u00fchrt das Auge, als w\u00e4re die halbvolle Flasche noch sch\u00f6ner als gestern. Sitzt der Bubble Cork Silver \u00ae auf dem Flaschenhals, dringt keine Luft mehr ins Innere: Ihre Champagnerflasche beh\u00e4lt ihre Spritzigkeit bis zur n\u00e4chsten Verkostung bei. Bleiben die feinen Bl\u00e4schen erhalten, ist das Vergn\u00fcgen, ein letztes Glas Schaumwein zu genie\u00dfen, umso gr\u00f6\u00dfer.<\/p>\n<\/div>\n<\/div>\n\n\n    <div class=\"separator mobile-hidden\" style=\"height:40px\"><\/div>\r\n    <div class=\"separator laptop-hidden\" style=\"height:20px\"><\/div>\r\n\n\n    <div class=\"video-block-container\">\r\n                    <iframe loading=\"lazy\"\r\n                    width=\"100%\"\r\n                    height=\"100%\"\r\n                    allow=\"autoplay; fullscreen\"\r\n                    class=\"embed-player slide-media\"\r\n                    src=\"https:\/\/player.vimeo.com\/video\/1093962470\"\r\n                    data-ready=\"true\">\r\n            <\/iframe>\r\n            <\/div>\r\n\n\n    <div class=\"separator mobile-hidden\" style=\"height:40px\"><\/div>\r\n    <div class=\"separator laptop-hidden\" style=\"height:20px\"><\/div>\r\n\n\n\n<h2 class=\"wp-block-heading\">Ein prestigetr\u00e4chtiges Geschenkset f\u00fcr Weinkenner<\/h2>\n\n\n\n<p>M\u00f6chten Sie jemandem&nbsp;<strong>ein sch\u00f6nes Weingeschenk<\/strong>&nbsp;machen, der eine gro\u00dfe Leidenschaft f\u00fcr edle Tropfen hat? Jemandem, mit dem Sie die Verkostung gro\u00dfer Jahrgangsweine genie\u00dfen? Einer Person, die sich als Sommelier, Weinh\u00e4ndler, Winzer sowie Sammler von Weinwerkzeugen und sch\u00f6nen Dingen hervortut?<\/p>\n\n\n\n<p>In dieser Sonderedition enth\u00e4lt das Up &amp; Down Weinset einen&nbsp;<strong>luxuri\u00f6sen Korkenzieher<\/strong>&nbsp;und einen&nbsp;<strong>au\u00dfergew\u00f6hnlichen Verschluss<\/strong>, zwei Sommelier-Accessoires aus verchromtem Metall, die er oder sie ein ganzes Leben lang behalten und mit Ihnen zusammen bei einer sch\u00f6nen Flasche stillen oder spritzigen Weins nutzen wird.<\/p>\n\n\n\n<p><strong><em>L\u2018Atelier du Vin<\/em><\/strong><em>, seit 1926 Ihr franz\u00f6sischer Hersteller von Weinzubeh\u00f6r und \u00f6nologischen Sets, entwirft einzigartige Werkzeuge, die sowohl \u00e4sthetisch als auch angenehm zu handhaben sind. Sommelierkorkenzieher, Sammlerflaschen\u00f6ffner, Kellnerkorkenzieher, Flaschen\u00f6ffner mit Doppelhebel oder Spindel, Dekantierkaraffe, Degustationsglas, Champagnerfl\u00f6te, Ausgie\u00dfer-Bel\u00fcfter, Vakuumpumpe, handgefertigtes Sommelieretui aus echtem Leder, Utensilien f\u00fcr den Weinkeller: Lassen Sie sich von unseren Kollektionen inspirieren.<\/em><\/p>\n\n\n    <div class=\"separator mobile-hidden\" style=\"height:40px\"><\/div>\r\n    <div class=\"separator laptop-hidden\" style=\"height:20px\"><\/div>\r\n\n\n<div class=\"acc-head\">\r\n    <p>\r\n        Eigenschaften    <\/p>\r\n    <div class=\"acc-icon\">\r\n        <div class=\"ico-minus\"><\/div>\r\n        <div class=\"ico-plus\"><\/div>\r\n    <\/div>\r\n<\/div>\r\n<div class=\"acc-body\">\r\n    <div class=\"acc-content\">\r\n        <p>1 Oeno Motion Leather&#038;Silver \u00ae Hebelkorkenzieher. Verchromtes Finish.<\/p>\n<p>1 Bubble Cork Silver \u00ae Verschluss f\u00fcr Schaumweine. Silbernes Finish.<\/p>\n<p>1 Flasche spezielles Schmier\u00f6l.<\/p>\n<p>1 von Hand gen\u00e4hter Docht-Schutz aus echtem Leder.<\/p>\n    <\/div>\r\n<\/div>","protected":false},"excerpt":{"rendered":"<p>Die beiden Sommelierutensilien dieses Up &#038; Down Sets begleiten Ihre Verkostung vom ersten bis zum letzten Tropfen.<\/p>\n","protected":false},"featured_media":184095,"template":"","meta":{"_acf_changed":true},"product_brand":[],"product_cat":[711,730,745,750,797,400,404,407,396,347,395],"product_tag":[],"class_list":{"0":"post-184825","1":"product","2":"type-product","3":"status-publish","4":"has-post-thumbnail","6":"product_cat-essentielle-weingeschenksets","7":"product_cat-vatertag-geschenkideen","8":"product_cat-ueber-200-euro","9":"product_cat-valentinstag-geschenkideen","10":"product_cat-personalisierte-korkenzieher","11":"product_cat-geschenke-fuer-profis","12":"product_cat-weinaccessoire-kollektion","13":"product_cat-personalisierung","14":"product_cat-unerlaessliches","15":"product_cat-wein-zubehoer-set","16":"product_cat-alles-anzeigen","17":"tm-has-options","19":"first","20":"instock","21":"taxable","22":"shipping-taxable","23":"purchasable","24":"product-type-variable","25":"has-default-attributes"},"bundled_by":[],"bundle_stock_status":"instock","bundle_stock_quantity":null,"bundle_virtual":false,"bundle_layout":"","bundle_add_to_cart_form_location":"","bundle_editable_in_cart":false,"bundle_sold_individually_context":"","bundle_item_grouping":"","bundle_min_size":"","bundle_max_size":"","bundle_price":[],"bundled_items":[],"bundle_sell_ids":[151017,151004],"acf":[],"df_price":225,"df_sale_price":"","df_regular_price":225,"df_image_link":"https:\/\/www.atelierduvin.com\/wp-content\/uploads\/UpandDown_seuls_HD-5-450x450.jpg","_links":{"self":[{"href":"https:\/\/www.atelierduvin.com\/de\/wp-json\/wp\/v2\/product\/184825","targetHints":{"allow":["GET"]}}],"collection":[{"href":"https:\/\/www.atelierduvin.com\/de\/wp-json\/wp\/v2\/product"}],"about":[{"href":"https:\/\/www.atelierduvin.com\/de\/wp-json\/wp\/v2\/types\/product"}],"wp:featuredmedia":[{"embeddable":true,"href":"https:\/\/www.atelierduvin.com\/de\/wp-json\/wp\/v2\/media\/184095"}],"wp:attachment":[{"href":"https:\/\/www.atelierduvin.com\/de\/wp-json\/wp\/v2\/media?parent=184825"}],"wp:term":[{"taxonomy":"product_brand","embeddable":true,"href":"https:\/\/www.atelierduvin.com\/de\/wp-json\/wp\/v2\/product_brand?post=184825"},{"taxonomy":"product_cat","embeddable":true,"href":"https:\/\/www.atelierduvin.com\/de\/wp-json\/wp\/v2\/product_cat?post=184825"},{"taxonomy":"product_tag","embeddable":true,"href":"https:\/\/www.atelierduvin.com\/de\/wp-json\/wp\/v2\/product_tag?post=184825"}],"curies":[{"name":"wp","href":"https:\/\/api.w.org\/{rel}","templated":true}]}}