{"id":180731,"date":"2023-01-24T14:10:17","date_gmt":"2023-01-24T13:10:17","guid":{"rendered":"https:\/\/www.refonte-adv.votre-projet.com\/product\/der-de-gaulle\/"},"modified":"2026-05-11T12:01:19","modified_gmt":"2026-05-11T10:01:19","slug":"der-de-gaulle","status":"publish","type":"product","link":"https:\/\/www.atelierduvin.com\/de\/produkt\/der-de-gaulle\/","title":{"rendered":"Der \u201ede Gaulle\u201c"},"content":{"rendered":"\n<h2 class=\"wp-block-heading\">Korkenzieher \u201ede Gaulle\u201c: ein legend\u00e4rer Flaschen\u00f6ffner<\/h2>\n\n\n\n<p>Ein Kopf und zwei gro\u00dfe Hebel als Arme: ein unverzichtbarer Korkenzieher, den es in unz\u00e4hligen Varianten \u00fcberall auf der Welt gibt. Seinen Namen verdankt er \u2013 muss man es \u00fcberhaupt erw\u00e4hnen? \u2013 Charles de Gaulle, wie er sich gestikulierend an sein Volk wandte.<\/p>\n\n\n    <div class=\"separator mobile-hidden\" style=\"height:40px\"><\/div>\r\n    <div class=\"separator laptop-hidden\" style=\"height:20px\"><\/div>\r\n\n\n<div class=\"wp-block-image\">\n<figure class=\"aligncenter size-full is-resized\"><img loading=\"lazy\" decoding=\"async\" width=\"770\" height=\"603\" src=\"https:\/\/www.atelierduvin.com\/wp-content\/uploads\/DeGaulle.jpg\" alt=\"\" class=\"wp-image-181375\" style=\"width:406px;height:auto\" srcset=\"https:\/\/www.atelierduvin.com\/wp-content\/uploads\/DeGaulle.jpg 770w, https:\/\/www.atelierduvin.com\/wp-content\/uploads\/DeGaulle-64x50.jpg 64w, https:\/\/www.atelierduvin.com\/wp-content\/uploads\/DeGaulle-450x352.jpg 450w, https:\/\/www.atelierduvin.com\/wp-content\/uploads\/DeGaulle-96x75.jpg 96w, https:\/\/www.atelierduvin.com\/wp-content\/uploads\/DeGaulle-42x33.jpg 42w, https:\/\/www.atelierduvin.com\/wp-content\/uploads\/DeGaulle-60x47.jpg 60w, https:\/\/www.atelierduvin.com\/wp-content\/uploads\/DeGaulle-600x470.jpg 600w\" sizes=\"auto, (max-width: 770px) 100vw, 770px\" \/><figcaption class=\"wp-element-caption\">AP Photo\/Levy<\/figcaption><\/figure>\n<\/div>\n\n\n<p>Im Sinne unnachahmlicher Robustheit und Benutzerfreundlichkeit hat L\u2018Atelier du Vin jedes einzelne Teil, das den Mechanismus dieser neu aufgelegten Version ausmacht, sorgf\u00e4ltig und pr\u00e4zise ausgew\u00e4hlt. Heute verf\u00fcgt Ihr de Gaulle-Korkenzieher \u00fcber eine&nbsp;<strong>spezielle geschmiedete Spindel<\/strong>&nbsp;mit Teflonbeschichtung und f\u00fcnf Windungen, die die Verankerung und den Halt des Metalls beim Herausziehen des Korkens verst\u00e4rkt.<\/p>\n\n\n    <div class=\"separator mobile-hidden\" style=\"height:40px\"><\/div>\r\n    <div class=\"separator laptop-hidden\" style=\"height:20px\"><\/div>\r\n\n\n\n<h3 class=\"wp-block-heading\">Robuste Teile f\u00fcr einen unfehlbaren Mechanismus<\/h3>\n\n\n\n<p>Der auch \u201eRingelschwanz\u201c genannte feste Docht unseres&nbsp;<strong>\u201ede Gaulle\u201c-Flaschen\u00f6ffners<\/strong>&nbsp;erm\u00f6glicht, jede Art von Korken leicht herauszuziehen, ohne ihn zu besch\u00e4digen. Er ist von einer ausgekl\u00fcgelten selbstzentrierenden St\u00fctze umgeben, um den Flaschen\u00f6ffner korrekt auf dem Flaschenhals zu positionieren, bevor er sich sanft in den weichen Korken dreht.<\/p>\n\n\n\n<p>Sein Geh\u00e4use aus Zamak, einem extrem widerstandsf\u00e4higen Material, wurde absichtlich im Rohzustand belassen, ohne Chrom oder Farbe, und lediglich durchsichtig lackiert, um seinen unverwechselbaren Charakter hervorzuheben. Die markanten Nieten in Mattschwarz und \u00fcberdimensionierten Verzahnungen unterstreichen seine starke Pers\u00f6nlichkeit. Die Robustheit und der authentische Charakter des Korkenziehers \u201ede Gaulle\u201c mit Doppelhebel von L\u2018Atelier du Vin ist somit auf den ersten Blick erkennbar.<\/p>\n\n\n\n<p>In einer grafischen Box in Wei\u00df und Gelb oder von uns sorgf\u00e4ltig in einem farbenfrohen Geschenk-Set verpackt und auf Wunsch mit einer pers\u00f6nlichen Notiz versehen, wird dieser&nbsp;<strong>emblematische Korkenzieher<\/strong>&nbsp;\u00fcberall seinen Platz finden \u2013 wie ein Alltagsgegenstand, der ganz besondere Momente einl\u00e4utet.<\/p>\n\n\n    <div class=\"separator mobile-hidden\" style=\"height:40px\"><\/div>\r\n    <div class=\"separator laptop-hidden\" style=\"height:20px\"><\/div>\r\n\n\n\n<h3 class=\"wp-block-heading\">Gebrauchsanweisung f\u00fcr den Fl\u00fcgelkorkenzieher<\/h3>\n\n\n<ul>\n<li>Zentrieren Sie die Spitze der Spindel auf dem Korken, indem Sie die innere Auflage des \u201ede Gaulle\u201c senkrecht auf dem Flaschenhals positionieren.<\/li>\n<li>Drehen Sie die Spindel fest ein, ohne die Hebel des \u201ede Gaulle\u201c zu ber\u00fchren, damit diese frei nach oben gleiten k\u00f6nnen.<\/li>\n<li>Dr\u00fccken Sie die Hebel nach unten, um den Korken aus dem Hals der Weinflasche zu ziehen.<\/li>\n<\/ul>\n\n\n    <div class=\"separator mobile-hidden\" style=\"height:40px\"><\/div>\r\n    <div class=\"separator laptop-hidden\" style=\"height:20px\"><\/div>\r\n\n\n<div class=\"wp-block-image\">\n<figure class=\"aligncenter size-full is-resized\"><img loading=\"lazy\" decoding=\"async\" width=\"886\" height=\"455\" src=\"https:\/\/www.atelierduvin.com\/wp-content\/uploads\/Le-de-Gaulle-Mode-demploi_Instructions-for-use.png\" alt=\"\" class=\"wp-image-153403\" style=\"width:580px;height:auto\" srcset=\"https:\/\/www.atelierduvin.com\/wp-content\/uploads\/Le-de-Gaulle-Mode-demploi_Instructions-for-use.png 886w, https:\/\/www.atelierduvin.com\/wp-content\/uploads\/Le-de-Gaulle-Mode-demploi_Instructions-for-use-450x231.png 450w, https:\/\/www.atelierduvin.com\/wp-content\/uploads\/Le-de-Gaulle-Mode-demploi_Instructions-for-use-768x394.png 768w, https:\/\/www.atelierduvin.com\/wp-content\/uploads\/Le-de-Gaulle-Mode-demploi_Instructions-for-use-96x49.png 96w, https:\/\/www.atelierduvin.com\/wp-content\/uploads\/Le-de-Gaulle-Mode-demploi_Instructions-for-use-42x22.png 42w, https:\/\/www.atelierduvin.com\/wp-content\/uploads\/Le-de-Gaulle-Mode-demploi_Instructions-for-use-60x31.png 60w, https:\/\/www.atelierduvin.com\/wp-content\/uploads\/Le-de-Gaulle-Mode-demploi_Instructions-for-use-64x33.png 64w\" sizes=\"auto, (max-width: 886px) 100vw, 886px\" \/><\/figure>\n<\/div>\n\n    <div class=\"separator mobile-hidden\" style=\"height:40px\"><\/div>\r\n    <div class=\"separator laptop-hidden\" style=\"height:20px\"><\/div>\r\n\n\n\n<h2 class=\"wp-block-heading\">Der beliebteste Korkenzieher von L\u2018Atelier du Vin<\/h2>\n\n\n\n<p><strong>L\u2018Atelier du Vin<\/strong>&nbsp;ist ein franz\u00f6sisches Familienunternehmen, das seit 1926 Weinaccessoires herstellt. Das vom Vater an den Sohn weitergereichte Savoir-faire ist fest im Weinbaugebiet der Champagne verwurzelt. Indem wir die Tradition des&nbsp;<strong>Fl\u00fcgelkorkenziehers de Gaulle<\/strong>&nbsp;mit dieser verst\u00e4rkten Version fortf\u00fchren, m\u00f6chten wir die Kunst des Weingenusses anderen n\u00e4herbringen.<\/p>\n\n\n\n<p>Dieser in den Br\u00e4uchen und Sitten verankerte&nbsp;<strong>Flaschen\u00f6ffner<\/strong>&nbsp;mit unverkennbarer Silhouette geh\u00f6rt zu den beliebtesten Tischutensilien der Franzosen. Bereits \u00fcber Generation begleitet der Korkenzieher de Gaulle heitere Familienessen und intime Geselligkeit, wenn man mit Freunden eine gute Flasche Wein teilt.<\/p>\n\n\n\n<p>Er nimmt daher einen besonderen Platz in unserer&nbsp;<strong>Kollektion an Sommelierwerkzeugen und Weinzubeh\u00f6r<\/strong>&nbsp;ein, in der jeder unserer Korkenzieher seine ganz eigene Geschichte und Pers\u00f6nlichkeit hat.<\/p>\n\n\n    <div class=\"separator mobile-hidden\" style=\"height:40px\"><\/div>\r\n    <div class=\"separator laptop-hidden\" style=\"height:20px\"><\/div>\r\n\n\n<div class=\"gallery\">\r\n            <div class=\"gallery-row row\">\r\n                                <div style=\"flex:1.498127340824\">\r\n                        <img decoding=\"async\" src=\"https:\/\/www.atelierduvin.com\/wp-content\/uploads\/DeGaulle_ambiance_paysage_HD.jpg\" alt=\"\" loading=\"eager\" >                    <\/div>\r\n                        <\/div>\r\n    <\/div>\n\n\n<h3 class=\"wp-block-heading\">Geschichte des Fl\u00fcgelkorkenziehers<\/h3>\n\n\n\n<p>Der Vorl\u00e4ufer des \u201ede Gaulle\u201c, der allererste&nbsp;<strong>Korkenzieher mit Fl\u00fcgeln<\/strong>, wurde Ende des 19. Jahrhunderts in England von William Baker erfunden. Sein Mechanismus wurde einige Jahre sp\u00e4ter von Neville Heeley perfektioniert. Seine damals wichtigste Innovation bestand darin, die beiden Arme des Flaschen\u00f6ffners mit einem F\u00fchrungsring zu verbinden, der entlang der Mittelachse gleitet, wenn sich die Spindel in den Korken bohrt.<\/p>\n\n\n\n<p>Die Zuverl\u00e4ssigkeit dieses \u00d6ffners mit zwei Hebeln war ein wahrer Erfolgsgarant. Den letzten Schliff aber erhielt er in den 1930ern von Dominick Rosati, der ein&nbsp;<strong>System mit zentraler Zahnstange<\/strong>&nbsp;entwickelte, das die beiden gezackten Scheiben von den Schultern aus antrieb und so die beiden Hebel beim Eindrehen der Spindel in den Korken hochfahren lie\u00df.<\/p>\n\n\n\n<p>Dieses Weinwerkzeug erfreute sich in der Nachkriegszeit gro\u00dfer Beliebtheit und wurde visuell mit den ber\u00fchmten Siegesreden von General de Gaulle in Verbindung gebracht, wenn sich dieser mit beiden Armen gen Himmel gestreckt an das franz\u00f6sische Volk wandte. Dieser&nbsp;<strong>historische Korkenzieher<\/strong>&nbsp;mit dem gewissen Etwas wurde von den Designern von L\u2018Atelier du Vin unter Ber\u00fccksichtigung des Originaldesigns neu gestaltet und mit einer Teflon-Spindel versehen.<\/p>\n\n\n    <div class=\"separator mobile-hidden\" style=\"height:40px\"><\/div>\r\n    <div class=\"separator laptop-hidden\" style=\"height:20px\"><\/div>\r\n\n\n\n<div class=\"wp-block-columns is-layout-flex wp-container-core-columns-is-layout-9d6595d7 wp-block-columns-is-layout-flex\">\n<div class=\"wp-block-column is-layout-flow wp-block-column-is-layout-flow\">\n<h3 class=\"wp-block-heading\">Ein ergonomischer und vielseitiger Korkenzieher<\/h3>\n\n\n\n<p>Der&nbsp;<strong>Hebelkorkenzieher de Gaulle<\/strong>&nbsp;bietet die Vielseitigkeit eines Sommelier-Flaschen\u00f6ffners. Sein Kopf ist mit einem breiten Flaschen\u00f6ffner ausgestattet, der dazu dient, die Kronkorken von Bier- oder Limonadenflaschen unabh\u00e4ngig von ihrem Durchmesser vorsichtig zu entfernen. So brauchen Sie nur ein einziges Werkzeug, um jede Art von Wein- oder Sprudelflasche zu<strong>&nbsp;entkorken oder \u00f6ffnen<\/strong>.<\/p>\n\n\n\n<p>Er ist robust und ergonomisch und besticht durch seine Effizienz und leichte Handhabung beim sicheren und stabilen Herausziehen der Korken durch&nbsp;<strong>doppelte Hebelwirkung<\/strong>. Sein anerkannter Mechanismus vereint die Vorteile des Spindelkorkenziehers und des Hebelkorkenziehers. Der zum Herausziehen des Korkens erforderliche Druck wird auf beide H\u00e4nde verteilt, wodurch der Kraftaufwand in jedem Arm im Vergleich zu einem einfachen Hebelsystem um die H\u00e4lfte reduziert wird.<\/p>\n<\/div>\n\n\n\n<div class=\"wp-block-column is-layout-flow wp-block-column-is-layout-flow\">\n<h3 class=\"wp-block-heading\">Vom allt\u00e4glichen Korkenzieher zum Sammlerflaschen\u00f6ffner<\/h3>\n\n\n\n<p><strong>Korkenzieher mit Fl\u00fcgeln<\/strong>&nbsp;eignen sich f\u00fcr alle Weinflaschen und versprechen eine besonders leichte Handhabung. Drehen Sie einfach die Spindel vorsichtig in den Korken und dr\u00fccken Sie anschlie\u00dfend die Fl\u00fcgel nach unten, bis Sie sehen, dass sich der Korken l\u00f6st. Diese Variante aus unbehandeltem Zamak und Teflon, die das franz\u00f6sische Know-how von L\u2018Atelier du Vin unter Beweis stellt, ist ideal, um den Beginn einer Weinverkostung einzul\u00e4uten. Der stets griffbereite&nbsp;<strong>Korkenzieher Charles de Gaulle<\/strong>&nbsp;hat seinen festen Platz zu Hause, sei es in einer K\u00fcchenschublade oder auf dem Familientisch.<\/p>\n<\/div>\n<\/div>\n\n\n    <div class=\"separator mobile-hidden\" style=\"height:40px\"><\/div>\r\n    <div class=\"separator laptop-hidden\" style=\"height:20px\"><\/div>\r\n\n\n<div class=\"acc-head\">\r\n    <p>\r\n        Eigenschaften    <\/p>\r\n    <div class=\"acc-icon\">\r\n        <div class=\"ico-minus\"><\/div>\r\n        <div class=\"ico-plus\"><\/div>\r\n    <\/div>\r\n<\/div>\r\n<div class=\"acc-body\">\r\n    <div class=\"acc-content\">\r\n        <p>Seine zwei gro\u00dfen Hebel erm\u00f6glichen es, den Korken sanft, aber zugleich kraftvoll aus der Flasche zu entfernen.<br \/>\nSeine innere St\u00fctze ist mit weichem Kunststoff ausgekleidet, um den Flaschenhals nicht zu stark zu belasten.<br \/>\nSein Griff dient gleichzeitig als Flaschen\u00f6ffner.<br \/>\nVorsichtiges Reinigen von Hand nach dem Entkorken.<\/p>\n    <\/div>\r\n<\/div>\n\n<div class=\"acc-head\">\r\n    <p>\r\n        Finish    <\/p>\r\n    <div class=\"acc-icon\">\r\n        <div class=\"ico-minus\"><\/div>\r\n        <div class=\"ico-plus\"><\/div>\r\n    <\/div>\r\n<\/div>\r\n<div class=\"acc-body\">\r\n    <div class=\"acc-content\">\r\n        <p>Hergestellt in Europa.<br \/>\nSpindel mit Teflonbeschichtung.<br \/>\nGeh\u00e4use aus rohem Zamak, ohne Chrom oder Farbe.<br \/>\nDurchsichtiger Schutzlack.<\/p>\n    <\/div>\r\n<\/div>","protected":false},"excerpt":{"rendered":"<p>Als ikonisches Werkzeug von L&#8217;Atelier du Vin bleibt der &#8220;de Gaulle&#8221; eine zeitlose Referenz.<\/p>\n","protected":false},"featured_media":186397,"template":"","meta":{"_acf_changed":false},"product_brand":[],"product_cat":[372,730,741,404,396,348,398,395],"product_tag":[],"class_list":{"0":"post-180731","1":"product","2":"type-product","3":"status-publish","4":"has-post-thumbnail","6":"product_cat-hebelkorkenzieher","7":"product_cat-vatertag-geschenkideen","8":"product_cat-unter-50-euro","9":"product_cat-weinaccessoire-kollektion","10":"product_cat-unerlaessliches","11":"product_cat-korkenzieher","12":"product_cat-geschenke-fuer-ihn","13":"product_cat-alles-anzeigen","14":"tm-no-options","16":"first","17":"instock","18":"taxable","19":"shipping-taxable","20":"purchasable","21":"product-type-simple"},"bundled_by":[],"bundle_stock_status":"instock","bundle_stock_quantity":4274,"bundle_virtual":false,"bundle_layout":"","bundle_add_to_cart_form_location":"","bundle_editable_in_cart":false,"bundle_sold_individually_context":"","bundle_item_grouping":"","bundle_min_size":"","bundle_max_size":"","bundle_price":[],"bundled_items":[],"bundle_sell_ids":[151018,151017,151004],"acf":[],"df_price":40.83,"df_sale_price":"","df_regular_price":40.83,"df_image_link":"https:\/\/www.atelierduvin.com\/wp-content\/uploads\/LeDeGaulle_ferme_HD-450x450.jpg","_links":{"self":[{"href":"https:\/\/www.atelierduvin.com\/de\/wp-json\/wp\/v2\/product\/180731","targetHints":{"allow":["GET"]}}],"collection":[{"href":"https:\/\/www.atelierduvin.com\/de\/wp-json\/wp\/v2\/product"}],"about":[{"href":"https:\/\/www.atelierduvin.com\/de\/wp-json\/wp\/v2\/types\/product"}],"wp:featuredmedia":[{"embeddable":true,"href":"https:\/\/www.atelierduvin.com\/de\/wp-json\/wp\/v2\/media\/186397"}],"wp:attachment":[{"href":"https:\/\/www.atelierduvin.com\/de\/wp-json\/wp\/v2\/media?parent=180731"}],"wp:term":[{"taxonomy":"product_brand","embeddable":true,"href":"https:\/\/www.atelierduvin.com\/de\/wp-json\/wp\/v2\/product_brand?post=180731"},{"taxonomy":"product_cat","embeddable":true,"href":"https:\/\/www.atelierduvin.com\/de\/wp-json\/wp\/v2\/product_cat?post=180731"},{"taxonomy":"product_tag","embeddable":true,"href":"https:\/\/www.atelierduvin.com\/de\/wp-json\/wp\/v2\/product_tag?post=180731"}],"curies":[{"name":"wp","href":"https:\/\/api.w.org\/{rel}","templated":true}]}}