{"id":179803,"date":"2023-02-16T16:26:22","date_gmt":"2023-02-16T15:26:22","guid":{"rendered":"https:\/\/www.refonte-adv.votre-projet.com\/product\/soft-machine-blade-le-pierre\/"},"modified":"2026-05-11T12:01:21","modified_gmt":"2026-05-11T10:01:21","slug":"soft-machine-blade-le-pierre","status":"publish","type":"product","link":"https:\/\/www.atelierduvin.com\/de\/produkt\/soft-machine-blade-le-pierre\/","title":{"rendered":"Soft Machine Blade &#8211; Le Pierre"},"content":{"rendered":"\n<h2 class=\"wp-block-heading\">Soft Machine Blade \u2013 Le Pierre: ein Meisterwerk!<\/h2>\n\n\n\n<p>Die Soft Machine-Reihe wird um den Soft Machine Blade \u2013 Le Pierre erweitert, der sich in Ebenholz, Messing und massivem, von Hand verarbeitetem Edelstahl schm\u00fcckt.<\/p>\n\n\n\n<p>Diese wertvollen Materialien wurden mit Bedacht gew\u00e4hlt: Das&nbsp;<strong>edle Holz<\/strong>&nbsp;und die&nbsp;<strong>robusten Metalle<\/strong>&nbsp;spiegeln die Pers\u00f6nlichkeit von Pierre wider, der unser Familienunternehmen \u00fcber viele Jahrzehnte mit gr\u00f6\u00dfter Leidenschaft und Kompetenz leitete.<\/p>\n\n\n\n<p>Der dank seiner Eleganz und kreativen Technik reizvolle Soft Machine Blade \u2013 Le Pierre zeichnet sich durch ein<strong>&nbsp;einzigartiges Spindelsystem<\/strong>&nbsp;aus, das das \u00d6ffnen von Flaschen in einer flie\u00dfenden, kontinuierlichen Bewegung erm\u00f6glicht. Der Soft Machine Blade \u2013 Le Pierre ist mit zwei ergonomisch geformten Edelstahlklingen ausgestattet, die eine optimale Handhabung versprechen. Eine gro\u00dfe, kommaf\u00f6rmige Klinge, die sich wunderbar mit der Ebenholzkomponente erg\u00e4nzt, ist ideal zum Schneiden von K\u00e4se und Wurst und dabei schonend f\u00fcr Teller und Holzbretter. Die andere, kleinere, aber ebenso robuste Klinge dient dazu, Kapseln sauber und pr\u00e4zise zu schneiden.<\/p>\n\n\n\n<p>Jeder Soft Machine Blade \u2013 Le Pierre ist von Hand lackiert.<\/p>\n\n\n\n<p>Der Soft Machine Blade \u2013 Le Pierre, ein Kunst- und Sammlerobjekt zugleich, ist das ultimative Weinaccessoire f\u00fcr Weinliebhaber, -enthusiasten und -kenner.<\/p>\n\n\n    <div class=\"separator mobile-hidden\" style=\"height:40px\"><\/div>\r\n    <div class=\"separator laptop-hidden\" style=\"height:20px\"><\/div>\r\n\n\n<div class=\"gallery\">\r\n            <div class=\"gallery-row row\">\r\n                                <div style=\"flex:1.4985014985015\">\r\n                        <img decoding=\"async\" src=\"https:\/\/www.atelierduvin.com\/wp-content\/uploads\/SoftMachineBlade_LePierre_ambiace_paysage_2_HD.jpg\" alt=\"\" loading=\"eager\" >                    <\/div>\r\n                        <\/div>\r\n    <\/div>\n\n\n<h2 class=\"wp-block-heading\">Die R\u00fcckkehr des Korkenziehers mit Klappmesser<\/h2>\n\n\n\n<p>Unsere Vorfahren wussten es besser. Man sollte immer&nbsp;<strong>einen Korkenzieher und ein kleines Messer<\/strong>&nbsp;bei sich tragen, um eine Scheibe Brot abzuschneiden, dazu ein St\u00fcck K\u00e4se zu essen und eine Flasche Wein zu \u00f6ffnen. In einer Tasche, einem Etui, einem Korb, im Schatten eines Baumes oder unter dem Sternenhimmel \u2013 zwei Utensilien reichen aus, um den Alltag zu bereichern.<\/p>\n\n\n\n<p>Der Flaschen\u00f6ffner des Weinh\u00e4ndlers und das Klappmesser des Winzers sind unverzichtbare Begleiter bei Wanderungen durch die Weinberge und bei einem Picknick im Gr\u00fcnen. Und sie vereinen sich in diesem k\u00fchnen&nbsp;<strong>Sommelier-<\/strong><strong>Korkenzieher&nbsp;<\/strong>f\u00fcr Abenteuerlustige.<\/p>\n\n\n\n<p>Der&nbsp;<strong>Soft Machine Blade \u2013 Le Pierre<\/strong>, ein wahres handwerkliches Meisterwerk von L\u2018Atelier du Vin, f\u00fchrt die Sommelierskunst und das Savoir-faire der Messerschmiede zusammen. Sowohl auf technischer und ergonomischer Ebene als auch in \u00e4sthetischer Hinsicht.<\/p>\n\n\n\n<p>In der Hand schafft dieser geniale&nbsp;<strong>Korkenzieher mit Klappmesser<\/strong>&nbsp;ein Gef\u00fchl der Harmonie. Jede Form, die er annimmt, entspricht einer n\u00fctzlichen und fl\u00fcssigen Geste des Weinrituals und der Vorbereitung einer Verkostungsplatte.<\/p>\n\n\n\n<p>Vor allem aber ist dieser&nbsp;<strong>vielseitige Korkenzieher<\/strong>&nbsp;mit Edelstahlklinge und Zubeh\u00f6r viel weniger sperrig als ein Brotmesser, ein K\u00fcchenmesser, ein Flaschen\u00f6ffner mit Doppelhebel oder Spindel. Der Soft Machine Blade \u2013 Le Pierre passt in jede Tasche und jede Hand.<\/p>\n\n\n    <div class=\"separator mobile-hidden\" style=\"height:40px\"><\/div>\r\n    <div class=\"separator laptop-hidden\" style=\"height:20px\"><\/div>\r\n\n\n<div class=\"gallery\">\r\n            <div class=\"gallery-row row\">\r\n                                <div style=\"flex:1.25\">\r\n                        <img decoding=\"async\" src=\"https:\/\/www.atelierduvin.com\/wp-content\/uploads\/SoftMachineBladePierre_ambiance_paysage.jpg\" alt=\"Tire-bouchon sommelier avec couteau pliant\" loading=\"eager\" >                    <\/div>\r\n                        <\/div>\r\n    <\/div>\n\n\n<h3 class=\"wp-block-heading\">Eine scharfe Klinge, die den Unterschied macht<\/h3>\n\n\n\n<p>Die&nbsp;<strong>Klinge aus Edelstahl<\/strong>&nbsp;des Soft Machine Blade \u2013 Le Pierre ist wie bei den Klappmessern und Schweizer Messern in den Griff aus Ebenholz eingepasst. Sie entfaltet ihre Sch\u00e4rfe nur dann, wenn sie auch tats\u00e4chlich gefragt ist. Das nach oben spitz verlaufende Ende und die geschwungene Kurve erinnern an die Silhouette eines K\u00e4semessers.<\/p>\n\n\n\n<p>Diese&nbsp;<strong>Klinge des Taschenklappmessers<\/strong>&nbsp;schneidet in jeder Situation \u00e4u\u00dferst effizient und wird sich auf Reisen oder bei einem Spaziergang in der Natur als unverzichtbar erweisen. Sie erg\u00e4nzt die Vielseitigkeit dieses gro\u00dfartigen Weinaccessoires, das auch \u00fcber einen&nbsp;<strong>Kapselschneider<\/strong>&nbsp;und einen&nbsp;<strong>Hebel<\/strong>&nbsp;mit integriertem&nbsp;<strong>Flaschen\u00f6ffner<\/strong>&nbsp;verf\u00fcgt.<\/p>\n\n\n\n<p>Dieser&nbsp;<strong>Korkenzieher mit einklappbarer Klinge<\/strong>&nbsp;ist ein echtes Synonym f\u00fcr Tischkultur. Er ist das \u00dcberlebensmesser der Sommeliers, die franz\u00f6sische Variante des Schweizer Taschenmessers f\u00fcr vielreisende Weinliebhaber, die sich auch an Sammler von seltenen Objekten und atypischen Mechanismen richtet.<\/p>\n\n\n\n<p>Auf dem Weg zu den regionalen Weing\u00fctern oder bei einer abendlichen Weinprobe mit Wurst und K\u00e4se wird Ihnen der Soft Machine Blade \u2013 Le Pierre eine wertvolle Hilfe sein. Ein&nbsp;<strong>emblematischer Korkenzieher<\/strong>&nbsp;als Hommage an einen gro\u00dfen Vision\u00e4r von L\u2018Atelier du Vin.<\/p>\n\n\n    <div class=\"separator mobile-hidden\" style=\"height:40px\"><\/div>\r\n    <div class=\"separator laptop-hidden\" style=\"height:20px\"><\/div>\r\n\n\n<div class=\"acc-head\">\r\n    <p>\r\n        Eigenschaften    <\/p>\r\n    <div class=\"acc-icon\">\r\n        <div class=\"ico-minus\"><\/div>\r\n        <div class=\"ico-plus\"><\/div>\r\n    <\/div>\r\n<\/div>\r\n<div class=\"acc-body\">\r\n    <div class=\"acc-content\">\r\n        <p>Manuelle Reinigung mit einem weichen Textil, ohne Wasser oder Waschmittel.<\/p>\n    <\/div>\r\n<\/div>\n\n<div class=\"acc-head\">\r\n    <p>\r\n        Finish    <\/p>\r\n    <div class=\"acc-icon\">\r\n        <div class=\"ico-minus\"><\/div>\r\n        <div class=\"ico-plus\"><\/div>\r\n    <\/div>\r\n<\/div>\r\n<div class=\"acc-body\">\r\n    <div class=\"acc-content\">\r\n        <p>Hochglanzpolierter Edelstahl, Messing, Ebenholz.<\/p>\n    <\/div>\r\n<\/div>\n\n    <div class=\"separator mobile-hidden\" style=\"height:40px\"><\/div>\r\n    <div class=\"separator laptop-hidden\" style=\"height:20px\"><\/div>\r\n\n\n<div class=\"wp-block-image\">\n<figure class=\"aligncenter size-large is-resized\"><img loading=\"lazy\" decoding=\"async\" width=\"1024\" height=\"923\" src=\"https:\/\/www.atelierduvin.com\/wp-content\/uploads\/Picto_Knife_Danger-1024x923.png\" alt=\"\" class=\"wp-image-181570\" style=\"width:103px;height:auto\" srcset=\"https:\/\/www.atelierduvin.com\/wp-content\/uploads\/Picto_Knife_Danger-1024x923.png 1024w, https:\/\/www.atelierduvin.com\/wp-content\/uploads\/Picto_Knife_Danger-64x58.png 64w, https:\/\/www.atelierduvin.com\/wp-content\/uploads\/Picto_Knife_Danger-450x406.png 450w, https:\/\/www.atelierduvin.com\/wp-content\/uploads\/Picto_Knife_Danger-96x87.png 96w, https:\/\/www.atelierduvin.com\/wp-content\/uploads\/Picto_Knife_Danger-42x38.png 42w, https:\/\/www.atelierduvin.com\/wp-content\/uploads\/Picto_Knife_Danger-60x54.png 60w, https:\/\/www.atelierduvin.com\/wp-content\/uploads\/Picto_Knife_Danger-1536x1385.png 1536w, https:\/\/www.atelierduvin.com\/wp-content\/uploads\/Picto_Knife_Danger-2048x1847.png 2048w, https:\/\/www.atelierduvin.com\/wp-content\/uploads\/Picto_Knife_Danger-1320x1190.png 1320w\" sizes=\"auto, (max-width: 1024px) 100vw, 1024px\" \/><\/figure>\n<\/div>\n\n\n<h2 class=\"wp-block-heading has-text-align-center\">Warnhinweis<\/h2>\n\n\n\n<p><em>Taschenmesser f\u00fcr den erfahrenen Amateur. L\u2019Atelier du Vin fordert den Verbraucher auf, sich vor dem ersten Gebrauch an die geltenden Gesetze des Landes und\/oder des Ortes zu halten, an dem das Produkt gehandhabt wird, und alle \u00fcblichen Vorsichtsma\u00dfnahmen im Zusammenhang mit der Handhabung von Taschenmessern zu treffen. Nicht in Reichweite von Kindern aufbewahren. Nach jedem Gebrauch in der Schutzh\u00fclle aufbewahren.<\/em><\/p>\n","protected":false},"excerpt":{"rendered":"<p>Als Hommage an unseren gro\u00dfen Pierre. Der Soft Machine Blade erstrahlt in dieser brillanten Version: ein &#8220;Masterpiece&#8221;.<\/p>\n","protected":false},"featured_media":188900,"template":"","meta":{"_acf_changed":false},"product_brand":[],"product_cat":[369,744,725,730,404,348,398,399,395],"product_tag":[],"class_list":{"0":"post-179803","1":"product","2":"type-product","3":"status-publish","4":"has-post-thumbnail","6":"product_cat-kellnermesser","7":"product_cat-unter-200-euro","8":"product_cat-geschenke-fur-ihn","9":"product_cat-vatertag-geschenkideen","10":"product_cat-weinaccessoire-kollektion","11":"product_cat-korkenzieher","12":"product_cat-geschenke-fuer-ihn","13":"product_cat-geschenke-fuer-weinliebhaber","14":"product_cat-alles-anzeigen","15":"tm-no-options","17":"first","18":"instock","19":"taxable","20":"shipping-taxable","21":"purchasable","22":"product-type-simple"},"bundled_by":[],"bundle_stock_status":"instock","bundle_stock_quantity":318,"bundle_virtual":false,"bundle_layout":"","bundle_add_to_cart_form_location":"","bundle_editable_in_cart":false,"bundle_sold_individually_context":"","bundle_item_grouping":"","bundle_min_size":"","bundle_max_size":"","bundle_price":[],"bundled_items":[],"bundle_sell_ids":[151018,151017,151004],"acf":[],"df_price":158.33,"df_sale_price":"","df_regular_price":158.33,"df_image_link":"https:\/\/www.atelierduvin.com\/wp-content\/uploads\/SoftMachineBlade_LePierre_toutesoptions_HD_retouches-450x450.jpg","_links":{"self":[{"href":"https:\/\/www.atelierduvin.com\/de\/wp-json\/wp\/v2\/product\/179803","targetHints":{"allow":["GET"]}}],"collection":[{"href":"https:\/\/www.atelierduvin.com\/de\/wp-json\/wp\/v2\/product"}],"about":[{"href":"https:\/\/www.atelierduvin.com\/de\/wp-json\/wp\/v2\/types\/product"}],"wp:featuredmedia":[{"embeddable":true,"href":"https:\/\/www.atelierduvin.com\/de\/wp-json\/wp\/v2\/media\/188900"}],"wp:attachment":[{"href":"https:\/\/www.atelierduvin.com\/de\/wp-json\/wp\/v2\/media?parent=179803"}],"wp:term":[{"taxonomy":"product_brand","embeddable":true,"href":"https:\/\/www.atelierduvin.com\/de\/wp-json\/wp\/v2\/product_brand?post=179803"},{"taxonomy":"product_cat","embeddable":true,"href":"https:\/\/www.atelierduvin.com\/de\/wp-json\/wp\/v2\/product_cat?post=179803"},{"taxonomy":"product_tag","embeddable":true,"href":"https:\/\/www.atelierduvin.com\/de\/wp-json\/wp\/v2\/product_tag?post=179803"}],"curies":[{"name":"wp","href":"https:\/\/api.w.org\/{rel}","templated":true}]}}