{"id":179780,"date":"2023-02-16T13:29:35","date_gmt":"2023-02-16T12:29:35","guid":{"rendered":"https:\/\/www.refonte-adv.votre-projet.com\/product\/pocket-collector-black\/"},"modified":"2026-05-13T12:00:38","modified_gmt":"2026-05-13T10:00:38","slug":"pocket-collector-black","status":"publish","type":"product","link":"https:\/\/www.atelierduvin.com\/de\/produkt\/pocket-collector-black\/","title":{"rendered":"Pocket Collector &#8211; Black"},"content":{"rendered":"\n<h2 class=\"wp-block-heading\">Pocket Collector \u2013 Black: Ein Flaschen\u00f6ffner aus dem 18. Jahrhundert in neu aufgelegter Version 2025<\/h2>\n\n\n\n<p>L\u2018Atelier du Vin bietet eine \u00fcberarbeitete Version dieses im 18. Jahrhundert erfundenen Korkenziehers.<\/p>\n\n\n\n<p>Der Pocket Collector \u2013 Black aus schwarzem handgearbeitetem Metall bleibt dem urspr\u00fcnglichen Design treu. Er ist der&nbsp;<strong>ideale Begleiter f\u00fcr Kenner<\/strong>, die ihn von einer Weinprobe zur n\u00e4chsten mitnehmen k\u00f6nnen \u2013 vom Weinkeller in die Weinberge, von der Stadt aufs Land, von der K\u00fcche ins Esszimmer. Seine hervorragende&nbsp;<strong>Haptik und der pr\u00e4zise<\/strong>, angenehme Mechanismus machen den Pocket Collector \u2013 Black zu einem idealen Begleiter, den man auch nur zum Spa\u00df endlos zusammen- und auseinanderklappen m\u00f6chte.<\/p>\n\n\n<div class=\"wp-block-image\">\n<figure class=\"aligncenter\"><img loading=\"lazy\" decoding=\"async\" width=\"2000\" height=\"1333\" src=\"https:\/\/www.atelierduvin.com\/\/wp-content\/uploads\/PocketCollector_ancien_HD.jpg\" alt=\"\" class=\"wp-image-183684\" srcset=\"https:\/\/www.atelierduvin.com\/wp-content\/uploads\/PocketCollector_ancien_HD.jpg 2000w, https:\/\/www.atelierduvin.com\/wp-content\/uploads\/PocketCollector_ancien_HD-1024x682.jpg 1024w, https:\/\/www.atelierduvin.com\/wp-content\/uploads\/PocketCollector_ancien_HD-64x43.jpg 64w, https:\/\/www.atelierduvin.com\/wp-content\/uploads\/PocketCollector_ancien_HD-450x300.jpg 450w, https:\/\/www.atelierduvin.com\/wp-content\/uploads\/PocketCollector_ancien_HD-96x64.jpg 96w, https:\/\/www.atelierduvin.com\/wp-content\/uploads\/PocketCollector_ancien_HD-42x28.jpg 42w, https:\/\/www.atelierduvin.com\/wp-content\/uploads\/PocketCollector_ancien_HD-60x40.jpg 60w, https:\/\/www.atelierduvin.com\/wp-content\/uploads\/PocketCollector_ancien_HD-1536x1024.jpg 1536w, https:\/\/www.atelierduvin.com\/wp-content\/uploads\/PocketCollector_ancien_HD-1320x880.jpg 1320w\" sizes=\"auto, (max-width: 2000px) 100vw, 2000px\" \/><\/figure>\n<\/div>\n\n\n<h2 class=\"wp-block-heading\">Der vielseitige Taschenkorkenzieher f\u00fcr unterwegs<\/h2>\n\n\n\n<p>Ob bei Regen oder Sonnenschein, in einem dunklen Weinkeller oder im Freien in den Weinbergen, auf einem Schiff auf hoher See oder im Wald am Lagerfeuer: Der Pocket Collector Black&nbsp;<strong>Taschenkorkenzieher<\/strong>&nbsp;begleitet Sie bei all Ihren Abenteuern im Innen- und Au\u00dfenbereich.<\/p>\n\n\n\n<p>Neben dem \u00dcberlebensmesser, der Feldflasche, dem Kompass und dem Feuerstein geh\u00f6rt dieser&nbsp;<strong>kompakte Flaschen\u00f6ffner<\/strong>&nbsp;zu den unverzichtbaren Utensilien, die Sie auf Reisen, Spazierg\u00e4ngen, Wanderungen oder&nbsp;<em>Roadtrips<\/em>&nbsp;dabei haben sollten. Er steht Ihnen jederzeit zur Seite, um Weinflaschen zu entkorken!<\/p>\n\n\n\n<p>Dank des robusten&nbsp;<strong>Etuis aus echtem Leder mit Ring<\/strong>&nbsp;l\u00e4sst er sich am G\u00fcrtel eines Abenteurers oder am Karabinerhaken eines Wanderrucksacks befestigen. Er kann leicht im Gep\u00e4ck des reisenden Weinliebhabers oder in der Satteltasche eines Motorrads verstaut werden. Der&nbsp;<strong>Miniatur-Flaschen\u00f6ffner<\/strong>&nbsp;Pocket Collector Black ist ideal f\u00fcr Weintouristen und l\u00e4dt Sie zu einer Reise in die Welt der Weinberge und Reben ein.<\/p>\n\n\n    <div class=\"separator mobile-hidden\" style=\"height:20px\"><\/div>\r\n    <div class=\"separator laptop-hidden\" style=\"height:20px\"><\/div>\r\n\n\n\n<h3 class=\"wp-block-heading\">Gesch\u00fctzte Spindel im zusammenklappbaren Griff: ein genialer Mechanismus<\/h3>\n\n\n\n<p>Wird das Accessoire nicht ben\u00f6tigt, sch\u00fctzt der clevere,&nbsp;<strong>zusammenklappbare<\/strong>&nbsp;<strong>Metallgriff<\/strong>&nbsp;die spiralf\u00f6rmige Spindel. Erst wenn Sie eine sch\u00f6ne Flasche \u00f6ffnen m\u00f6chten, entfaltet er sich zu einem&nbsp;<strong>T-f\u00f6rmigen Korkenzieher<\/strong>. Ein einfacher Druck mit Daumen und Zeigefinger gen\u00fcgt, um den Korkenzieher zusammen- oder auseinanderzuklappen.<\/p>\n\n\n\n<p>Ge\u00f6ffnet bietet dieser&nbsp;<strong>Taschenflaschen\u00f6ffner<\/strong>&nbsp;beim Entkorken eine hervorragende Haptik, sodass der Korken mit der Kraft des Armes herausgezogen werden kann. Die scharfe Spitze der Spindel kann verwendet werden, um die Kapsel am Flaschenhals zu entfernen, falls Sie keinen echten Kapselschneider zur Hand haben.<\/p>\n\n\n\n<p>Im geschlossenen Zustand nimmt er wie ein Klappmesser oder ein Schweizer Taschenmesser nur wenig Platz in Anspruch: Die L\u00e4nge entspricht etwas mehr der L\u00e4nge der im Griff versteckten spiralf\u00f6rmigen Spindel. Die Abmessungen des&nbsp;<strong>Korkenziehers Pocket Collector Black<\/strong>&nbsp;sind dadurch optimal.<\/p>\n\n\n    <div class=\"separator mobile-hidden\" style=\"height:20px\"><\/div>\r\n    <div class=\"separator laptop-hidden\" style=\"height:20px\"><\/div>\r\n\n\n\n<h3 class=\"wp-block-heading\">Ein Retro-Korkenzieher f\u00fcr Sammler<\/h3>\n\n\n\n<p>Um dieses Sammlerst\u00fcck der Tischkultur wieder zum Leben zu erwecken, haben die Designer, Ingenieure und Handwerker von L\u2018Atelier du Vin den sehr widerstandsf\u00e4higen&nbsp;<strong>originalen Mechanismus&nbsp;<\/strong>des historischen Korkenziehers aus dem 18. Jahrhundert nachgebaut.<\/p>\n\n\n\n<p>Dieses&nbsp;<strong>Accessoire f\u00fcr Winzer und Weinh\u00e4ndler<\/strong>&nbsp;von einst ist ein ergonomisches und robustes Schmuckst\u00fcck, das typisch f\u00fcr historische Utensilien und volkst\u00fcmliche Tischkultur ist. Ein genialer Alltagshelfer, der sich nicht zuletzt auch durch extreme Langlebigkeit und ein zeitloses Design auszeichnet.<\/p>\n\n\n\n<p>Der ganz in Schwarz gehaltene Korkenzieher Pocket Collector Black unterscheidet sich optisch durch das rohe Erscheinungsbild und den&nbsp;<strong>industriellen Stil<\/strong>&nbsp;der Metallteile seines sichtbaren Mechanismus. Er erg\u00e4nzt sich perfekt mit dem Charme des sch\u00f6nen, robusten Lederetuis, das an den Schnitt von G\u00fcrteltaschen und die Textur von Lederjacken erinnert.<\/p>\n\n\n\n<p>Mit seinem authentischen und handwerklichen Wesen begeistert der&nbsp;<strong>Pocket Collector Black Korkenzieher<\/strong>&nbsp;Sommeliers, \u00d6nologen, Sammler von Retro-Flaschen\u00f6ffnern und Kunstobjekten gleicherma\u00dfen. Unter seinem bescheidenen \u00c4u\u00dferen verbirgt sich ein Retro-Zubeh\u00f6r voller Geschichte und Kultur: ein kleines Meisterwerk der \u00d6nologie!<\/p>\n","protected":false},"excerpt":{"rendered":"<p>\u00dcberarbeitete Neuauflage eines historischen Modells eines aus dem 18. Jahrhundert. Robust und zugleich sehr diskret, begleitet es die Kenner dieser Welt.<\/p>\n","protected":false},"featured_media":186475,"template":"","meta":{"_acf_changed":true},"product_brand":[],"product_cat":[718,730,742,725,404,396,348,399,644,395],"product_tag":[420],"class_list":{"0":"post-179780","1":"product","2":"type-product","3":"status-publish","4":"has-post-thumbnail","6":"product_cat-die-speziellen","7":"product_cat-vatertag-geschenkideen","8":"product_cat-unter-100-euro","9":"product_cat-geschenke-fur-ihn","10":"product_cat-weinaccessoire-kollektion","11":"product_cat-unerlaessliches","12":"product_cat-korkenzieher","13":"product_cat-geschenke-fuer-weinliebhaber","14":"product_cat-neuheiten","15":"product_cat-alles-anzeigen","16":"product_tag-neuheiten","17":"tm-no-options","19":"first","20":"instock","21":"taxable","22":"shipping-taxable","23":"purchasable","24":"product-type-simple"},"bundled_by":[],"bundle_stock_status":"instock","bundle_stock_quantity":1557,"bundle_virtual":false,"bundle_layout":"","bundle_add_to_cart_form_location":"","bundle_editable_in_cart":false,"bundle_sold_individually_context":"","bundle_item_grouping":"","bundle_min_size":"","bundle_max_size":"","bundle_price":[],"bundled_items":[],"bundle_sell_ids":[151018,151017,151004],"acf":[],"df_price":66.67,"df_sale_price":"","df_regular_price":66.67,"df_image_link":"https:\/\/www.atelierduvin.com\/wp-content\/uploads\/PocketCollector_avecpochette_HD-450x450.jpg","_links":{"self":[{"href":"https:\/\/www.atelierduvin.com\/de\/wp-json\/wp\/v2\/product\/179780","targetHints":{"allow":["GET"]}}],"collection":[{"href":"https:\/\/www.atelierduvin.com\/de\/wp-json\/wp\/v2\/product"}],"about":[{"href":"https:\/\/www.atelierduvin.com\/de\/wp-json\/wp\/v2\/types\/product"}],"wp:featuredmedia":[{"embeddable":true,"href":"https:\/\/www.atelierduvin.com\/de\/wp-json\/wp\/v2\/media\/186475"}],"wp:attachment":[{"href":"https:\/\/www.atelierduvin.com\/de\/wp-json\/wp\/v2\/media?parent=179780"}],"wp:term":[{"taxonomy":"product_brand","embeddable":true,"href":"https:\/\/www.atelierduvin.com\/de\/wp-json\/wp\/v2\/product_brand?post=179780"},{"taxonomy":"product_cat","embeddable":true,"href":"https:\/\/www.atelierduvin.com\/de\/wp-json\/wp\/v2\/product_cat?post=179780"},{"taxonomy":"product_tag","embeddable":true,"href":"https:\/\/www.atelierduvin.com\/de\/wp-json\/wp\/v2\/product_tag?post=179780"}],"curies":[{"name":"wp","href":"https:\/\/api.w.org\/{rel}","templated":true}]}}