{"id":179751,"date":"2023-02-16T12:01:13","date_gmt":"2023-02-16T11:01:13","guid":{"rendered":"https:\/\/www.refonte-adv.votre-projet.com\/?post_type=product&#038;p=179751"},"modified":"2026-05-01T12:01:41","modified_gmt":"2026-05-01T10:01:41","slug":"geometry","status":"publish","type":"product","link":"https:\/\/www.atelierduvin.com\/de\/produkt\/geometry\/","title":{"rendered":"Geometry"},"content":{"rendered":"\n<h2 class=\"wp-block-heading\">GEOMETRY von Margherita Matticari<\/h2>\n\n\n\n<p>Die in Paris lebende italienische Designerin Margherita Matticari kultiviert Authentizit\u00e4t und Einzigartigkeit, indem sie innovatives Design mit handwerklichem K\u00f6nnen verbindet. Das Ergebnis? Funktionale, elegante und zeitlose Objekte, die dazu gemacht sind,&nbsp;<em>benutzt zu werden<\/em>. F\u00fcrs Leben gemacht. Geometry ist nicht Margheritas erste Zusammenarbeit mit L\u2018Atelier du Vin: 2021 entwarf sie bereits die fantastische Nomad Collection.<\/p>\n\n\n    <div class=\"separator mobile-hidden\" style=\"height:40px\"><\/div>\r\n    <div class=\"separator laptop-hidden\" style=\"height:20px\"><\/div>\r\n\n\n\n<h3 class=\"wp-block-heading\">Ist Geometry ein Sammlerk\u00e4stchen oder eine Skulptur?<\/h3>\n\n\n\n<p>Beides zugleich! Bei Geometry schwebte uns ein Objekt vor, das sowohl ein Sammlerk\u00e4stchen als auch eine Skulptur sein konnte. Ein Sammlerk\u00e4stchen, da Geometry beim \u00d6ffnen ein legend\u00e4res Accessoire von L\u2019Atelier du Vin offenbart: den Korkenzieher Oeno Motion Gold. Eine Skulptur, weil Geometry ge\u00f6ffnet oder geschlossen ein wahres Kunstobjekt ist.<\/p>\n\n\n    <div class=\"separator mobile-hidden\" style=\"height:40px\"><\/div>\r\n    <div class=\"separator laptop-hidden\" style=\"height:20px\"><\/div>\r\n\n\n<div class=\"gallery\">\r\n            <div class=\"gallery-row row\">\r\n                                <div style=\"flex:1.4989293361884\">\r\n                        <img decoding=\"async\" src=\"https:\/\/www.atelierduvin.com\/wp-content\/uploads\/Geometry.gif\" alt=\"\" loading=\"eager\" >                    <\/div>\r\n                        <\/div>\r\n    <\/div>\n\n\n<div class=\"wp-block-columns is-layout-flex wp-container-core-columns-is-layout-9d6595d7 wp-block-columns-is-layout-flex\">\n<div class=\"wp-block-column is-layout-flow wp-block-column-is-layout-flow\">\n<h3 class=\"wp-block-heading\">Warum der Name Geometry?<\/h3>\n\n\n\n<p>Wir wollten mit geometrischen Formen spielen.<\/p>\n\n\n\n<p>Geschlossen besteht Geometry aus zwei Dreiecken. Ge\u00f6ffnet erscheint ein Kreis, in dessen Mitte sich der Oeno Motion Gold befindet. Der Kreis ist ein Verweis auf die unverkennbare Rundung des Korkenziehers. Kreis und Dreieck sind grundlegende Formen, die Kreationen K\u00f6rper und Geist verleihen. Sie erm\u00f6glichten es uns ferner, Minimalismus ins Spiel zu bringen.<\/p>\n\n\n\n<p>Geometry ist kein statisches Objekt. Es ist dynamisch: Geschlossen verschmilzt es mit Ihrer Dekoration, ge\u00f6ffnet l\u00e4dt es zum Probieren ein.<\/p>\n<\/div>\n\n\n\n<div class=\"wp-block-column is-layout-flow wp-block-column-is-layout-flow\">\n<h3 class=\"wp-block-heading\">Und die Materialien?<\/h3>\n\n\n\n<p>Wir haben uns aufgrund seiner Eleganz und Schlichtheit f\u00fcr schwarz lackiertes Holz entschieden. Die Farbe Schwarz ist von Natur aus ein Synonym f\u00fcr Luxus. Dabei spielten wir nicht zuletzt mit der Kombination Schwarz\/Gold, um die geometrischen Formen zu akzentuieren und Emotionen zu erzeugen. So gibt das matte Schwarz beim \u00d6ffnen den Blick auf die gl\u00e4nzende Farbe des Oeno Motion Gold frei.<\/p>\n\n\n\n<p>Zusammenfassend w\u00fcrde ich sagen, dass Geometry mit Formen und Perspektiven experimentiert und dadurch sowohl in einem B\u00fccherregal, auf einem Kaminsims als auch auf einem Couchtisch Platz findet.<\/p>\n\n\n\n<p>Jedes St\u00fcck ist einzigartig, da alle von Hand gefertigt werden. Geometry l\u00e4dt dazu ein, zu Hause das Sch\u00f6ne mit dem N\u00fctzlichen zu verbinden.<\/p>\n<\/div>\n<\/div>\n\n\n<div class=\"gallery\">\r\n            <div class=\"gallery-row row\">\r\n                                <div style=\"flex:1.4144271570014\">\r\n                        <img decoding=\"async\" src=\"https:\/\/www.atelierduvin.com\/wp-content\/uploads\/CROQUIS-GEOMETRY_MMxADV.jpg\" alt=\"\" loading=\"eager\" >                    <\/div>\r\n                        <\/div>\r\n    <\/div>\n\n\n<h2 class=\"wp-block-heading\">Die Geometrie des Weins in einem Design-Korkenzieherk\u00e4stchen<\/h2>\n\n\n\n<p>Wie der Nektar der Reben in einer Weinflasche ist dieser rostfreie&nbsp;<strong>Weinkorkenzieher<\/strong>&nbsp;in der zeitlosen Form einer edlen Skulptur aus schwarz lackiertem Holz eingeh\u00fcllt. Das minimale Design der Au\u00dfenseite des K\u00e4stchens birgt einen wahren Schatz der Weinbau- und Handwerkstradition: Ihren&nbsp;<strong>Oeno Motion Gold Flaschen\u00f6ffner<\/strong>, der stets bereit ist, eine gute Flasche Rotwein, Wei\u00dfwein oder Ros\u00e9 zu \u00f6ffnen.<\/p>\n\n\n\n<p>Dank seines&nbsp;<strong>unfehlbaren Mechanismus<\/strong>&nbsp;ist das Herausziehen des Korkens ein Genuss f\u00fcr all diejenigen, denen ein authentisches Weinritual am Herzen liegt. Dieser&nbsp;<strong>prestigetr\u00e4chtige Korkenzieher<\/strong>&nbsp;mit Kapselschneider, der diskret auf der Innenseite des Kiefers angebracht ist, liegt gut in der Hand und schmiegt sich fest um den Flaschenhals. Wenn Sie den Hebel nach unten dr\u00fccken, windet sich die Spindel in den Kork, bevor er in einer gegenl\u00e4ufigen Bewegung den Korken m\u00fchelos sanft herausl\u00f6st.<\/p>\n\n\n\n<p>Durch eine weitere Auf- und Abbewegung wird der Korken im Anschluss aus Ihrem echten&nbsp;<strong>Sommelierwerkzeug<\/strong>&nbsp;befreit, das in der Folge auf den n\u00e4chsten Jahrgang wartet, den es zu verkosten gilt. Diese doppelte Bewegung spiegelt sich in der subtilen Verschiebung des Sockels des&nbsp;<strong>geschnitzten Geometry-K\u00e4stchen<\/strong>&nbsp;wider: offen oder geschlossen, eine Hommage an die Kunst des Freilegens und Verbergens, an das historische Geheimnis des Weinbaus.<\/p>\n\n\n    <div class=\"separator mobile-hidden\" style=\"height:40px\"><\/div>\r\n    <div class=\"separator laptop-hidden\" style=\"height:20px\"><\/div>\r\n\n\n<div class=\"gallery\">\r\n            <div class=\"gallery-row row\">\r\n                                <div style=\"flex:1.5003663003663\">\r\n                        <img decoding=\"async\" src=\"https:\/\/www.atelierduvin.com\/wp-content\/uploads\/0_Geometry_ambiance_miroir_03_HD-scaled.jpg\" alt=\"Ouverture du coffret Geometry qui d\u00e9voile le tire-bouchon a levier Oeno Motion Gold\" loading=\"eager\" >                    <\/div>\r\n                        <\/div>\r\n    <\/div>\n\n    <div class=\"separator mobile-hidden\" style=\"height:40px\"><\/div>\r\n    <div class=\"separator laptop-hidden\" style=\"height:20px\"><\/div>\r\n\n\n\n<h2 class=\"wp-block-heading\">Oeno Motion Gold Geometry, ein au\u00dfergew\u00f6hnlicher Korkenzieher<\/h2>\n\n\n\n<p>Wie der Nektar der Reben in einer Weinflasche ist dieser rostfreie&nbsp;<strong>Weinkorkenzieher<\/strong>&nbsp;in der zeitlosen Form einer edlen Skulptur aus schwarz lackiertem Holz eingeh\u00fcllt. Das minimale Design der Au\u00dfenseite des K\u00e4stchens birgt einen wahren Schatz der Weinbau- und Handwerkstradition: Ihren&nbsp;<strong>Oeno Motion Gold Flaschen\u00f6ffner<\/strong>, der stets bereit ist, eine gute Flasche Rotwein, Wei\u00dfwein oder Ros\u00e9 zu \u00f6ffnen.<\/p>\n\n\n\n<p>Dank seines&nbsp;<strong>unfehlbaren Mechanismus<\/strong>&nbsp;ist das Herausziehen des Korkens ein Genuss f\u00fcr all diejenigen, denen ein authentisches Weinritual am Herzen liegt. Dieser&nbsp;<strong>prestigetr\u00e4chtige Korkenzieher<\/strong>&nbsp;mit Kapselschneider, der diskret auf der Innenseite des Kiefers angebracht ist, liegt gut in der Hand und schmiegt sich fest um den Flaschenhals. Wenn Sie den Hebel nach unten dr\u00fccken, windet sich die Spindel in den Kork, bevor er in einer gegenl\u00e4ufigen Bewegung den Korken m\u00fchelos sanft herausl\u00f6st.<\/p>\n\n\n\n<p>Durch eine weitere Auf- und Abbewegung wird der Korken im Anschluss aus Ihrem echten&nbsp;<strong>Sommelierwerkzeug<\/strong> befreit, das in der Folge auf den n\u00e4chsten Jahrgang wartet, den es zu verkosten gilt.<\/p>\n\n\n\n<p>Diese doppelte Bewegung spiegelt sich in der subtilen Verschiebung des Sockels des&nbsp;<strong>geschnitzten Geometry-K\u00e4stchen<\/strong>&nbsp;wider: offen oder geschlossen, eine Hommage an die Kunst des Freilegens und Verbergens, an das historische Geheimnis des Weinbaus.<\/p>\n\n\n\n<p>Der ebenso unersch\u00fctterliche wie verl\u00e4ssliche Oeno Motion Gold Geometry ist der Korkenzieher der Wahl, wenn es darum geht, eine Flasche zu entkorken, die in Ihrem Weinkeller herangereift ist. Er wird daher von Sommeliers, \u00d6nologen, Weinh\u00e4ndlern und anspruchsvollen Weinliebhabern besonders gesch\u00e4tzt.<\/p>\n\n\n\n<p>Auch Sammler und kunstliebende Weinenthusiasten werden an diesem von Margherita Matticari entworfenen Geometry-Design-K\u00e4stchen ihre Freude haben. Es f\u00fcgt sich nahtlos ein in die Reihe anderer begehrter Korkenzieher-Sets und Sammlerflaschen\u00f6ffner-Sets von L\u2019Atelier du Vin, seit 1926 Ihr franz\u00f6sischer, familiengef\u00fchrter Hersteller von Weinaccessoires.<\/p>\n\n\n    <div class=\"separator mobile-hidden\" style=\"height:40px\"><\/div>\r\n    <div class=\"separator laptop-hidden\" style=\"height:20px\"><\/div>\r\n\n\n<div class=\"acc-head\">\r\n    <p>\r\n        Abmessungen    <\/p>\r\n    <div class=\"acc-icon\">\r\n        <div class=\"ico-minus\"><\/div>\r\n        <div class=\"ico-plus\"><\/div>\r\n    <\/div>\r\n<\/div>\r\n<div class=\"acc-body\">\r\n    <div class=\"acc-content\">\r\n        <p>H\u00f6he der Box: 22 cm<br \/>\nL\u00e4nge der geschlossenen Box: 37,5 cm<br \/>\nL\u00e4nge der ge\u00f6ffneten Box: 58,5 cm<br \/>\nBreite der Box: 6 cm<\/p>\n    <\/div>\r\n<\/div>\n\n<div class=\"acc-head\">\r\n    <p>\r\n        Finish    <\/p>\r\n    <div class=\"acc-icon\">\r\n        <div class=\"ico-minus\"><\/div>\r\n        <div class=\"ico-plus\"><\/div>\r\n    <\/div>\r\n<\/div>\r\n<div class=\"acc-body\">\r\n    <div class=\"acc-content\">\r\n        <p>Bois, m\u00e9tal, alliages, cuir fabriqu\u00e9s et laqu\u00e9s \u00e0 la main.<\/p>\n    <\/div>\r\n<\/div>","protected":false},"excerpt":{"rendered":"<p>Ein eigenst\u00e4ndiges Kunstobjekt: eine Schatulle\/Skulptur.<\/p>\n","protected":false},"featured_media":184490,"template":"","meta":{"_acf_changed":true},"product_brand":[],"product_cat":[363,730,745,750,797,372,401,404,407,347,348,398,395],"product_tag":[421],"class_list":{"0":"post-179751","1":"product","2":"type-product","3":"status-publish","4":"has-post-thumbnail","6":"product_cat-noble-holz-kollektionen","7":"product_cat-vatertag-geschenkideen","8":"product_cat-ueber-200-euro","9":"product_cat-valentinstag-geschenkideen","10":"product_cat-personalisierte-korkenzieher","11":"product_cat-hebelkorkenzieher","12":"product_cat-luxurioese-geschenke","13":"product_cat-weinaccessoire-kollektion","14":"product_cat-personalisierung","15":"product_cat-wein-zubehoer-set","16":"product_cat-korkenzieher","17":"product_cat-geschenke-fuer-ihn","18":"product_cat-alles-anzeigen","19":"product_tag-personalisierbar","20":"tm-has-options","22":"first","23":"instock","24":"taxable","25":"shipping-taxable","26":"purchasable","27":"product-type-variable","28":"has-default-attributes"},"bundled_by":[],"bundle_stock_status":"instock","bundle_stock_quantity":null,"bundle_virtual":false,"bundle_layout":"","bundle_add_to_cart_form_location":"","bundle_editable_in_cart":false,"bundle_sold_individually_context":"","bundle_item_grouping":"","bundle_min_size":"","bundle_max_size":"","bundle_price":[],"bundled_items":[],"bundle_sell_ids":[151018,151017,151004],"acf":[],"df_price":566.67,"df_sale_price":"","df_regular_price":566.67,"df_image_link":"https:\/\/www.atelierduvin.com\/wp-content\/uploads\/Geometry_boiteouverte_face-450x450.jpg","_links":{"self":[{"href":"https:\/\/www.atelierduvin.com\/de\/wp-json\/wp\/v2\/product\/179751","targetHints":{"allow":["GET"]}}],"collection":[{"href":"https:\/\/www.atelierduvin.com\/de\/wp-json\/wp\/v2\/product"}],"about":[{"href":"https:\/\/www.atelierduvin.com\/de\/wp-json\/wp\/v2\/types\/product"}],"wp:featuredmedia":[{"embeddable":true,"href":"https:\/\/www.atelierduvin.com\/de\/wp-json\/wp\/v2\/media\/184490"}],"wp:attachment":[{"href":"https:\/\/www.atelierduvin.com\/de\/wp-json\/wp\/v2\/media?parent=179751"}],"wp:term":[{"taxonomy":"product_brand","embeddable":true,"href":"https:\/\/www.atelierduvin.com\/de\/wp-json\/wp\/v2\/product_brand?post=179751"},{"taxonomy":"product_cat","embeddable":true,"href":"https:\/\/www.atelierduvin.com\/de\/wp-json\/wp\/v2\/product_cat?post=179751"},{"taxonomy":"product_tag","embeddable":true,"href":"https:\/\/www.atelierduvin.com\/de\/wp-json\/wp\/v2\/product_tag?post=179751"}],"curies":[{"name":"wp","href":"https:\/\/api.w.org\/{rel}","templated":true}]}}