{"id":179724,"date":"2023-02-16T09:36:20","date_gmt":"2023-02-16T08:36:20","guid":{"rendered":"https:\/\/www.refonte-adv.votre-projet.com\/product\/ausgieser-belufter-weich\/"},"modified":"2026-05-17T12:01:26","modified_gmt":"2026-05-17T10:01:26","slug":"ausgieser-belufter-weich","status":"publish","type":"product","link":"https:\/\/www.atelierduvin.com\/de\/produkt\/ausgieser-belufter-weich\/","title":{"rendered":"Ausgie\u00dfer Bel\u00fcfter Weich"},"content":{"rendered":"\n<h2 class=\"wp-block-heading\">Ausgie\u00dfer-Bel\u00fcfter weich: Pr\u00e4zision und Sauerstoffzufuhr<\/h2>\n\n<p>Innovation im Zusammenhang mit einer Modell-Einreichung von L\u2019Atelier du Vin, der flexible Ausgie\u00dfer-Bel\u00fcfter eine 2-in-1-L\u00f6sung.<\/p>\n\n<p><p>Als Feder unterbricht der weiche Ausgie\u00dfer-Bel\u00fcfter den\u00a0<strong>Fluss des Weins<\/strong>\u00a0und bietet so beim Ausschenken eine\u00a0<strong>hohe Pr\u00e4zision<\/strong>. Unsch\u00f6ne Flecken auf der Tischdecke werden vermieden. Die gro\u00dfe Flexibilit\u00e4t des Ausgie\u00dfers erm\u00f6glicht es au\u00dferdem,\u00a0<strong>diese kleine Feder an jeden Flaschenhals anzupassen<\/strong>.<\/p><\/p>\n\n<p><p>Der weiche Ausgie\u00dfer-Bel\u00fcfter ist mit einer\u00a0<strong>herausgearbeiteten Sauerstoffzone versehen<\/strong>, dank dem sich das\u00a0<strong>Aroma des Weins<\/strong>\u00a0sanft entfalten kann. Seine silberne Farbe spielt mit den Spiegelungen des Weins. Die Farben werden sublimiert, das Servieren zu einem Ritual.<\/p><\/p>\n\n<p><p>Zum weichen Ausgie\u00dfer-Bel\u00fcfter geh\u00f6rt eine Tasche, in der die f\u00fcnf wiederverwendbaren Ausgie\u00dfer stilvoll aufbewahrt werden k\u00f6nnen.<\/p><\/p>\n\n<p><p>Eines effizienten und unverzichtbaren Accessoires f\u00fcr Weinliebhaber und -enthusiasten.<\/p><\/p>\n    <div class=\"separator mobile-hidden\" style=\"height:40px\"><\/div>\r\n    <div class=\"separator laptop-hidden\" style=\"height:20px\"><\/div>\r\n\n<h2 class=\"wp-block-heading\">Wein sanft und elegant servieren<\/h2>\n\n<p><p>Die Verkostung eines gro\u00dfen Jahrgangs verdient die Einhaltung des Weinrituals bis ins kleinste Detail. Unter den zahlreichen\u00a0<strong>Weinaccessoires<\/strong>, die jeder Weinliebhaber zu Hause haben sollte, ist dieses clevere Sommelierwerkzeug unverzichtbar, um sich in der\u00a0<strong>Kunst, Wein zu servieren,\u00a0<\/strong>auszuzeichnen.<\/p><\/p>\n\n<p><p>Dieser von L\u2018Atelier du Vin konzipierte\u00a0<strong>flexible Ausgie\u00dfer-Bel\u00fcfter<\/strong>\u00a0ist die nat\u00fcrliche Verl\u00e4ngerung Ihrer Flasche. Nachdem Sie den Korken entfernt haben, rollen Sie den Ausgie\u00dfer-Bel\u00fcfter einfach zusammen und positionieren ihn vor dem\u00a0<strong>Servieren des Weins<\/strong>\u00a0im Flaschenhals. In Frankreich und international erfreut er sich bei Sommeliers, Winzern, \u00d6nologen und Weinh\u00e4ndlern seit \u00fcber 15 Jahren gro\u00dfer Beliebtheit.<\/p><\/p>\n    <div class=\"separator mobile-hidden\" style=\"height:40px\"><\/div>\r\n    <div class=\"separator laptop-hidden\" style=\"height:20px\"><\/div>\r\n\n<h3 class=\"wp-block-heading\">Ein Weinaccessoire, das sich allen Flaschenformaten anpasst<\/h3>\n\n<p><p>Im Vergleich zu einem Dosierverschluss oder einem starren Ausschenker bietet er den Vorteil, dass er sich unabh\u00e4ngig vom Durchmesser perfekt an den Flaschenhals anpasst und\u00a0<strong>den Wein<\/strong>\u00a0dank seiner mit Perlen versehenen Oberfl\u00e4che sanft\u00a0<strong>bel\u00fcftet<\/strong>. Sie k\u00f6nnen ihn also f\u00fcr alle Weinflaschen verwenden, vor allem f\u00fcr solche, f\u00fcr die andere Ausgie\u00dfer und Ausschankutensilien ungeeignet sind.<\/p><\/p>\n    <div class=\"separator mobile-hidden\" style=\"height:40px\"><\/div>\r\n    <div class=\"separator laptop-hidden\" style=\"height:20px\"><\/div>\r\n<div class=\"gallery\">\r\n            <div class=\"gallery-row row\">\r\n                                <div style=\"flex:1.5058823529412\">\r\n                        <img decoding=\"async\" src=\"https:\/\/www.atelierduvin.com\/wp-content\/uploads\/VerseurAerateurSouple_ambiance_paysage_HD-scaled.jpg\" alt=\"\" loading=\"eager\" >                    <\/div>\r\n                        <\/div>\r\n    <\/div>\n<div class=\"wp-block-columns is-layout-flex wp-container-core-columns-is-layout-9d6595d7 wp-block-columns-is-layout-flex\">\n<div class=\"wp-block-column is-layout-flow wp-block-column-is-layout-flow\">\n<h3 class=\"wp-block-heading\">Ein tropffreier Ausgie\u00dfer<\/h3>\n\n\n\n<p><p>Wein servieren bedeutet gleichzeitig\u00a0<strong>zu<\/strong>\u00a0<strong>zielen, zu kippen, einzuschenken, zu bel\u00fcften<\/strong>\u00a0und den Fluss im richtigen Moment\u00a0<strong>zu<\/strong>\u00a0<strong>stoppen<\/strong>, ohne dabei auch nur einen Tropfen zu verlieren. Manchmal muss man einen Wein in dieser heiklen Phase auch dekantieren. Der\u00a0<strong>Ausgie\u00dfer-Bel\u00fcfter<\/strong>, in dem sich die gesamte Technik der Sommeliers widerspiegelt, hilft, die Handhabung der Flasche f\u00fcr Weinliebhaber einfacher und angenehmer zu gestalten. Seine\u00a0<strong>tropffreie<\/strong>\u00a0<strong>Feder<\/strong>\u00a0ist spitz zulaufend, um den edlen Nektar kontrolliert und tropfengenau\u00a0<strong>in ein<\/strong>\u00a0<strong>Glas einzuschenken<\/strong>.<\/p><\/p>\n\n\n    <div class=\"separator mobile-hidden\" style=\"height:40px\"><\/div>\r\n    <div class=\"separator laptop-hidden\" style=\"height:20px\"><\/div>\r\n\n\n\n<h3 class=\"wp-block-heading\">Optimale Oberfl\u00e4che, um den Wein beim Servieren zu bel\u00fcften<\/h3>\n\n\n\n<p><p>Ihr\u00a0<strong>Wein-Ausgie\u00dfer-Bel\u00fcfter<\/strong>\u00a0kommt nach dem Korkenzieher, kurz vor der Dekantierkaraffe oder dem Verkostungsglas zum Einsatz. In seine Oberfl\u00e4che sind winzige Perlen eingearbeitet, die\u00a0<strong>den Wein atmen lassen<\/strong>\u00a0und so die\u00a0<strong>Entfaltung der Aromen<\/strong>\u00a0beim \u00dcbergang des feinen Nektars f\u00f6rdern. W\u00e4hrend er sich aus der Flasche l\u00f6st, setzt die subtile Bel\u00fcftung ferner die D\u00fcfte des Weines frei.<\/p><\/p>\n<\/div>\n\n\n\n<div class=\"wp-block-column is-layout-flow wp-block-column-is-layout-flow\">\n<h3 class=\"wp-block-heading\">Ein wertvolles Accessoire zum Dekantieren von Wein<\/h3>\n\n\n\n<p><p>Der flexible Ausgie\u00dfer-Bel\u00fcfter wird auch zum\u00a0<strong>Dekantieren von Wein<\/strong>\u00a0verwendet. Beim \u00d6ffnen eines edlen Grand Cru mit leichtem Bodensatz spielt der Ausgie\u00dfer-Bel\u00fcfter als\u00a0<strong>Dekantierer<\/strong>\u00a0eine entscheidende Rolle, um nur das Beste des Nektars umzuf\u00fcllen, w\u00e4hrend die Sedimente im Inneren der Weinflasche verbleiben. Ihr Ausgie\u00dfer-Bel\u00fcfter ist also dank seines Tropfschutzes auch ein\u00a0<strong>Weindekantierer<\/strong>. Aufgrund seiner hohen Pr\u00e4zision beim Umf\u00fcllen in eine Weinkaraffe oder eine zweite Flasche kann dar\u00fcber hinaus auf Trichter verzichtet werden.<\/p><\/p>\n\n\n    <div class=\"separator mobile-hidden\" style=\"height:40px\"><\/div>\r\n    <div class=\"separator laptop-hidden\" style=\"height:20px\"><\/div>\r\n\n\n\n<h3 class=\"wp-block-heading\">5 wiederverwendbare Ausgie\u00dfer-Bel\u00fcfter<\/h3>\n\n\n\n<p>Rotweine, Wei\u00dfweine, vielversprechende Jungweine, alte klassifizierte Weine und Jahrgangsweine: Der flexible Ausgie\u00dfer-Bel\u00fcfter begleitet Sie ein Leben lang auf Ihrer Weinreise durch tausend und eine Verkostung. Er ist\u00a0<strong>wiederverwendbar und l\u00e4sst sich leicht<\/strong>\u00a0flach in seiner Tasche\u00a0<strong>verstauen<\/strong>. Er wird sich den W\u00fcnschen Ihrer G\u00e4ste anpassen, ohne dabei seine Form zu verlieren. Dieses\u00a0<strong>Set aus 5 flexiblen Ausgie\u00dfern-Bel\u00fcftern\u00a0<\/strong>steht Ihnen bei einer Weinprobe oder einem Weinabend mit Freunden treu und zuverl\u00e4ssig zur Seite.<\/p>\n<\/div>\n<\/div>\n    <div class=\"separator mobile-hidden\" style=\"height:40px\"><\/div>\r\n    <div class=\"separator laptop-hidden\" style=\"height:20px\"><\/div>\r\n<div class=\"acc-head\">\r\n    <p>\r\n        Eigenschaften    <\/p>\r\n    <div class=\"acc-icon\">\r\n        <div class=\"ico-minus\"><\/div>\r\n        <div class=\"ico-plus\"><\/div>\r\n    <\/div>\r\n<\/div>\r\n<div class=\"acc-body\">\r\n    <div class=\"acc-content\">\r\n        <p>x5 wiederverwendbar.<br \/>\nAufbewahrung auf einer flachen Unterlage.<br \/>\nVon Hand mit lauwarmem Wasser reinigen.<\/p>\n    <\/div>\r\n<\/div><div class=\"acc-head\">\r\n    <p>\r\n        Finish    <\/p>\r\n    <div class=\"acc-icon\">\r\n        <div class=\"ico-minus\"><\/div>\r\n        <div class=\"ico-plus\"><\/div>\r\n    <\/div>\r\n<\/div>\r\n<div class=\"acc-body\">\r\n    <div class=\"acc-content\">\r\n        <p>Composite.<\/p>\n    <\/div>\r\n<\/div>","protected":false},"excerpt":{"rendered":"<p>Sauber geschnittener Fluss f\u00fcr eine fleckenfreie Tischdecke. Sanfte Sauerstoffanreicherung und Enth\u00fcllung der Weinaromen.<\/p>\n","protected":false},"featured_media":186417,"template":"","meta":{"_acf_changed":false},"product_brand":[],"product_cat":[352,404,396,395,356],"product_tag":[],"class_list":{"0":"post-179724","1":"product","2":"type-product","3":"status-publish","4":"has-post-thumbnail","6":"product_cat-weinservice","7":"product_cat-weinaccessoire-kollektion","8":"product_cat-unerlaessliches","9":"product_cat-alles-anzeigen","10":"product_cat-accessoires-zum-servieren","11":"tm-no-options","13":"first","14":"instock","15":"taxable","16":"shipping-taxable","17":"purchasable","18":"product-type-simple"},"bundled_by":[],"bundle_stock_status":"instock","bundle_stock_quantity":9505,"bundle_virtual":false,"bundle_layout":"","bundle_add_to_cart_form_location":"","bundle_editable_in_cart":false,"bundle_sold_individually_context":"","bundle_item_grouping":"","bundle_min_size":"","bundle_max_size":"","bundle_price":[],"bundled_items":[],"bundle_sell_ids":[151018,151017,151004],"acf":[],"df_price":8.33,"df_sale_price":"","df_regular_price":8.33,"df_image_link":"https:\/\/www.atelierduvin.com\/wp-content\/uploads\/VerseurAerateurSouople_2faces_HD-450x450.jpg","_links":{"self":[{"href":"https:\/\/www.atelierduvin.com\/de\/wp-json\/wp\/v2\/product\/179724","targetHints":{"allow":["GET"]}}],"collection":[{"href":"https:\/\/www.atelierduvin.com\/de\/wp-json\/wp\/v2\/product"}],"about":[{"href":"https:\/\/www.atelierduvin.com\/de\/wp-json\/wp\/v2\/types\/product"}],"wp:featuredmedia":[{"embeddable":true,"href":"https:\/\/www.atelierduvin.com\/de\/wp-json\/wp\/v2\/media\/186417"}],"wp:attachment":[{"href":"https:\/\/www.atelierduvin.com\/de\/wp-json\/wp\/v2\/media?parent=179724"}],"wp:term":[{"taxonomy":"product_brand","embeddable":true,"href":"https:\/\/www.atelierduvin.com\/de\/wp-json\/wp\/v2\/product_brand?post=179724"},{"taxonomy":"product_cat","embeddable":true,"href":"https:\/\/www.atelierduvin.com\/de\/wp-json\/wp\/v2\/product_cat?post=179724"},{"taxonomy":"product_tag","embeddable":true,"href":"https:\/\/www.atelierduvin.com\/de\/wp-json\/wp\/v2\/product_tag?post=179724"}],"curies":[{"name":"wp","href":"https:\/\/api.w.org\/{rel}","templated":true}]}}