{"id":179574,"date":"2023-02-14T13:45:44","date_gmt":"2023-02-14T12:45:44","guid":{"rendered":"https:\/\/www.refonte-adv.votre-projet.com\/product\/le-trio-bouchons\/"},"modified":"2026-05-11T12:01:20","modified_gmt":"2026-05-11T10:01:20","slug":"le-trio-bouchons","status":"publish","type":"product","link":"https:\/\/www.atelierduvin.com\/de\/produkt\/le-trio-bouchons\/","title":{"rendered":"Le Trio &#8211; Bouchons"},"content":{"rendered":"<div class=\"gallery\">\r\n            <div class=\"gallery-row row\">\r\n                                <div style=\"flex:1.25\">\r\n                        <img decoding=\"async\" src=\"https:\/\/www.atelierduvin.com\/wp-content\/uploads\/LeTrio_Bouchons_ambiance_paysage1.jpg\" alt=\"Bouchons de conservation pour le vin\" loading=\"eager\" >                    <\/div>\r\n                        <\/div>\r\n    <\/div>\n<h2 class=\"wp-block-heading\">3 Verschl\u00fcsse, die jede Verkostung aufwerten<\/h2>\n\n<p><p align=\"justify\">Anstelle des Korkens kr\u00f6nt jeder\u00a0<strong>Verschluss<\/strong>\u00a0seine Glasflasche wie ein Diadem. Dank ihrer raffinierten und ergonomischen Silhouette gestaltet sich die Handhabung dieser drei\u00a0<strong>edlen Verschl\u00fcsse<\/strong>\u00a0mit Daumen und Zeigefinger besonders einfach und unkompliziert. Mit ihrer Benutzerfreundlichkeit laden sie Sie dazu ein, den Genuss einer offenen Weinflasche zu verl\u00e4ngern. Nie war es so einfach, sie effizient zu verschlie\u00dfen und wieder zu \u00f6ffnen.<\/p><\/p>\n\n<p>Insbesondere ihre Legierung verleiht ihnen ein\u00a0<strong>ideales Gewicht<\/strong>, das beim Schlie\u00dfen und Wieder\u00f6ffnen Hochwertigkeit, Qualit\u00e4t und Sicherheit verspricht. Dank ihres Rings aus nahrungsmittelgerechtem Silikon passen Ihre Verschl\u00fcsse auf jeden Halsdurchmesser, wo sie einen\u00a0<strong>luftdichten Verschluss\u00a0<\/strong>gew\u00e4hrleisten. Der Nektar des Bacchus wird geb\u00fchrend gew\u00fcrdigt und bis zum letzten Tropfen bewahrt.<\/p>\n    <div class=\"separator mobile-hidden\" style=\"height:40px\"><\/div>\r\n    <div class=\"separator laptop-hidden\" style=\"height:20px\"><\/div>\r\n<div class=\"acc-head\">\r\n    <p>\r\n        Eigenschaften    <\/p>\r\n    <div class=\"acc-icon\">\r\n        <div class=\"ico-minus\"><\/div>\r\n        <div class=\"ico-plus\"><\/div>\r\n    <\/div>\r\n<\/div>\r\n<div class=\"acc-body\">\r\n    <div class=\"acc-content\">\r\n        <p>An Bouchons \u201epinc\u00e9s\u201c erinnernd, erm\u00f6glichen die Bouchons ein sicheres und einfaches Verschlie\u00dfen angebrochener Weinflaschen.<\/p>\n<p>Eingetragenes Design.<\/p>\n<p>Nicht f\u00fcr Schaumweine geeignet.<\/p>\n<p>Nur Handw\u00e4sche.<\/p>\n    <\/div>\r\n<\/div><div class=\"acc-head\">\r\n    <p>\r\n        Finish    <\/p>\r\n    <div class=\"acc-icon\">\r\n        <div class=\"ico-minus\"><\/div>\r\n        <div class=\"ico-plus\"><\/div>\r\n    <\/div>\r\n<\/div>\r\n<div class=\"acc-body\">\r\n    <div class=\"acc-content\">\r\n        <p>Legierung und Silikon.<\/p>\n    <\/div>\r\n<\/div>","protected":false},"excerpt":{"rendered":"<p>Matt Rose, Matt Silver, Matt Gold: Diese aus einer Legierung gefertigten hermetischen Verschl\u00fcsse sind ebenso n\u00fctzlich wie elegant.<\/p>\n","protected":false},"featured_media":186332,"template":"","meta":{"_acf_changed":false},"product_brand":[],"product_cat":[381,752,404,397,351,395],"product_tag":[],"class_list":{"0":"post-179574","1":"product","2":"type-product","3":"status-publish","4":"has-post-thumbnail","6":"product_cat-weinverschlusse","7":"product_cat-geschenke-fur-sie","8":"product_cat-weinaccessoire-kollektion","9":"product_cat-geschenke-fuer-sie","10":"product_cat-flaschenverschlusse_und_aufbewahrung","11":"product_cat-alles-anzeigen","12":"tm-no-options","14":"first","15":"instock","16":"taxable","17":"shipping-taxable","18":"purchasable","19":"product-type-simple"},"bundled_by":[],"bundle_stock_status":"instock","bundle_stock_quantity":1347,"bundle_virtual":false,"bundle_layout":"","bundle_add_to_cart_form_location":"","bundle_editable_in_cart":false,"bundle_sold_individually_context":"","bundle_item_grouping":"","bundle_min_size":"","bundle_max_size":"","bundle_price":[],"bundled_items":[],"bundle_sell_ids":[151018,151017,151004],"acf":[],"df_price":55.83,"df_sale_price":"","df_regular_price":55.83,"df_image_link":"https:\/\/www.atelierduvin.com\/wp-content\/uploads\/LeTrio_Bouchons_compo_HD-450x450.jpg","_links":{"self":[{"href":"https:\/\/www.atelierduvin.com\/de\/wp-json\/wp\/v2\/product\/179574","targetHints":{"allow":["GET"]}}],"collection":[{"href":"https:\/\/www.atelierduvin.com\/de\/wp-json\/wp\/v2\/product"}],"about":[{"href":"https:\/\/www.atelierduvin.com\/de\/wp-json\/wp\/v2\/types\/product"}],"wp:featuredmedia":[{"embeddable":true,"href":"https:\/\/www.atelierduvin.com\/de\/wp-json\/wp\/v2\/media\/186332"}],"wp:attachment":[{"href":"https:\/\/www.atelierduvin.com\/de\/wp-json\/wp\/v2\/media?parent=179574"}],"wp:term":[{"taxonomy":"product_brand","embeddable":true,"href":"https:\/\/www.atelierduvin.com\/de\/wp-json\/wp\/v2\/product_brand?post=179574"},{"taxonomy":"product_cat","embeddable":true,"href":"https:\/\/www.atelierduvin.com\/de\/wp-json\/wp\/v2\/product_cat?post=179574"},{"taxonomy":"product_tag","embeddable":true,"href":"https:\/\/www.atelierduvin.com\/de\/wp-json\/wp\/v2\/product_tag?post=179574"}],"curies":[{"name":"wp","href":"https:\/\/api.w.org\/{rel}","templated":true}]}}