{"id":151081,"date":"2021-04-20T09:39:19","date_gmt":"2021-04-20T07:39:19","guid":{"rendered":"https:\/\/www.refonte-adv.votre-projet.com\/product\/tote-bag\/"},"modified":"2026-04-16T12:01:51","modified_gmt":"2026-04-16T10:01:51","slug":"tote-bag","status":"publish","type":"product","link":"https:\/\/www.atelierduvin.com\/de\/produkt\/tote-bag\/","title":{"rendered":"Tote-bag"},"content":{"rendered":"<div class=\"acc-head\">\r\n    <p>\r\n        Eigenschaften    <\/p>\r\n    <div class=\"acc-icon\">\r\n        <div class=\"ico-minus\"><\/div>\r\n        <div class=\"ico-plus\"><\/div>\r\n    <\/div>\r\n<\/div>\r\n<div class=\"acc-body\">\r\n    <div class=\"acc-content\">\r\n        <p>Makelloses Wei\u00df<br \/>\nL\u2019Atelier du Vin Logo, in der Mitte gestempelt<br \/>\nGen\u00e4hte Griffe f\u00fcr bequemen und eleganten Transport<\/p>\n    <\/div>\r\n<\/div>","protected":false},"excerpt":{"rendered":"<p>Dieser Tote Bag ist mehr als nur ein Accessoire. Nehmen Sie ihn mit auf Ihre Weinabenteuer oder im Alltag\u2026 Sie werden bald nicht mehr darauf verzichten wollen.\u00a0<\/p>\n<p>Gr\u00f6\u00dfe L: B 45 \u00d7 H 40 \u00d7 T 12 cm<\/p>\n<p>Gr\u00f6\u00dfe XL: B 46 \u00d7 H 46 \u00d7 T 14 cm<\/p>\n","protected":false},"featured_media":301852,"template":"","meta":{"_acf_changed":true},"product_brand":[],"product_cat":[722,404],"product_tag":[],"class_list":{"0":"post-151081","1":"product","2":"type-product","3":"status-publish","4":"has-post-thumbnail","6":"product_cat-verpackung","7":"product_cat-weinaccessoire-kollektion","8":"tm-no-options","10":"first","11":"instock","12":"taxable","13":"shipping-taxable","14":"purchasable","15":"product-type-variable","16":"has-default-attributes"},"bundled_by":[],"bundle_stock_status":"instock","bundle_stock_quantity":null,"bundle_virtual":false,"bundle_layout":"","bundle_add_to_cart_form_location":"","bundle_editable_in_cart":false,"bundle_sold_individually_context":"","bundle_item_grouping":"","bundle_min_size":"","bundle_max_size":"","bundle_price":[],"bundled_items":[],"bundle_sell_ids":[],"acf":[],"df_price":6.67,"df_sale_price":"","df_regular_price":6.67,"df_image_link":"https:\/\/www.atelierduvin.com\/wp-content\/uploads\/Totebag_ADV_packshot_HD-450x450.jpg","_links":{"self":[{"href":"https:\/\/www.atelierduvin.com\/de\/wp-json\/wp\/v2\/product\/151081","targetHints":{"allow":["GET"]}}],"collection":[{"href":"https:\/\/www.atelierduvin.com\/de\/wp-json\/wp\/v2\/product"}],"about":[{"href":"https:\/\/www.atelierduvin.com\/de\/wp-json\/wp\/v2\/types\/product"}],"wp:featuredmedia":[{"embeddable":true,"href":"https:\/\/www.atelierduvin.com\/de\/wp-json\/wp\/v2\/media\/301852"}],"wp:attachment":[{"href":"https:\/\/www.atelierduvin.com\/de\/wp-json\/wp\/v2\/media?parent=151081"}],"wp:term":[{"taxonomy":"product_brand","embeddable":true,"href":"https:\/\/www.atelierduvin.com\/de\/wp-json\/wp\/v2\/product_brand?post=151081"},{"taxonomy":"product_cat","embeddable":true,"href":"https:\/\/www.atelierduvin.com\/de\/wp-json\/wp\/v2\/product_cat?post=151081"},{"taxonomy":"product_tag","embeddable":true,"href":"https:\/\/www.atelierduvin.com\/de\/wp-json\/wp\/v2\/product_tag?post=151081"}],"curies":[{"name":"wp","href":"https:\/\/api.w.org\/{rel}","templated":true}]}}