{"id":151078,"date":"2022-12-01T16:04:36","date_gmt":"2022-12-01T15:04:36","guid":{"rendered":"https:\/\/www.refonte-adv.votre-projet.com\/product\/textiltasche\/"},"modified":"2026-05-11T12:01:15","modified_gmt":"2026-05-11T10:01:15","slug":"textiltasche","status":"publish","type":"product","link":"https:\/\/www.atelierduvin.com\/de\/produkt\/textiltasche\/","title":{"rendered":"Textiltasche"},"content":{"rendered":"<div class=\"acc-head\">\r\n    <p>\r\n        Eigenschaften    <\/p>\r\n    <div class=\"acc-icon\">\r\n        <div class=\"ico-minus\"><\/div>\r\n        <div class=\"ico-plus\"><\/div>\r\n    <\/div>\r\n<\/div>\r\n<div class=\"acc-body\">\r\n    <div class=\"acc-content\">\r\n        <p>Weiche und angenehme Baumwolle<br \/>\nEine grazile Klappe<br \/>\nMa\u00dfe: 26,5 cm H\u00f6he x 37 cm Breite, ideal f\u00fcr Produkte wie den <span style=\"text-decoration: underline;\"><strong><a href=\"https:\/\/www.atelierduvin.com\/de\/produkt\/oeno-motion-woodblack\/\">Oeno Motion Wood &amp; Black<\/a><\/strong><\/span> oder <span style=\"text-decoration: underline;\"><strong><a href=\"https:\/\/www.atelierduvin.com\/de\/produkt\/oeno-motion-woodchrome\/\">Wood &amp; Chrome<\/a> <\/strong><\/span>Korkenzieher.<\/p>\n    <\/div>\r\n<\/div>","protected":false},"excerpt":{"rendered":"<p>Elegant und funktional ist unsere wei\u00dfe Stofftasche ein Statement f\u00fcr Stil und Eleganz. Nach Belieben wiederverwendbar bietet sie den perfekten Raum f\u00fcr Sch\u00e4tze wie unsere Korkenzieher und andere Accessoires und verleiht jeder Gelegenheit eine elegante Note.<\/p>\n","protected":false},"featured_media":184540,"template":"","meta":{"_acf_changed":false},"product_brand":[],"product_cat":[722,404],"product_tag":[],"class_list":{"0":"post-151078","1":"product","2":"type-product","3":"status-publish","4":"has-post-thumbnail","6":"product_cat-verpackung","7":"product_cat-weinaccessoire-kollektion","8":"tm-no-options","10":"first","11":"instock","12":"taxable","13":"shipping-taxable","14":"purchasable","15":"product-type-simple"},"bundled_by":[],"bundle_stock_status":"instock","bundle_stock_quantity":1860,"bundle_virtual":false,"bundle_layout":"","bundle_add_to_cart_form_location":"","bundle_editable_in_cart":false,"bundle_sold_individually_context":"","bundle_item_grouping":"","bundle_min_size":"","bundle_max_size":"","bundle_price":[],"bundled_items":[],"bundle_sell_ids":[],"acf":[],"df_price":5,"df_sale_price":"","df_regular_price":5,"df_image_link":"https:\/\/www.atelierduvin.com\/wp-content\/uploads\/Pochette_tissu_ADV_packshot-450x450.jpg","_links":{"self":[{"href":"https:\/\/www.atelierduvin.com\/de\/wp-json\/wp\/v2\/product\/151078","targetHints":{"allow":["GET"]}}],"collection":[{"href":"https:\/\/www.atelierduvin.com\/de\/wp-json\/wp\/v2\/product"}],"about":[{"href":"https:\/\/www.atelierduvin.com\/de\/wp-json\/wp\/v2\/types\/product"}],"wp:featuredmedia":[{"embeddable":true,"href":"https:\/\/www.atelierduvin.com\/de\/wp-json\/wp\/v2\/media\/184540"}],"wp:attachment":[{"href":"https:\/\/www.atelierduvin.com\/de\/wp-json\/wp\/v2\/media?parent=151078"}],"wp:term":[{"taxonomy":"product_brand","embeddable":true,"href":"https:\/\/www.atelierduvin.com\/de\/wp-json\/wp\/v2\/product_brand?post=151078"},{"taxonomy":"product_cat","embeddable":true,"href":"https:\/\/www.atelierduvin.com\/de\/wp-json\/wp\/v2\/product_cat?post=151078"},{"taxonomy":"product_tag","embeddable":true,"href":"https:\/\/www.atelierduvin.com\/de\/wp-json\/wp\/v2\/product_tag?post=151078"}],"curies":[{"name":"wp","href":"https:\/\/api.w.org\/{rel}","templated":true}]}}