{"id":71742,"date":"2022-10-24T13:31:29","date_gmt":"2022-10-24T11:31:29","guid":{"rendered":"https:\/\/www.refonte-adv.votre-projet.com\/?page_id=71742"},"modified":"2025-03-21T13:58:14","modified_gmt":"2025-03-21T12:58:14","slug":"vom-design-zum-objekt","status":"publish","type":"page","link":"https:\/\/www.atelierduvin.com\/de\/vom-design-zum-objekt\/","title":{"rendered":"Vom Design zum Objekt"},"content":{"rendered":"    <div class=\"separator mobile-hidden\" style=\"height:40px\"><\/div>\r\n    <div class=\"separator laptop-hidden\" style=\"height:20px\"><\/div>\r\n\n\n\n<h1 class=\"wp-block-heading has-text-align-center\">Vom Design zum Objekt<\/h1>\n\n\n\n<p class=\"has-text-align-center\">L\u2018Atelier du Vin beherrscht alle Schritte, von der Konzeption bis hin zur Herstellung, und bewahrt mithilfe seiner Designer, Ingenieure, Handwerksmeister, Tischler und Glasbl\u00e4sermeister ein einzigartiges franz\u00f6sisches Savoir-faire.<\/p>\n\n\n    <div class=\"separator mobile-hidden\" style=\"height:40px\"><\/div>\r\n    <div class=\"separator laptop-hidden\" style=\"height:20px\"><\/div>\r\n\n\n<div class=\"gallery\">\r\n            <div class=\"gallery-row row\">\r\n                                <div style=\"flex:1.5\">\r\n                        <img decoding=\"async\" src=\"https:\/\/www.atelierduvin.com\/wp-content\/uploads\/adv-nomad-napoli-11h45-30.jpg\" alt=\"\" loading=\"eager\" >                    <\/div>\r\n                                    <div style=\"flex:1.5\">\r\n                        <img decoding=\"async\" src=\"https:\/\/www.atelierduvin.com\/wp-content\/uploads\/ADV_NOMAD_NAPOLI_\u00a911h45-HD-21.gif\" alt=\"\" loading=\"eager\" >                    <\/div>\r\n                        <\/div>\r\n    <\/div>\n\n\n<div class=\"wp-block-group group-section group-section-text animate-scroll\"><div class=\"wp-block-group__inner-container is-layout-flow wp-block-group-is-layout-flow\">\n<div style=\"height:30px\" aria-hidden=\"true\" class=\"wp-block-spacer\"><\/div>\n<\/div><\/div>\n\n\n<div class=\"line-separator mobile-hidden\" style=\"margin-top:50px; margin-bottom:50px\"><\/div>\r\n    <div class=\"line-separator laptop-hidden\" style=\"margin-top:50px; margin-bottom:50px\"><\/div>\r\n\n\n<div class=\"margin-wrapper row text-title\">\r\n    <div>\r\n        <h2>Ein Familienunternehmen, bei dem Leidenschaft und Treue gro\u00dfgeschrieben werden.<\/h2>\r\n    <\/div>\r\n    <div>\r\n        <p>L\u2018Atelier du Vin ist ein Familienunternehmen mit Wurzeln in der franz\u00f6sischen Champagne, das seit Jahrzehnten in Besitz von Weinbergen ist. Es zeichnet sich durch eine gro\u00dfe, vom Vater an den Sohn weitergegebene Leidenschaft f\u00fcr Architektur und Design aus.<\/p>\n<p>Ein weiterer f\u00fcr das Unternehmen zentraler Aspekt ist Treue. So hat L\u2018Atelier du Vin Mitarbeiterinnen und Mitarbeiter in seinem Team, die seit \u00fcber 30 Jahren im Haus t\u00e4tig sind. Ein Motto, das in den Werkst\u00e4tten in Hauts-de-France im Herzen einer Region, die Industrie und handwerkliches Savoir-faire miteinander verbindet, jeden Tag mit Leben erf\u00fcllt wird.<\/p>\n<p>Hingabe, Tradition und Innovation.<br \/>\nSo k\u00f6nnte das Motto von L\u2018Atelier du Vin lauten.<\/p>\n    <\/div>\r\n<\/div>\n\n<div class=\"line-separator mobile-hidden\" style=\"margin-top:50px; margin-bottom:50px\"><\/div>\r\n    <div class=\"line-separator laptop-hidden\" style=\"margin-top:50px; margin-bottom:50px\"><\/div>\r\n\n\n<div class=\"margin-wrapper slider-wrapper\">\r\n            <div class=\"gallery-text\">\r\n            <h2>Das Studio: ein Ort, der vor Erfindungs- und Einfallsreichtum nur so sprudelt.<\/h2>\r\n            <p>Beobachten, sezieren, verstehen und analysieren von Weinritualen. Dies ist eines der wichtigsten Anliegen des Studios von L\u2018Atelier du Vin. Die Designer und Ingenieure des Studios versuchen jeden Tag, die Gesten und Funktionen einer unvergesslichen Weinverkostung zu identifizieren.<\/p>\r\n        <\/div>\r\n        <div class=\"gallery gallery-slider\"\r\n         style=\"aspect-ratio:3.1499643470841; margin-right: 40px;\">\r\n        <div class=\"gallery-row row slider\">\r\n                                <div class=\"slide-container\">\r\n                        <img decoding=\"async\" src=\"https:\/\/www.atelierduvin.com\/wp-content\/uploads\/CROQUIS-GEOMETRY_MMxADV.jpg\" alt=\"\" loading=\"lazy\" >                    <\/div>\r\n                                    <div class=\"slide-container\">\r\n                        <img decoding=\"async\" src=\"https:\/\/www.atelierduvin.com\/wp-content\/uploads\/Bilame-Article2.webp\" alt=\"\" loading=\"lazy\" >                    <\/div>\r\n                                    <div class=\"slide-container\">\r\n                        <img decoding=\"async\" src=\"https:\/\/www.atelierduvin.com\/wp-content\/uploads\/Croquis_MMxADV_NOMAD-scaled.jpg\" alt=\"\" loading=\"lazy\" >                    <\/div>\r\n                        <\/div>\r\n    <\/div>\r\n<\/div>\n\n    <div class=\"separator mobile-hidden\" style=\"height:40px\"><\/div>\r\n    <div class=\"separator laptop-hidden\" style=\"height:20px\"><\/div>\r\n\n\n\n<div class=\"wp-block-columns is-layout-flex wp-container-core-columns-is-layout-9d6595d7 wp-block-columns-is-layout-flex\">\n<div class=\"wp-block-column is-layout-flow wp-block-column-is-layout-flow\">\n<p>Das Ergebnis: Jedes Jahr entsteht ein neues Opus mit ebenso sch\u00f6nen wie n\u00fctzlichen Weinaccessoires. Und wenn es nicht gerade um Innovationen geht, bem\u00fcht sich das Studio darum, einige der Vorzeigemodelle von L\u2018Atelier du Vin zu perfektionieren. Im Studio dreht sich alles um Ergonomie und \u00c4sthetik. Diese Qualit\u00e4ten vereinen sich, um Utensilien entstehen zu lassen, die sowohl leicht in der Hand liegen als auch eine angenehme Optik und Haptik aufweisen \u2013 die Hand ist schlie\u00dflich das Herzst\u00fcck des Designs von L\u2018Atelier du Vin.<\/p>\n<\/div>\n\n\n\n<div class=\"wp-block-column is-layout-flow wp-block-column-is-layout-flow\">\n<p>Das Credo des Studios lautet: \u201eEin Produkt, das nur ein sch\u00f6nes, aber schlecht konzipiertes Objekt ist, ist nicht wirklich von Interesse.\u201c Jedes vom Studio er- und durchdachte Weinaccessoire wird zu einem Symbol f\u00fcr die franz\u00f6sische Kunst, Wein zu genie\u00dfen, eine entstaubte, entschieden zeitgem\u00e4\u00dfe Lebenskunst.<\/p>\n<\/div>\n<\/div>\n\n\n\n<div class=\"wp-block-columns is-layout-flex wp-container-core-columns-is-layout-9d6595d7 wp-block-columns-is-layout-flex\">\n<div class=\"wp-block-column is-layout-flow wp-block-column-is-layout-flow\"><div class=\"wp-block-image\">\n<figure class=\"aligncenter size-full\"><img loading=\"lazy\" decoding=\"async\" width=\"1500\" height=\"1000\" src=\"https:\/\/www.atelierduvin.com\/wp-content\/uploads\/COLLECTION-NOMAD-atelier-8-HD.jpg\" alt=\"\" class=\"wp-image-197372\" srcset=\"https:\/\/www.atelierduvin.com\/wp-content\/uploads\/COLLECTION-NOMAD-atelier-8-HD.jpg 1500w, https:\/\/www.atelierduvin.com\/wp-content\/uploads\/COLLECTION-NOMAD-atelier-8-HD-450x300.jpg 450w, https:\/\/www.atelierduvin.com\/wp-content\/uploads\/COLLECTION-NOMAD-atelier-8-HD-1024x683.jpg 1024w, https:\/\/www.atelierduvin.com\/wp-content\/uploads\/COLLECTION-NOMAD-atelier-8-HD-768x512.jpg 768w, https:\/\/www.atelierduvin.com\/wp-content\/uploads\/COLLECTION-NOMAD-atelier-8-HD-1320x880.jpg 1320w, https:\/\/www.atelierduvin.com\/wp-content\/uploads\/COLLECTION-NOMAD-atelier-8-HD-96x64.jpg 96w, https:\/\/www.atelierduvin.com\/wp-content\/uploads\/COLLECTION-NOMAD-atelier-8-HD-42x28.jpg 42w, https:\/\/www.atelierduvin.com\/wp-content\/uploads\/COLLECTION-NOMAD-atelier-8-HD-64x43.jpg 64w\" sizes=\"auto, (max-width: 1500px) 100vw, 1500px\" \/><\/figure>\n<\/div><\/div>\n<\/div>\n\n\n<div class=\"line-separator mobile-hidden\" style=\"margin-top:50px; margin-bottom:50px\"><\/div>\r\n    <div class=\"line-separator laptop-hidden\" style=\"margin-top:50px; margin-bottom:50px\"><\/div>\r\n\n\n\n<div class=\"wp-block-group group-section group-section-text animate-scroll\"><div class=\"wp-block-group__inner-container is-layout-flow wp-block-group-is-layout-flow\"><div class=\"margin-wrapper row text-title\">\r\n    <div>\r\n        <h2>Accessoires aus edlen Materialien.<\/h2>\r\n    <\/div>\r\n    <div>\r\n        <p>Das unverkennbare Design der Accessoires von L\u2018Atelier du Vin w\u00e4re nichts ohne die Materialien, die zu ihrer Herstellung verwendet werden: sch\u00f6n, edel und rein \u2013 Synonyme f\u00fcr anspruchsvolle Handwerkskunst.<\/p>\n    <\/div>\r\n<\/div><\/div><\/div>\n\n\n    <div class=\"separator mobile-hidden\" style=\"height:40px\"><\/div>\r\n    <div class=\"separator laptop-hidden\" style=\"height:20px\"><\/div>\r\n\n\n    <div class=\"full-page-carousel-container bordered\">\r\n        <div class=\"full-page-carousel\">\r\n                            <div class=\"slide-produit row active only\">\r\n                                            <img decoding=\"async\" src=\"https:\/\/www.atelierduvin.com\/wp-content\/uploads\/Focus-bois-OBC1.jpg\" alt=\"\" class=\"left-img\" loading=\"lazy\" >                                        <div class=\"right\">\r\n                        <span class=\"label\">\r\n                                                    <\/span>\r\n                                                                            <h2>\r\n                                Holz.                            <\/h2>\r\n                                                                            <p class=\"h3 centered\">\r\n                                Nussbaumholz, Rosenholz, Ebenholz: Die von den Tischlermeistern von L\u2018Atelier du Vin ausgew\u00e4hlten Edelh\u00f6lzer stammen, wenn m\u00f6glich, aus nachhaltig bewirtschafteten lokalen W\u00e4ldern. Jedes Holzst\u00fcck wird einzeln ausgew\u00e4hlt und nach Ma\u00df zugeschnitten, um seine urspr\u00fcngliche Maserung zu erhalten.\nDie von L\u2018Atelier du Vin ausgew\u00e4hlten Handwerksmeister verbinden mit gr\u00f6\u00dfter Sorgfalt und unvergleichlichem Geschick historische Techniken mit modernen Bearbeitungsprozessen, um einzigartige Weinaccessoiresets anzufertigen.                            <\/p>\r\n                                                                    <\/div>\r\n                <\/div>\r\n                    <\/div>\r\n            <\/div>\r\n\n\n    <div class=\"full-page-carousel-container bordered reversed\">\r\n        <div class=\"full-page-carousel\">\r\n                            <div class=\"slide-produit row active only\">\r\n                                            <img decoding=\"async\" src=\"https:\/\/www.atelierduvin.com\/wp-content\/uploads\/CarafeBonde_zoom_ambiance-scaled.jpg\" alt=\"Focus sur le bouchon de la Carafe Ben verre souffl\u00e9 bouche\" class=\"left-img\" loading=\"lazy\" >                                        <div class=\"right\">\r\n                        <span class=\"label\">\r\n                                                    <\/span>\r\n                                                                            <h2>\r\n                                Glas.                            <\/h2>\r\n                                                                            <p class=\"h3 centered\">\r\n                                Weingl\u00e4ser, Dekanter und Champagnerfl\u00f6ten werden aus hochwertigem mundgeblasenem Glas hergestellt, das soweit wie m\u00f6glich bleifrei ist.\nIndem der Glashandwerker jedes neue St\u00fcck von Hand fertigt, verleiht er ihm eine ganz pers\u00f6nliche Note, eine Seele, die jedes Modell zu einer einzigartigen Kreation macht.                            <\/p>\r\n                                                                    <\/div>\r\n                <\/div>\r\n                    <\/div>\r\n            <\/div>\r\n\n\n    <div class=\"full-page-carousel-container bordered\">\r\n        <div class=\"full-page-carousel\">\r\n                            <div class=\"slide-produit row active only\">\r\n                                            <a href=\"\/de\/latelier-du-vin-interview-von-margherita-matticari\/\"  class=\"left-link\">\r\n                            <img decoding=\"async\" src=\"https:\/\/www.atelierduvin.com\/wp-content\/uploads\/adv-nomad-napoli-11h45-29.jpg\" alt=\"\" loading=\"lazy\" >                        <\/a>\r\n                                        <div class=\"right\">\r\n                        <span class=\"label\">\r\n                                                    <\/span>\r\n                                                                            <h2>\r\n                                Leder.                            <\/h2>\r\n                                                                            <p class=\"h3 centered\">\r\n                                L\u2018Atelier du Vin w\u00e4hlt seine Partnerlederwerkst\u00e4tten, die oft f\u00fcr die gr\u00f6\u00dften Luxusmarken arbeiten, mit gr\u00f6\u00dfter Sorgfalt aus.\nLeder ist ein edles und widerstandsf\u00e4higes Material, das der Zeit mit Eleganz trotzt. Es ist ein sinnliches Material, das sich ver\u00e4ndert und Patina ansetzt, ohne jemals zu veralten \u2013 genau wie die Weinaccessoires von L\u2018Atelier du Vin.                            <\/p>\r\n                                                                            <a href=\"\/de\/latelier-du-vin-interview-von-margherita-matticari\/\" class=\"cta\">\r\n                                Entdecken Sie das Interview mit Margherita Matticari, Leder-Kreativdirektorin bei L\u2019Atelier du Vin.                            <\/a>\r\n                                            <\/div>\r\n                <\/div>\r\n                    <\/div>\r\n            <\/div>\r\n\n\n    <div class=\"full-page-carousel-container bordered reversed\">\r\n        <div class=\"full-page-carousel\">\r\n                            <div class=\"slide-produit row active only\">\r\n                                            <img decoding=\"async\" src=\"https:\/\/www.atelierduvin.com\/wp-content\/uploads\/design-objet-img7-edited.webp\" alt=\"\" class=\"left-img\" loading=\"lazy\" >                                        <div class=\"right\">\r\n                        <span class=\"label\">\r\n                                                    <\/span>\r\n                                                                            <h2>\r\n                                Stahl.                            <\/h2>\r\n                                                                            <p class=\"h3 centered\">\r\n                                Die Metallhandwerker von L\u2018Atelier du Vin verarbeiten Metall in reinster Tradition. Der f\u00fcr die Weinutensilien verwendete Stahl ist ein hochwertiger, aus einem St\u00fcck gefertigter Edelstahl. Einige Werkzeuge bestehen aus Legierungen, die eine genaue Fachkenntnis erfordern. Auch die Verchromung oder Lackierung bedarf eines hohen Ma\u00dfes an Know-how.\nDie St\u00e4hle werden so gew\u00e4hlt, dass sie perfekt mit dem Leder und Holz harmonieren.                            <\/p>\r\n                                                                    <\/div>\r\n                <\/div>\r\n                    <\/div>\r\n            <\/div>\r\n\n\n<div class=\"bordered img-citation row\">\r\n    <img decoding=\"async\" src=\"https:\/\/www.atelierduvin.com\/wp-content\/uploads\/2024_0916_FabienBreuil_DSCF5913_HD.jpg\" alt=\"\" loading=\"lazy\" >    <div class=\"citation-content\">\r\n        <img decoding=\"async\" src=\"\/wp-content\/themes\/atelier-du-vin\/ressources\/img\/icon\/quote.svg\" alt=\"quote\" width=\"50px\">\r\n        <p>Um ein einziges unserer Werkzeuge zu entwerfen und herzustellen, vereinen wir zahlreiche traditionelle und zeitgen\u00f6ssische Handwerksberufe. Wir tun dies mit Leidenschaft, um anspruchsvolle, leistungsf\u00e4hige und einfach \u00e4sthetische Werkzeuge mit Kennern auf der ganzen Welt zu teilen.<\/p>\n        <span class=\"citation-from\">\r\n            \u2013 Georges RICHARD, CEO von L&#8217;Atelier du Vin.        <\/span>\r\n    <\/div>\r\n<\/div>\r\n","protected":false},"excerpt":{"rendered":"<p>Vom Design zum Objekt L\u2018Atelier du Vin beherrscht alle Schritte, von der Konzeption bis hin zur Herstellung, und bewahrt mithilfe seiner Designer, Ingenieure, Handwerksmeister, Tischler und Glasbl\u00e4sermeister ein einzigartiges franz\u00f6sisches Savoir-faire. Das Ergebnis: Jedes Jahr entsteht ein neues Opus mit ebenso sch\u00f6nen wie n\u00fctzlichen Weinaccessoires. Und wenn es nicht gerade um Innovationen geht, bem\u00fcht sich [&hellip;]<\/p>\n","protected":false},"author":4631,"featured_media":0,"parent":0,"menu_order":0,"comment_status":"closed","ping_status":"closed","template":"","meta":{"_acf_changed":false,"footnotes":""},"class_list":["post-71742","page","type-page","status-publish","hentry"],"acf":[],"_links":{"self":[{"href":"https:\/\/www.atelierduvin.com\/de\/wp-json\/wp\/v2\/pages\/71742","targetHints":{"allow":["GET"]}}],"collection":[{"href":"https:\/\/www.atelierduvin.com\/de\/wp-json\/wp\/v2\/pages"}],"about":[{"href":"https:\/\/www.atelierduvin.com\/de\/wp-json\/wp\/v2\/types\/page"}],"author":[{"embeddable":true,"href":"https:\/\/www.atelierduvin.com\/de\/wp-json\/wp\/v2\/users\/4631"}],"replies":[{"embeddable":true,"href":"https:\/\/www.atelierduvin.com\/de\/wp-json\/wp\/v2\/comments?post=71742"}],"version-history":[{"count":3,"href":"https:\/\/www.atelierduvin.com\/de\/wp-json\/wp\/v2\/pages\/71742\/revisions"}],"predecessor-version":[{"id":199037,"href":"https:\/\/www.atelierduvin.com\/de\/wp-json\/wp\/v2\/pages\/71742\/revisions\/199037"}],"wp:attachment":[{"href":"https:\/\/www.atelierduvin.com\/de\/wp-json\/wp\/v2\/media?parent=71742"}],"curies":[{"name":"wp","href":"https:\/\/api.w.org\/{rel}","templated":true}]}}