{"id":71709,"date":"2022-10-24T10:53:00","date_gmt":"2022-10-24T08:53:00","guid":{"rendered":"https:\/\/www.refonte-adv.votre-projet.com\/?page_id=71709"},"modified":"2025-05-14T15:27:57","modified_gmt":"2025-05-14T13:27:57","slug":"unser-personalisierungsangebot","status":"publish","type":"page","link":"https:\/\/www.atelierduvin.com\/de\/unser-personalisierungsangebot\/","title":{"rendered":"Unser Personalisierungsangebot"},"content":{"rendered":"    <div class=\"separator mobile-hidden\" style=\"height:40px\"><\/div>\r\n    <div class=\"separator laptop-hidden\" style=\"height:20px\"><\/div>\r\n\n\n\n<h1 class=\"wp-block-heading has-text-align-center\">Unser Personalisierungsangebot<\/h1>\n\n\n\n<p class=\"has-text-align-center\">Eine besondere Beachtung \u2026 und schon werden Weinaccessoires zu pers\u00f6nlichen Objekten.<\/p>\n\n\n    <div class=\"separator mobile-hidden\" style=\"height:40px\"><\/div>\r\n    <div class=\"separator laptop-hidden\" style=\"height:20px\"><\/div>\r\n\n\n<div class=\"wp-block-image\">\n<figure class=\"aligncenter size-large\"><img decoding=\"async\" src=\"https:\/\/www.atelierduvin.com\/wp-content\/uploads\/adv-nomad-napoli-11h45-20.jpg\" alt=\"\" style=\"object-fit:cover\"\/><\/figure>\n<\/div>\n\n    <div class=\"separator mobile-hidden\" style=\"height:40px\"><\/div>\r\n    <div class=\"separator laptop-hidden\" style=\"height:20px\"><\/div>\r\n\n\n\n<div class=\"wp-block-columns is-layout-flex wp-container-core-columns-is-layout-9d6595d7 wp-block-columns-is-layout-flex\">\n<div class=\"wp-block-column is-layout-flow wp-block-column-is-layout-flow\">\n<h2 class=\"wp-block-heading has-text-align-left\">Ein personalisiertes Accessoire. Eine ganz besondere Aufmerksamkeit.<\/h2>\n<\/div>\n<\/div>\n\n\n\n<div class=\"wp-block-columns is-layout-flex wp-container-core-columns-is-layout-9d6595d7 wp-block-columns-is-layout-flex\">\n<div class=\"wp-block-column is-layout-flow wp-block-column-is-layout-flow\">\n<p>Initialen, ein Vorname, ein bedeutendes Datum, eine verschl\u00fcsselte Botschaft \u2026 Ein personalisiertes Weinaccessoire wird immer ein einzigartiges und pers\u00f6nliches Utensil sein. L\u2018Atelier Personnalisation bietet elegante und hochwertige Gravuren auf Holz, Metall oder Leder an, dank derer Weinverkostungen zu unvergesslichen Erlebnissen werden.\nDas Team von L\u2018Atelier Personnalisation erf\u00fcllt mit Freude und Kreativit\u00e4t selbst die extravagantesten W\u00fcnsche.\n<\/p>\n<\/div>\n\n\n\n<div class=\"wp-block-column is-layout-flow wp-block-column-is-layout-flow\">\n<p>Eine Personalisierung, als Geschenk oder zum Selbstbehalten.<\/p>\n<\/div>\n<\/div>\n\n\n<div class=\"line-separator mobile-hidden\" style=\"margin-top:50px; margin-bottom:50px\"><\/div>\r\n    <div class=\"line-separator laptop-hidden\" style=\"margin-top:50px; margin-bottom:50px\"><\/div>\r\n\n\n<div class=\"margin-wrapper slider-wrapper\">\r\n            <div class=\"gallery-text\">\r\n            <h2>Gravur.<\/h2>\r\n            <p>L\u2019Atelier Personnalisation f\u00fchrt die Tradition von Compagnons du Devoir fort, die ihre Werkzeuge mit ihren Initialen versahen, um somit Ihren Verkostungen ein einzigartiges Ambiente zu verleihen.<br \/>\r\nHolz- oder Metallgravur, vom\u00a0<a href=\"https:\/\/www.atelierduvin.com\/de\/produkt\/wein-kuriositaetenkabinett\/\" target=\"_blank\" rel=\"noreferrer noopener\">Set Oeno-Curiosit\u00e9s<\/a>\u00a0bis hin zum\u00a0<a href=\"https:\/\/www.atelierduvin.com\/de\/produkt\/collectionneur-2\/\" target=\"_blank\" rel=\"noreferrer noopener\">Collectionneur<\/a>, \u00fcber das\u00a0<a href=\"https:\/\/www.atelierduvin.com\/de\/produkt\/sparkling-set\/\" target=\"_blank\" rel=\"noreferrer noopener\">Sparkling Set<\/a>\u00a0oder auch den\u00a0<a href=\"https:\/\/www.atelierduvin.com\/de\/produkt\/oeno-motion-woodblack\/\" target=\"_blank\" rel=\"noreferrer noopener\">Oeno Motion Wood &amp; Black<\/a>\u00a0\u2013 die Sets und Werkzeuge von L\u2018Atelier du Vin schm\u00fccken sich ganz zur Freude ihrer neuen Besitzer mit Initialen oder kleinen Botschaften.<br \/>\r\nBesondere Aufmerksamkeit wird der Typografie der Gravuren gewidmet: ein moderner und zugleich zeitloser Stil.<\/p>\r\n        <\/div>\r\n        <div class=\"gallery gallery-slider\"\r\n         style=\"aspect-ratio:2; margin-right: 40px;\">\r\n        <div class=\"gallery-row row slider\">\r\n                                <div class=\"slide-container\">\r\n                        <img decoding=\"async\" src=\"https:\/\/www.atelierduvin.com\/wp-content\/uploads\/SoftMachineBrass_gravure_HD-1.jpg\" alt=\"\" loading=\"lazy\" >                    <\/div>\r\n                                    <div class=\"slide-container\">\r\n                        <img decoding=\"async\" src=\"https:\/\/www.atelierduvin.com\/wp-content\/uploads\/L39Atelier-du-Vin-Gard39Vin-ONOFF-Power-Signature-Ex-de-Personnalisation-e1740473793770.jpg\" alt=\"\" loading=\"lazy\" >                    <\/div>\r\n                        <\/div>\r\n    <\/div>\r\n<\/div>\n\n<div class=\"custom-block cta-block\"><a href=\"\/en\/product-category\/customization\/\" target=\"_blank\" class=\"custom-button\">Entdecken Sie unsere personalisierbaren Produkte<\/a><\/div>\n\n<div class=\"line-separator mobile-hidden\" style=\"margin-top:50px; margin-bottom:50px\"><\/div>\r\n    <div class=\"line-separator laptop-hidden\" style=\"margin-top:50px; margin-bottom:50px\"><\/div>\r\n\n\n\n<div class=\"wp-block-columns are-vertically-aligned-center group-section animate-scroll is-layout-flex wp-container-core-columns-is-layout-9d6595d7 wp-block-columns-is-layout-flex\">\n<div class=\"wp-block-column is-vertically-aligned-center is-layout-flow wp-block-column-is-layout-flow\">\n<h2 class=\"wp-block-heading\">Handgeschriebene Nachrichten.<\/h2>\n\n\n    <div class=\"separator mobile-hidden\" style=\"height:20px\"><\/div>\r\n    <div class=\"separator laptop-hidden\" style=\"height:20px\"><\/div>\r\n\n\n\n<p>Auch wenn Sie sich immer an ein Geschenk an sich erinnern, ist es ebenso wichtig, wie Sie es erhalten haben: hochwertiges Papier, Stoffband, Stofftasche und Etui. Damit das \u00d6ffnen des Geschenks zu einem feierlichen Moment wird, legt L\u2018Atelier Personnalisation besonderen Wert auf die Verpackung.<br>\nDie Geschenke von L\u2018Atelier du Vin werden von Ihren pers\u00f6nlichen Nachrichten begleitet, die von den zarten H\u00e4nden des spezialisierten Personals von L\u2018Atelier Personnalisation geschrieben wurden.<br>\nHier entfaltet das Wort Geschenk seine ganze Bedeutung: Es wird zu einem wahren Schatz.<\/p>\n<\/div>\n\n\n\n<div class=\"wp-block-column is-vertically-aligned-center is-layout-flow wp-block-column-is-layout-flow\"><div class=\"wp-block-image\">\n<figure class=\"aligncenter size-full\"><img loading=\"lazy\" decoding=\"async\" width=\"1500\" height=\"1500\" src=\"https:\/\/www.atelierduvin.com\/wp-content\/uploads\/ADV-Le-Bourget-Carte-Cadeau-2-1.jpg\" alt=\"\" class=\"wp-image-197640\" srcset=\"https:\/\/www.atelierduvin.com\/wp-content\/uploads\/ADV-Le-Bourget-Carte-Cadeau-2-1.jpg 1500w, https:\/\/www.atelierduvin.com\/wp-content\/uploads\/ADV-Le-Bourget-Carte-Cadeau-2-1-450x450.jpg 450w, https:\/\/www.atelierduvin.com\/wp-content\/uploads\/ADV-Le-Bourget-Carte-Cadeau-2-1-1024x1024.jpg 1024w, https:\/\/www.atelierduvin.com\/wp-content\/uploads\/ADV-Le-Bourget-Carte-Cadeau-2-1-150x150.jpg 150w, https:\/\/www.atelierduvin.com\/wp-content\/uploads\/ADV-Le-Bourget-Carte-Cadeau-2-1-768x768.jpg 768w, https:\/\/www.atelierduvin.com\/wp-content\/uploads\/ADV-Le-Bourget-Carte-Cadeau-2-1-1320x1320.jpg 1320w, https:\/\/www.atelierduvin.com\/wp-content\/uploads\/ADV-Le-Bourget-Carte-Cadeau-2-1-300x300.jpg 300w, https:\/\/www.atelierduvin.com\/wp-content\/uploads\/ADV-Le-Bourget-Carte-Cadeau-2-1-100x100.jpg 100w, https:\/\/www.atelierduvin.com\/wp-content\/uploads\/ADV-Le-Bourget-Carte-Cadeau-2-1-96x96.jpg 96w, https:\/\/www.atelierduvin.com\/wp-content\/uploads\/ADV-Le-Bourget-Carte-Cadeau-2-1-42x42.jpg 42w, https:\/\/www.atelierduvin.com\/wp-content\/uploads\/ADV-Le-Bourget-Carte-Cadeau-2-1-64x64.jpg 64w\" sizes=\"auto, (max-width: 1500px) 100vw, 1500px\" \/><\/figure>\n<\/div><\/div>\n<\/div>\n\n\n<div class=\"line-separator mobile-hidden\" style=\"margin-top:50px; margin-bottom:50px\"><\/div>\r\n    <div class=\"line-separator laptop-hidden\" style=\"margin-top:50px; margin-bottom:50px\"><\/div>\r\n\n\n\n<div class=\"wp-block-columns are-vertically-aligned-center group-section animate-scroll is-layout-flex wp-container-core-columns-is-layout-9d6595d7 wp-block-columns-is-layout-flex\">\n<div class=\"wp-block-column is-vertically-aligned-center is-layout-flow wp-block-column-is-layout-flow\"><div class=\"wp-block-image\">\n<figure class=\"aligncenter size-full\"><img loading=\"lazy\" decoding=\"async\" width=\"1000\" height=\"988\" src=\"https:\/\/www.atelierduvin.com\/wp-content\/uploads\/ADV_AVCGigi_-2.jpg\" alt=\"\" class=\"wp-image-197055\" srcset=\"https:\/\/www.atelierduvin.com\/wp-content\/uploads\/ADV_AVCGigi_-2.jpg 1000w, https:\/\/www.atelierduvin.com\/wp-content\/uploads\/ADV_AVCGigi_-2-450x445.jpg 450w, https:\/\/www.atelierduvin.com\/wp-content\/uploads\/ADV_AVCGigi_-2-768x759.jpg 768w, https:\/\/www.atelierduvin.com\/wp-content\/uploads\/ADV_AVCGigi_-2-100x100.jpg 100w, https:\/\/www.atelierduvin.com\/wp-content\/uploads\/ADV_AVCGigi_-2-96x96.jpg 96w, https:\/\/www.atelierduvin.com\/wp-content\/uploads\/ADV_AVCGigi_-2-42x42.jpg 42w, https:\/\/www.atelierduvin.com\/wp-content\/uploads\/ADV_AVCGigi_-2-64x63.jpg 64w\" sizes=\"auto, (max-width: 1000px) 100vw, 1000px\" \/><\/figure>\n<\/div><\/div>\n\n\n\n<div class=\"wp-block-column is-vertically-aligned-center is-layout-flow wp-block-column-is-layout-flow\">\n<h2 class=\"wp-block-heading\">Markenimage.<\/h2>\n\n\n    <div class=\"separator mobile-hidden\" style=\"height:20px\"><\/div>\r\n    <div class=\"separator laptop-hidden\" style=\"height:20px\"><\/div>\r\n\n\n\n<p>Wein ist das mit Abstand beliebteste Geschenk auf allen Kontinenten. Man k\u00f6nnte meinen, dass Wein kein originelles Geschenk ist, doch genau das Gegenteil ist der Fall. Die personalisierten Weinaccessoires sind Tr\u00e4ger der Werte von L\u2018Atelier du Vin \u2013 Savoir-faire und hohe Qualit\u00e4t \u2013 sowie der des Unternehmens, das sie verschenkt.\nDie von L\u2018Atelier du Vin personalisierten Geschenke sind weit mehr als nur ein Firmengeschenk. Sie sind ein echter Beweis der Anerkennung, der sich durch eine Seele auszeichnet, die wir als Eleganz bezeichnen m\u00f6chten: die Eleganz, die einem Objekt innewohnt, die Eleganz, die sich in Aufmerksamkeit widerspiegelt.<\/p>\n\n\n\n<p>In gr\u00f6\u00dferen oder kleineren Mengen \u2013 L\u2018Atelier Personnalisation erf\u00fcllt all Ihre W\u00fcnsche. Kontakt: <a href=\"mailto:commercial@atelierduvin.com\">commercial@atelierduvin.com<\/a>.<\/p>\n\n\n    <div class=\"separator mobile-hidden\" style=\"height:20px\"><\/div>\r\n    <div class=\"separator laptop-hidden\" style=\"height:20px\"><\/div>\r\n\n\n\n<p style=\"font-size:14px\"><em>Einige Ergebnisse: <\/em>\n<em><u><a href=\"\/de\/latelier-du-vin-und-paris-society-die-hohe-kunst-gaeste-stilvoll-zu-empfangen\/\" target=\"_blank\" rel=\"noreferrer noopener\">Paris Society x L&#8217;Atelier du Vin<\/a><\/u>,<\/em>\n<em><u><a href=\"\/de\/nomad-for-paul-smith-collection-eine-limitierte-edition-in-den-farben-eines-inspirierenden-modeschoepfers\/\" target=\"_blank\" rel=\"noreferrer noopener\">Paul Smith x L&#8217;Atelier du Vin<\/a><\/u>,<\/em>\n<em><u><a href=\"https:\/\/www.atelierduvin.com\/de\/le-printemps-x-latelier-du-vin-2\/\" target=\"_blank\" rel=\"noreferrer noopener\">Le Printemps x L&#8217;Atelier du Vin<\/a><\/u>,<\/em>\n<em><u><a href=\"\/de\/latelier-du-vin-und-die-maison-albert-bichot-savoir-faire-als-leidenschaft\/\" target=\"_blank\" rel=\"noreferrer noopener\">Albert Bichot x L&#8217;Atelier du Vin<\/a><\/u>, <\/em>\n<em><u><a href=\"\/en\/latelier-du-vin-x-robert-mondavi-winery\/\" target=\"_blank\" rel=\"noreferrer noopener\">Robert Mondavi Winery x L&#8217;Atelier du Vin<\/a><\/u><\/em>.<\/p>\n\n\n    <div class=\"separator mobile-hidden\" style=\"height:20px\"><\/div>\r\n    <div class=\"separator laptop-hidden\" style=\"height:20px\"><\/div>\r\n\n\n<div class=\"custom-block cta-block\"><a href=\"\/de\/firmengeschenke\/\" target=\"_blank\" class=\"custom-button\">Entdecken Sie unsere Personalisierungsangebote f\u00fcr Unternehmen<\/a><\/div><\/div>\n<\/div>\n\n\n\n<div class=\"wp-block-buttons is-content-justification-center is-layout-flex wp-container-core-buttons-is-layout-16018d1d wp-block-buttons-is-layout-flex\"><\/div>\n\n\n<div class=\"line-separator mobile-hidden\" style=\"margin-top:50px; margin-bottom:50px\"><\/div>\r\n    <div class=\"line-separator laptop-hidden\" style=\"margin-top:50px; margin-bottom:50px\"><\/div>\r\n\n\n\n<div class=\"wp-block-columns is-layout-flex wp-container-core-columns-is-layout-9d6595d7 wp-block-columns-is-layout-flex\">\n<div class=\"wp-block-column is-layout-flow wp-block-column-is-layout-flow\">\n<p>L\u2018Atelier Personnalisation ist ein exklusiver Service der Website L\u2018Atelier du Vin.<\/p>\n<\/div>\n<\/div>\n","protected":false},"excerpt":{"rendered":"<p>Unser Personalisierungsangebot Eine besondere Beachtung \u2026 und schon werden Weinaccessoires zu pers\u00f6nlichen Objekten. Ein personalisiertes Accessoire. Eine ganz besondere Aufmerksamkeit. Initialen, ein Vorname, ein bedeutendes Datum, eine verschl\u00fcsselte Botschaft \u2026 Ein personalisiertes Weinaccessoire wird immer ein einzigartiges und pers\u00f6nliches Utensil sein. L\u2018Atelier Personnalisation bietet elegante und hochwertige Gravuren auf Holz, Metall oder Leder an, dank [&hellip;]<\/p>\n","protected":false},"author":8266,"featured_media":71689,"parent":0,"menu_order":0,"comment_status":"closed","ping_status":"closed","template":"","meta":{"_acf_changed":false,"footnotes":""},"class_list":["post-71709","page","type-page","status-publish","has-post-thumbnail","hentry"],"acf":[],"_links":{"self":[{"href":"https:\/\/www.atelierduvin.com\/de\/wp-json\/wp\/v2\/pages\/71709","targetHints":{"allow":["GET"]}}],"collection":[{"href":"https:\/\/www.atelierduvin.com\/de\/wp-json\/wp\/v2\/pages"}],"about":[{"href":"https:\/\/www.atelierduvin.com\/de\/wp-json\/wp\/v2\/types\/page"}],"author":[{"embeddable":true,"href":"https:\/\/www.atelierduvin.com\/de\/wp-json\/wp\/v2\/users\/8266"}],"replies":[{"embeddable":true,"href":"https:\/\/www.atelierduvin.com\/de\/wp-json\/wp\/v2\/comments?post=71709"}],"version-history":[{"count":4,"href":"https:\/\/www.atelierduvin.com\/de\/wp-json\/wp\/v2\/pages\/71709\/revisions"}],"predecessor-version":[{"id":300740,"href":"https:\/\/www.atelierduvin.com\/de\/wp-json\/wp\/v2\/pages\/71709\/revisions\/300740"}],"wp:featuredmedia":[{"embeddable":true,"href":"https:\/\/www.atelierduvin.com\/de\/wp-json\/wp\/v2\/media\/71689"}],"wp:attachment":[{"href":"https:\/\/www.atelierduvin.com\/de\/wp-json\/wp\/v2\/media?parent=71709"}],"curies":[{"name":"wp","href":"https:\/\/api.w.org\/{rel}","templated":true}]}}