{"id":68248,"date":"2022-05-02T11:51:21","date_gmt":"2022-05-02T09:51:21","guid":{"rendered":"https:\/\/www.refonte-adv.votre-projet.com\/latelier-du-vin-care-unsere-lebenslange-servicegarantie\/"},"modified":"2025-03-03T10:53:18","modified_gmt":"2025-03-03T09:53:18","slug":"latelier-du-vin-care-unsere-lebenslange-servicegarantie","status":"publish","type":"page","link":"https:\/\/www.atelierduvin.com\/de\/latelier-du-vin-care-unsere-lebenslange-servicegarantie\/","title":{"rendered":"L\u2019Atelier du Vin Care, <\/br>unsere lebenslange Servicegarantie"},"content":{"rendered":"    <div class=\"separator mobile-hidden\" style=\"height:40px\"><\/div>\r\n    <div class=\"separator laptop-hidden\" style=\"height:20px\"><\/div>\r\n\n\n\n<h1 class=\"wp-block-heading has-text-align-center\">L\u2019Atelier du Vin Care,\n<br>unsere lebenslange Servicegarantie<\/h1>\n\n\n    <div class=\"separator mobile-hidden\" style=\"height:40px\"><\/div>\r\n    <div class=\"separator laptop-hidden\" style=\"height:20px\"><\/div>\r\n\n\n<div class=\"gallery\">\r\n            <div class=\"gallery-row row\">\r\n                                <div style=\"flex:1.5\">\r\n                        <img decoding=\"async\" src=\"https:\/\/www.atelierduvin.com\/wp-content\/uploads\/ADV_NOMAD_NAPOLI_\u00a911h45-HD-22.jpg\" alt=\"\" loading=\"eager\" >                    <\/div>\r\n                                    <div style=\"flex:1.5\">\r\n                        <img decoding=\"async\" src=\"https:\/\/www.atelierduvin.com\/wp-content\/uploads\/adv-nomad-napoli-11h45-30.jpg\" alt=\"\" loading=\"eager\" >                    <\/div>\r\n                        <\/div>\r\n    <\/div>\n\n    <div class=\"separator mobile-hidden\" style=\"height:40px\"><\/div>\r\n    <div class=\"separator laptop-hidden\" style=\"height:20px\"><\/div>\r\n\n\n\n<div class=\"wp-block-columns is-layout-flex wp-container-core-columns-is-layout-9d6595d7 wp-block-columns-is-layout-flex\">\n<div class=\"wp-block-column is-layout-flow wp-block-column-is-layout-flow\">\n<h2 class=\"wp-block-heading has-text-align-left\">Die besten Accessoires sind diejenigen, die Sie ein Leben lang nutzen.<\/h2>\n<\/div>\n<\/div>\n\n\n\n<div class=\"wp-block-columns are-vertically-aligned-top animate-scroll is-layout-flex wp-container-core-columns-is-layout-9d6595d7 wp-block-columns-is-layout-flex\">\n<div class=\"wp-block-column is-vertically-aligned-top is-layout-flow wp-block-column-is-layout-flow\">\n<p>L\u2018Atelier du Vin stellt einzigartige best\u00e4ndige Weinaccessoires her, die so konzipiert sind, dass sie von Generation zu Generation weitergereicht werden k\u00f6nnen. Dennoch k\u00f6nnen Weinaccessoires stark beansprucht, abgenutzt oder versehentlich besch\u00e4digt werden, bis sie klemmen oder in die Br\u00fcche gehen.<\/p>\n<\/div>\n\n\n\n<div class=\"wp-block-column is-vertically-aligned-top is-layout-flow wp-block-column-is-layout-flow\">\n<p class=\"has-text-align-left\">In solchen Situationen ist es wichtig, sich auf den Hersteller verlassen zu k\u00f6nnen, weshalb wir L\u2018Atelier du Vin Care ins Leben gerufen haben. Unsere Servicegarantie erstreckt sich \u00fcber die gesamte Lebensdauer Ihrer Weinaccessoires, von unserem Kundendienst bis hin zu unserer Produktgarantie und dar\u00fcber hinaus. Wir bieten Ihnen ferner einen Reparaturservice f\u00fcr Ihre Weinaccessoires an, selbst nach Ablauf der Garantiezeit, damit Sie Ihren Wein auch weiterhin mit Ihrer pers\u00f6nlichen Sammlung von Utensilien und Flaschen genie\u00dfen k\u00f6nnen.<\/p>\n<\/div>\n<\/div>\n\n\n<div class=\"line-separator mobile-hidden\" style=\"margin-top:50px; margin-bottom:50px\"><\/div>\r\n    <div class=\"line-separator laptop-hidden\" style=\"margin-top:50px; margin-bottom:50px\"><\/div>\r\n\n\n\n<div class=\"wp-block-columns is-layout-flex wp-container-core-columns-is-layout-9d6595d7 wp-block-columns-is-layout-flex\">\n<div class=\"wp-block-column is-layout-flow wp-block-column-is-layout-flow\">\n<h2 class=\"wp-block-heading has-text-align-left\">Eine vertrauensvolle Beziehung zu unseren Kunden<\/h2>\n<\/div>\n<\/div>\n\n\n\n<div class=\"wp-block-columns is-layout-flex wp-container-core-columns-is-layout-9d6595d7 wp-block-columns-is-layout-flex\">\n<div class=\"wp-block-column is-layout-flow wp-block-column-is-layout-flow\">\n<p>Heute sind die hochwertigen Weinaccessoires von L\u2018Atelier du Vin in \u00fcber 1500 autorisierten Verkaufsstellen und E-Boutiquen in aller Welt erh\u00e4ltlich. Von gro\u00dfen renommierten Einzelhandelsketten bis hin zu kleinen passionierten Sammlern liegt uns dabei der Aufbau einer vertrauensvollen Beziehung am Herzen, sowohl mit Gesch\u00e4fts- als auch mit Privatkunden.<\/p>\n<\/div>\n\n\n\n<div class=\"wp-block-column is-layout-flow wp-block-column-is-layout-flow\">\n<p>Bei Bedarf und Fragen steht Ihnen unser Team von Experten, Beratern und Technikern per Telefon, E-Mail oder Post jederzeit zur Verf\u00fcgung.<\/p>\n<\/div>\n<\/div>\n\n\n<div class=\"line-separator mobile-hidden\" style=\"margin-top:50px; margin-bottom:50px\"><\/div>\r\n    <div class=\"line-separator laptop-hidden\" style=\"margin-top:50px; margin-bottom:50px\"><\/div>\r\n\n\n<div class=\"margin-wrapper slider-wrapper\">\r\n            <div class=\"gallery-text\">\r\n            <h2>Von der Hilfe bei der Bestellung bis zum lebenslangen Support<\/h2>\r\n            <p>Ob es darum geht, Sie zu beraten, Ihnen bei einer bestimmten Bestellung zu helfen oder eine L\u00f6sung f\u00fcr ein m\u00f6gliches Problem mit einem unserer Weinaccessoires zu finden \u2013 Sie k\u00f6nnen sich stets darauf verlassen, dass wir Ihnen vor, w\u00e4hrend und nach dem Kauf zur Seite stehen. Vom Weinkeller bis zum Tisch verleiht Ihnen die Servicegarantie im Rahmen von L\u2018Atelier du Vin Care das sichere Wissen, dass Sie mit unserer Hilfe und Unterst\u00fctzung Ihre Weinaccessoires ein Leben lang nutzen und bewahren k\u00f6nnen.<\/p>\r\n        <\/div>\r\n        <div class=\"gallery gallery-slider\"\r\n         style=\"aspect-ratio:3.0491866769946; margin-right: 40px;\">\r\n        <div class=\"gallery-row row slider\">\r\n                                <div class=\"slide-container\">\r\n                        <img decoding=\"async\" src=\"https:\/\/www.atelierduvin.com\/wp-content\/uploads\/ADV_Cat_Coffret_paysage_HD.jpg\" alt=\"\" loading=\"lazy\" >                    <\/div>\r\n                                    <div class=\"slide-container\">\r\n                        <img decoding=\"async\" src=\"https:\/\/www.atelierduvin.com\/wp-content\/uploads\/ADV_Cat_TireBouchon_paysage_HD.jpg\" alt=\"\" loading=\"lazy\" >                    <\/div>\r\n                                    <div class=\"slide-container\">\r\n                        <img decoding=\"async\" src=\"https:\/\/www.atelierduvin.com\/wp-content\/uploads\/ADV_Cat_Preservation_paysage_HD.jpg\" alt=\"\" loading=\"lazy\" >                    <\/div>\r\n                                    <div class=\"slide-container\">\r\n                        <img decoding=\"async\" src=\"https:\/\/www.atelierduvin.com\/wp-content\/uploads\/ADV_Cat_Verrerie_paysage_HD.jpg\" alt=\"\" loading=\"lazy\" >                    <\/div>\r\n                                    <div class=\"slide-container\">\r\n                        <img decoding=\"async\" src=\"https:\/\/www.atelierduvin.com\/wp-content\/uploads\/ADV_Cat_Access_Service_paysage_HD.jpg\" alt=\"\" loading=\"lazy\" >                    <\/div>\r\n                        <\/div>\r\n    <\/div>\r\n<\/div>\n\n<div class=\"line-separator mobile-hidden\" style=\"margin-top:50px; margin-bottom:50px\"><\/div>\r\n    <div class=\"line-separator laptop-hidden\" style=\"margin-top:50px; margin-bottom:50px\"><\/div>\r\n\n\n\n<div class=\"wp-block-columns is-layout-flex wp-container-core-columns-is-layout-9d6595d7 wp-block-columns-is-layout-flex\">\n<div class=\"wp-block-column is-layout-flow wp-block-column-is-layout-flow\">\n<h2 class=\"wp-block-heading has-text-align-left\">Kundendienst und dar\u00fcber hinaus<\/h2>\n<\/div>\n<\/div>\n\n\n\n<p class=\"has-text-align-left animate-scroll\">Sie haben gerade ein Weinaccessoireset, ein Sommeliermesser, eine Dekantierkaraffe oder ein Champagnerzubeh\u00f6r gekauft? L\u2018Atelier du Vin dankt Ihnen f\u00fcr Ihr Vertrauen! Unser zuverl\u00e4ssiger und reaktionsschneller Kundendienst begleitet Sie nicht nur jederzeit, sondern auch dauerhaft.<\/p>\n\n\n    <div class=\"separator mobile-hidden\" style=\"height:50px\"><\/div>\r\n    <div class=\"separator laptop-hidden\" style=\"height:20px\"><\/div>\r\n\n\n\n<div class=\"wp-block-columns is-layout-flex wp-container-core-columns-is-layout-9d6595d7 wp-block-columns-is-layout-flex\">\n<div class=\"wp-block-column is-layout-flow wp-block-column-is-layout-flow\">\n<p>M\u00f6chten Sie wissen, wie das Zertifikat der gesetzlichen Konformit\u00e4tsgarantie erteilt wird oder ob ein versteckter Mangel oder ein Herstellungsfehler vorliegen k\u00f6nnte?\r\n\r\nM\u00f6chten Sie uns einen Vorfall w\u00e4hrend der Lieferung melden oder den Status Ihrer Bestellung \u00fcberpr\u00fcfen?\r\n\r\nHaben Sie ein defektes oder besch\u00e4digtes Produkt erhalten?\r\n\r\nBeabsichtigen Sie, ein unbenutztes Produkt im Rahmen Ihres Widerrufsrechts an uns zur\u00fcckzusenden?<\/p>\n<\/div>\n\n\n\n<div class=\"wp-block-column is-layout-flow wp-block-column-is-layout-flow\">\n<p>Sind Sie mit unseren Weinaccessoires zufrieden oder m\u00f6chten Sie uns einen Verbesserungsvorschlag machen?\r\n\r\nBen\u00f6tigen Sie Hilfe bei einer neuen Online-Bestellung oder einen Kostenvoranschlag f\u00fcr eine bestimmte Anfrage?\r\n\r\nM\u00f6chten Sie&nbsp;<a href=\"https:\/\/www.atelierduvin.com\/de\/werden-sie-markenbotschafter\/\" target=\"_blank\" rel=\"noreferrer noopener\">Botschafterin, Botschafter, Partnerin oder Partner von L\u2019Atelier du Vin werden<\/a>?<\/p>\n<\/div>\n<\/div>\n\n\n<div class=\"line-separator mobile-hidden\" style=\"margin-top:50px; margin-bottom:50px\"><\/div>\r\n    <div class=\"line-separator laptop-hidden\" style=\"margin-top:50px; margin-bottom:50px\"><\/div>\r\n\n\n<div class=\"margin-wrapper slider-wrapper\">\r\n            <div class=\"gallery-text\">\r\n            <h2>Das Engagement unseres Kundendienstes<\/h2>\r\n            <p><p class=\"animate-scroll\" data-sr-id=\"7\">F\u00fcr jedes Problem gibt es eine L\u00f6sung. Und genau deshalb steht Ihnen unser Kundendienstteam in jeder Situation zur Seite. Wir verpflichten uns, Ihnen innerhalb von 48 bis 72 Stunden zu antworten (au\u00dfer an Sonn- und Feiertagen). Bei dieser Gelegenheit werden wir Sie transparent bez\u00fcglich der Bedingungen f\u00fcr Kauf, Lieferung, R\u00fcckerstattung, Garantie, Ersatz defekter Teile oder Reparatur aufkl\u00e4ren.<\/p><br \/>\r\n<p class=\"animate-scroll\" data-sr-id=\"8\">Um bestm\u00f6glich auf Ihr Anliegen eingehen zu k\u00f6nnen, m\u00fcssen wir uns mit Ihnen austauschen, um alle n\u00f6tigen Informationen einzuholen. Wenn das Produkt beispielsweise bei einem H\u00e4ndler gekauft wurde, gelten unter Umst\u00e4nden andere R\u00fcckgabe- und Erstattungsmodalit\u00e4ten als bei einer Online-Bestellung in unserer <a href=\"https:\/\/www.atelierduvin.com\/de\/produkt-kategorie\/weinaccessoire-kollektion\/\" target=\"_blank\" rel=\"noopener\">E-boutique.<\/a><\/p><br \/>\r\n<p class=\"animate-scroll\" data-sr-id=\"9\">Unser Kundendienst wird stets sein Bestes tun, um Ihre Anfrage zu beantworten und Ihr Problem zu l\u00f6sen. Gerne k\u00f6nnen Sie auch einen Blick auf unsere Rubrik H\u00e4ufig gestellte Fragen (FAQ) sowie unsere allgemeinen Gesch\u00e4ftsbedingungen werfen oder sich alternativ direkt an unseren Kundendienst wenden, falls Sie ein spezielles Anliegen haben.<\/p><\/p>\r\n        <\/div>\r\n        <div class=\"gallery gallery-slider\"\r\n         style=\"aspect-ratio:5.4970196971907; margin-right: 80px;\">\r\n        <div class=\"gallery-row row slider\">\r\n                                <div class=\"slide-container\">\r\n                        <img decoding=\"async\" src=\"https:\/\/www.atelierduvin.com\/wp-content\/uploads\/collectionneur-zoom-3.png\" alt=\"\" loading=\"lazy\" >                    <\/div>\r\n                                    <div class=\"slide-container\">\r\n                        <img decoding=\"async\" src=\"https:\/\/www.atelierduvin.com\/wp-content\/uploads\/Oeno-Motion-Wood-Satin-Focus.jpg\" alt=\"\" loading=\"lazy\" >                    <\/div>\r\n                                    <div class=\"slide-container\">\r\n                        <img decoding=\"async\" src=\"https:\/\/www.atelierduvin.com\/wp-content\/uploads\/Wall-Collector-Paysage-Focus-modif.jpg\" alt=\"\" loading=\"lazy\" >                    <\/div>\r\n                        <\/div>\r\n    <\/div>\r\n<\/div>\n\n\n<div class=\"wp-block-columns is-layout-flex wp-container-core-columns-is-layout-9d6595d7 wp-block-columns-is-layout-flex\">\n<div class=\"wp-block-column is-layout-flow wp-block-column-is-layout-flow\"><\/div>\n<\/div>\n\n\n<div class=\"line-separator mobile-hidden\" style=\"margin-top:50px; margin-bottom:50px\"><\/div>\r\n    <div class=\"line-separator laptop-hidden\" style=\"margin-top:50px; margin-bottom:50px\"><\/div>\r\n\n\n\n<div class=\"wp-block-columns is-layout-flex wp-container-core-columns-is-layout-9d6595d7 wp-block-columns-is-layout-flex\">\n<div class=\"wp-block-column is-layout-flow wp-block-column-is-layout-flow\">\n<h2 class=\"wp-block-heading has-text-align-left\">Das Zertifikat der vertraglichen Garantie f\u00fcr unsere Produkte<\/h2>\n<\/div>\n<\/div>\n\n\n\n<p class=\"animate-scroll\">Wie gehen Sie bei einem Defekt vor? Das Produkt, das Sie gekauft haben, scheint ein Problem zu haben? Auf alle Weinaccessoires von L\u2018Atelier du Vin gew\u00e4hren wir eine Garantie von 2 Jahren ab dem Datum auf Ihrer Kaufrechnung, die Sie unbedingt aufbewahren sollten. Diese gilt als Konformit\u00e4tsgarantie und Schutz der Verbraucher vor versteckten M\u00e4ngeln gem\u00e4\u00df den gesetzlichen Bestimmungen des Verbrauchergesetzes.<\/p>\n\n\n\n<p class=\"animate-scroll\">Wenn eines unserer Produkte Konformit\u00e4tsm\u00e4ngel oder Funktionsst\u00f6rungen aufweist, die nicht auf eine unsachgem\u00e4\u00dfe Verwendung nach dem Kauf oder auf Verschlei\u00df zur\u00fcckzuf\u00fchren sind, haben Sie folglich zwei Jahre Zeit, um die Herstellergarantie von L\u2018Atelier du Vin in Anspruch zu nehmen. Wenn Sie Fragen zur kommerziellen Garantie haben, wenden Sie sich bitte direkt an unseren Kundendienst. Unser Berater erkl\u00e4rt Ihnen gerne im Detail, wie Sie das defekte Produkt reparieren oder ersetzen lassen k\u00f6nnen, das Sie uns zusammen mit Ihrem Kaufbeleg zur\u00fcckschicken m\u00fcssen.<\/p>\n\n\n\n<p class=\"animate-scroll\">Ist das Ablaufdatum Ihres Garantiezertifikats \u00fcberschritten? Haben Sie Ihr Lieblingsweinaccessoire versehentlich besch\u00e4digt? Keine Panik! Wenn es keine Garantie mehr hat, aber repariert werden kann, stehen Ihnen unsere Experten zur Verf\u00fcgung. Z\u00f6gern Sie nicht, uns zun\u00e4chst den Zustand des Produkts genauer zu erkl\u00e4ren und uns Fotos des besch\u00e4digten oder verklemmten Teils zukommen zu lassen, damit wir die M\u00f6glichkeit und die Art der notwendigen Reparatur bestimmen k\u00f6nnen.<\/p>\n\n\n    <div class=\"separator mobile-hidden\" style=\"height:40px\"><\/div>\r\n    <div class=\"separator laptop-hidden\" style=\"height:20px\"><\/div>\r\n\n\n\n<div class=\"wp-block-columns is-layout-flex wp-container-core-columns-is-layout-9d6595d7 wp-block-columns-is-layout-flex\">\n<div class=\"wp-block-column is-layout-flow wp-block-column-is-layout-flow\"><div class=\"wp-block-image\">\n<figure class=\"aligncenter size-full\"><img loading=\"lazy\" decoding=\"async\" width=\"1500\" height=\"1000\" src=\"https:\/\/www.atelierduvin.com\/wp-content\/uploads\/AIV-Ambiance-Fabrication-1.jpg\" alt=\"\" class=\"wp-image-197380\" srcset=\"https:\/\/www.atelierduvin.com\/wp-content\/uploads\/AIV-Ambiance-Fabrication-1.jpg 1500w, https:\/\/www.atelierduvin.com\/wp-content\/uploads\/AIV-Ambiance-Fabrication-1-450x300.jpg 450w, https:\/\/www.atelierduvin.com\/wp-content\/uploads\/AIV-Ambiance-Fabrication-1-1024x683.jpg 1024w, https:\/\/www.atelierduvin.com\/wp-content\/uploads\/AIV-Ambiance-Fabrication-1-768x512.jpg 768w, https:\/\/www.atelierduvin.com\/wp-content\/uploads\/AIV-Ambiance-Fabrication-1-1320x880.jpg 1320w, https:\/\/www.atelierduvin.com\/wp-content\/uploads\/AIV-Ambiance-Fabrication-1-96x64.jpg 96w, https:\/\/www.atelierduvin.com\/wp-content\/uploads\/AIV-Ambiance-Fabrication-1-42x28.jpg 42w, https:\/\/www.atelierduvin.com\/wp-content\/uploads\/AIV-Ambiance-Fabrication-1-64x43.jpg 64w\" sizes=\"auto, (max-width: 1500px) 100vw, 1500px\" \/><\/figure>\n<\/div><\/div>\n<\/div>\n\n\n<div class=\"line-separator mobile-hidden\" style=\"margin-top:50px; margin-bottom:50px\"><\/div>\r\n    <div class=\"line-separator laptop-hidden\" style=\"margin-top:50px; margin-bottom:50px\"><\/div>\r\n\n\n\n<div class=\"wp-block-columns is-layout-flex wp-container-core-columns-is-layout-9d6595d7 wp-block-columns-is-layout-flex\">\n<div class=\"wp-block-column is-layout-flow wp-block-column-is-layout-flow\">\n<h2 class=\"wp-block-heading has-text-align-left\">Unser L\u2018Atelier du Vin Care-Reparaturservice<\/h2>\n<\/div>\n<\/div>\n\n\n\n<div class=\"wp-block-columns is-layout-flex wp-container-core-columns-is-layout-9d6595d7 wp-block-columns-is-layout-flex\">\n<div class=\"wp-block-column is-layout-flow wp-block-column-is-layout-flow\">\n<p class=\"animate-scroll\">Jedes Jahr bringen unsere Designer, Ergonomen und Kunsthandwerker technische Optimierungen ein, die es erm\u00f6glichen, die Robustheit unserer Weinaccessoires zu verbessern, ihre Handhabung zu erleichtern und sie sowohl optisch als auch haptisch ansprechend zu gestalten. Nichtsdestotrotz ist auch in der \u00d6nologie kein Accessoire unzerbrechlich, weshalb wir Ihnen einen Reparaturservice anbieten.<\/p>\n<\/div>\n\n\n\n<div class=\"wp-block-column is-layout-flow wp-block-column-is-layout-flow\">\n<p class=\"animate-scroll\">L\u2018Atelier du Vin Care steht Ihnen zur Seite, wenn Sie ein in die Br\u00fcche gegangenes Accessoire, einen blockierten Mechanismus oder einen abgenutzten Schaft reparieren lassen m\u00f6chten&nbsp;\u2013 unabh\u00e4ngig davon, ob die Garantie noch g\u00fcltig ist oder nicht. Wenden Sie sich dazu an einfach unseren Kundendienst, indem Sie in unserem Kontaktformular auf eine Reparatur verweisen. Unser Experte wird sich so schnell wie m\u00f6glich bei Ihnen melden, um die Lebensdauer Ihres Weinaccessoires zu verl\u00e4ngern<\/p>\n<\/div>\n<\/div>\n\n\n    <div class=\"separator mobile-hidden\" style=\"height:40px\"><\/div>\r\n    <div class=\"separator laptop-hidden\" style=\"height:20px\"><\/div>\r\n\n\n\n<div class=\"wp-block-buttons is-content-justification-center is-layout-flex wp-container-core-buttons-is-layout-16018d1d wp-block-buttons-is-layout-flex\">\n<div class=\"wp-block-button is-style-outline is-style-outline--1\"><a class=\"wp-block-button__link wp-element-button\" href=\"https:\/\/www.atelierduvin.com\/de\/kontaktieren-sie-uns\/\" style=\"border-radius:0px\">Kontaktformular<\/a><\/div>\n<\/div>\n\n\n\n<div style=\"height:50px\" aria-hidden=\"true\" class=\"wp-block-spacer\"><\/div>\n","protected":false},"excerpt":{"rendered":"<p>L\u2019Atelier du Vin Care, unsere lebenslange Servicegarantie Die besten Accessoires sind diejenigen, die Sie ein Leben lang nutzen. L\u2018Atelier du Vin stellt einzigartige best\u00e4ndige Weinaccessoires her, die so konzipiert sind, dass sie von Generation zu Generation weitergereicht werden k\u00f6nnen. Dennoch k\u00f6nnen Weinaccessoires stark beansprucht, abgenutzt oder versehentlich besch\u00e4digt werden, bis sie klemmen oder in die [&hellip;]<\/p>\n","protected":false},"author":5992,"featured_media":0,"parent":0,"menu_order":0,"comment_status":"closed","ping_status":"closed","template":"","meta":{"_acf_changed":false,"footnotes":""},"class_list":["post-68248","page","type-page","status-publish","hentry"],"acf":[],"_links":{"self":[{"href":"https:\/\/www.atelierduvin.com\/de\/wp-json\/wp\/v2\/pages\/68248","targetHints":{"allow":["GET"]}}],"collection":[{"href":"https:\/\/www.atelierduvin.com\/de\/wp-json\/wp\/v2\/pages"}],"about":[{"href":"https:\/\/www.atelierduvin.com\/de\/wp-json\/wp\/v2\/types\/page"}],"author":[{"embeddable":true,"href":"https:\/\/www.atelierduvin.com\/de\/wp-json\/wp\/v2\/users\/5992"}],"replies":[{"embeddable":true,"href":"https:\/\/www.atelierduvin.com\/de\/wp-json\/wp\/v2\/comments?post=68248"}],"version-history":[{"count":5,"href":"https:\/\/www.atelierduvin.com\/de\/wp-json\/wp\/v2\/pages\/68248\/revisions"}],"predecessor-version":[{"id":197889,"href":"https:\/\/www.atelierduvin.com\/de\/wp-json\/wp\/v2\/pages\/68248\/revisions\/197889"}],"wp:attachment":[{"href":"https:\/\/www.atelierduvin.com\/de\/wp-json\/wp\/v2\/media?parent=68248"}],"curies":[{"name":"wp","href":"https:\/\/api.w.org\/{rel}","templated":true}]}}