{"id":67864,"date":"2022-04-26T09:32:52","date_gmt":"2022-04-26T07:32:52","guid":{"rendered":"https:\/\/www.refonte-adv.votre-projet.com\/latelier-du-vin-ein-einzigartiges-franzoesisches-savoir-faire\/"},"modified":"2025-03-03T09:57:10","modified_gmt":"2025-03-03T08:57:10","slug":"latelier-du-vin-ein-einzigartiges-franzoesisches-savoir-faire","status":"publish","type":"page","link":"https:\/\/www.atelierduvin.com\/de\/latelier-du-vin-ein-einzigartiges-franzoesisches-savoir-faire\/","title":{"rendered":"L\u2018Atelier du Vin, ein einzigartiges franz\u00f6sisches Savoir-faire"},"content":{"rendered":"\n<div class=\"wp-block-columns animate-scroll is-layout-flex wp-container-core-columns-is-layout-9d6595d7 wp-block-columns-is-layout-flex\">\n<div class=\"wp-block-column is-layout-flow wp-block-column-is-layout-flow\" style=\"flex-basis:100%\">    <div class=\"separator mobile-hidden\" style=\"height:40px\"><\/div>\r\n    <div class=\"separator laptop-hidden\" style=\"height:20px\"><\/div>\r\n\n\n\n<h1 class=\"wp-block-heading has-text-align-center\">L\u2018Atelier du Vin, ein einzigartiges franz\u00f6sisches Savoir-faire<\/h1>\n\n\n    <div class=\"separator mobile-hidden\" style=\"height:40px\"><\/div>\r\n    <div class=\"separator laptop-hidden\" style=\"height:20px\"><\/div>\r\n\n\n\n<p class=\"has-text-align-center\">Seit 1926 entwirft und fertigt unser Familienunternehmen Weinaccessoires mit ungez\u00fcgelter Leidenschaft.<\/p>\n\n\n\n<p class=\"has-text-align-center\">Bis heute ist L\u2018Atelier du Vin der einzige Hersteller, der Ihnen das gesamte Spektrum einer Kollektion von Weinaccessoires bietet \u2013 vom Weinkeller bis zum Tisch.<\/p>\n\n\n\n<p class=\"has-text-align-center\">Wir beherrschen den gesamten Prozess von der Konzeption bis zur Herstellung und bewahren mithilfe unserer Handwerksmeister, Designer,<\/p>\n\n\n\n<p class=\"has-text-align-center\">Tischler, Ingenieure und Glasbl\u00e4sermeister ein einzigartiges franz\u00f6sisches Savoir-faire.<\/p>\n\n\n    <div class=\"separator mobile-hidden\" style=\"height:40px\"><\/div>\r\n    <div class=\"separator laptop-hidden\" style=\"height:20px\"><\/div>\r\n\n\n<div class=\"wp-block-image\">\n<figure class=\"aligncenter size-full\"><img loading=\"lazy\" decoding=\"async\" width=\"1500\" height=\"1000\" src=\"https:\/\/www.atelierduvin.com\/wp-content\/uploads\/AIV-Ambiance-Fabrication-16-1.jpg\" alt=\"\" class=\"wp-image-197419\" srcset=\"https:\/\/www.atelierduvin.com\/wp-content\/uploads\/AIV-Ambiance-Fabrication-16-1.jpg 1500w, https:\/\/www.atelierduvin.com\/wp-content\/uploads\/AIV-Ambiance-Fabrication-16-1-450x300.jpg 450w, https:\/\/www.atelierduvin.com\/wp-content\/uploads\/AIV-Ambiance-Fabrication-16-1-1024x683.jpg 1024w, https:\/\/www.atelierduvin.com\/wp-content\/uploads\/AIV-Ambiance-Fabrication-16-1-768x512.jpg 768w, https:\/\/www.atelierduvin.com\/wp-content\/uploads\/AIV-Ambiance-Fabrication-16-1-1320x880.jpg 1320w, https:\/\/www.atelierduvin.com\/wp-content\/uploads\/AIV-Ambiance-Fabrication-16-1-96x64.jpg 96w, https:\/\/www.atelierduvin.com\/wp-content\/uploads\/AIV-Ambiance-Fabrication-16-1-42x28.jpg 42w, https:\/\/www.atelierduvin.com\/wp-content\/uploads\/AIV-Ambiance-Fabrication-16-1-64x43.jpg 64w\" sizes=\"auto, (max-width: 1500px) 100vw, 1500px\" \/><\/figure>\n<\/div>\n\n    <div class=\"separator mobile-hidden\" style=\"height:40px\"><\/div>\r\n    <div class=\"separator laptop-hidden\" style=\"height:20px\"><\/div>\r\n\n\n\n<h2 class=\"wp-block-heading\">Die Expertise unserer Designer und Ingenieure<\/h2>\n<\/div>\n<\/div>\n\n<div class=\"wp-block-columns are-vertically-aligned-top is-layout-flex wp-container-core-columns-is-layout-9d6595d7 wp-block-columns-is-layout-flex\">\n<div class=\"wp-block-column is-vertically-aligned-top is-layout-flow wp-block-column-is-layout-flow\">\n<p>Die Konzeption unserer Weinaccessoires beginnt in unserem Designstudio in Paris. Hier kommen unsere Designer und Ingenieure zusammen, um ihren gesamten Erfindungsgeist und Einfallsreichtum einzubringen.<\/p>\n\n\n\n<p>Kontinuierlich suchen wir nach der perfekten Balance zwischen Robustheit, Ergonomie und \u00c4sthetik, aus der Accessoires f\u00fcr die Aufbewahrung, das Servieren und die Verkostung hervorgehen, die von Generation zu Generation weitergegeben werden k\u00f6nnen.<\/p>\n<\/div>\n\n\n\n<div class=\"wp-block-column is-vertically-aligned-top is-layout-flow wp-block-column-is-layout-flow\">\n<p>Wir investieren viel Zeit und Geld in die Forschung und Entwicklung, sodass sich unsere Designer, Zeichner und Ingenieure allen Aspekten einer Kreation widmen k\u00f6nnen. Die \u00fcberzeugendsten Entw\u00fcrfe werden anschlie\u00dfend in Prototypen von Weinaccessoires \u00fcberf\u00fchrt, die sowohl optisch als auch haptisch ansprechend sowie intuitiv und einfach zu bedienen sind. Auf diese Weise garantieren wir ein in jeglicher Hinsicht vollkommenes Weinritual.<\/p>\n<\/div>\n<\/div>\n<div class=\"line-separator mobile-hidden\" style=\"margin-top:50px; margin-bottom:50px\"><\/div>\r\n    <div class=\"line-separator laptop-hidden\" style=\"margin-top:50px; margin-bottom:50px\"><\/div>\r\n\n<div class=\"wp-block-columns is-layout-flex wp-container-core-columns-is-layout-9d6595d7 wp-block-columns-is-layout-flex\">\n<div class=\"wp-block-column is-vertically-aligned-center is-layout-flow wp-block-column-is-layout-flow\"><div class=\"wp-block-image\">\n<figure class=\"alignleft size-full\"><img loading=\"lazy\" decoding=\"async\" width=\"1024\" height=\"683\" src=\"https:\/\/www.atelierduvin.com\/wp-content\/uploads\/Decoupe-OBC1-1.jpg\" alt=\"\" class=\"wp-image-197521\" srcset=\"https:\/\/www.atelierduvin.com\/wp-content\/uploads\/Decoupe-OBC1-1.jpg 1024w, https:\/\/www.atelierduvin.com\/wp-content\/uploads\/Decoupe-OBC1-1-450x300.jpg 450w, https:\/\/www.atelierduvin.com\/wp-content\/uploads\/Decoupe-OBC1-1-768x512.jpg 768w, https:\/\/www.atelierduvin.com\/wp-content\/uploads\/Decoupe-OBC1-1-96x64.jpg 96w, https:\/\/www.atelierduvin.com\/wp-content\/uploads\/Decoupe-OBC1-1-42x28.jpg 42w, https:\/\/www.atelierduvin.com\/wp-content\/uploads\/Decoupe-OBC1-1-64x43.jpg 64w\" sizes=\"auto, (max-width: 1024px) 100vw, 1024px\" \/><\/figure>\n<\/div><\/div>\n\n\n\n<div class=\"wp-block-column is-vertically-aligned-center is-layout-flow wp-block-column-is-layout-flow\">\n<h2 class=\"wp-block-heading\">Unsere Werkstatt in Frankreich und unsere ma\u00dfgefertigten Accessoires<\/h2>\n\n\n\n<p>Bei der Entwicklung und Herstellung unserer erlesenen Weinaccessoires, die wir von Anfang bis Ende selbst steuern, kombinieren wir traditionelle und moderne Verfahren.<\/p>\n\n\n\n<p>In unserer Werkstatt in Frankreich sowie in anderen zugelassenen Betrieben werden viele unserer Produkte, Sets und Zusammenstellungen auf Grundlage unseres unnachahmlichen Know-hows von Hand gefertigt.<\/p>\n<\/div>\n<\/div>\n<div class=\"line-separator mobile-hidden\" style=\"margin-top:50px; margin-bottom:50px\"><\/div>\r\n    <div class=\"line-separator laptop-hidden\" style=\"margin-top:50px; margin-bottom:50px\"><\/div>\r\n\n<div class=\"wp-block-columns is-layout-flex wp-container-core-columns-is-layout-9d6595d7 wp-block-columns-is-layout-flex\">\n<div class=\"wp-block-column is-vertically-aligned-center is-layout-flow wp-block-column-is-layout-flow\">\n<figure class=\"wp-block-image size-large\"><img loading=\"lazy\" decoding=\"async\" width=\"1024\" height=\"645\" src=\"https:\/\/www.atelierduvin.com\/wp-content\/uploads\/Travail-du-moule-1-1024x645.png\" alt=\"\" class=\"wp-image-65517\" srcset=\"https:\/\/www.atelierduvin.com\/wp-content\/uploads\/Travail-du-moule-1-1024x645.png 1024w, https:\/\/www.atelierduvin.com\/wp-content\/uploads\/Travail-du-moule-1-450x283.png 450w, https:\/\/www.atelierduvin.com\/wp-content\/uploads\/Travail-du-moule-1-96x60.png 96w, https:\/\/www.atelierduvin.com\/wp-content\/uploads\/Travail-du-moule-1-42x26.png 42w, https:\/\/www.atelierduvin.com\/wp-content\/uploads\/Travail-du-moule-1-60x38.png 60w, https:\/\/www.atelierduvin.com\/wp-content\/uploads\/Travail-du-moule-1-1320x831.png 1320w, https:\/\/www.atelierduvin.com\/wp-content\/uploads\/Travail-du-moule-1-600x378.png 600w, https:\/\/www.atelierduvin.com\/wp-content\/uploads\/Travail-du-moule-1-64x40.png 64w, https:\/\/www.atelierduvin.com\/wp-content\/uploads\/Travail-du-moule-1.png 1448w\" sizes=\"auto, (max-width: 1024px) 100vw, 1024px\" \/><\/figure>\n<\/div>\n\n\n\n<div class=\"wp-block-column is-vertically-aligned-center is-layout-flow wp-block-column-is-layout-flow\">\n<h2 class=\"wp-block-heading\">Einzigartige ma\u00dfgeschneiderte Industrieformen<\/h2>\n\n\n\n<p>F\u00fcr bestimmte Metall- und Verbundstoffteile unserer in Serie produzierten Modelle setzen wir in der Fabrik unsere eigenen ma\u00dfgeschneiderten Werkzeuge ein. Dank dieser Pr\u00e4zisionsformen, die nach unseren Vorgaben entworfen wurden und uns geh\u00f6ren, sind die Bestandteile unserer Mechanismen besonders leistungsstark, wodurch sie sich von den Standardmodellen des Marktes abheben.<\/p>\n<\/div>\n<\/div>\n<div class=\"line-separator mobile-hidden\" style=\"margin-top:50px; margin-bottom:50px\"><\/div>\r\n    <div class=\"line-separator laptop-hidden\" style=\"margin-top:50px; margin-bottom:50px\"><\/div>\r\n\n<div class=\"wp-block-columns animate-scroll is-layout-flex wp-container-core-columns-is-layout-9d6595d7 wp-block-columns-is-layout-flex\">\n<div class=\"wp-block-column is-layout-flow wp-block-column-is-layout-flow\" style=\"flex-basis:100%\">\n<h2 class=\"wp-block-heading has-text-align-left\" id=\"le-savoir-faire-ancestral-de-nos-maitres-tabletiers\">Das \u00fcberlieferte Know-how unserer Tischlermeister<\/h2>\n\n\n    <div class=\"separator mobile-hidden\" style=\"height:40px\"><\/div>\r\n    <div class=\"separator laptop-hidden\" style=\"height:20px\"><\/div>\r\n\n\n<div class=\"wp-block-image\">\n<figure class=\"aligncenter size-full\"><img loading=\"lazy\" decoding=\"async\" width=\"1500\" height=\"806\" src=\"https:\/\/www.atelierduvin.com\/wp-content\/uploads\/SPARKLING-SET.jpg\" alt=\"\" class=\"wp-image-63963\" srcset=\"https:\/\/www.atelierduvin.com\/wp-content\/uploads\/SPARKLING-SET.jpg 1500w, https:\/\/www.atelierduvin.com\/wp-content\/uploads\/SPARKLING-SET-450x242.jpg 450w, https:\/\/www.atelierduvin.com\/wp-content\/uploads\/SPARKLING-SET-1024x550.jpg 1024w, https:\/\/www.atelierduvin.com\/wp-content\/uploads\/SPARKLING-SET-96x52.jpg 96w, https:\/\/www.atelierduvin.com\/wp-content\/uploads\/SPARKLING-SET-42x23.jpg 42w, https:\/\/www.atelierduvin.com\/wp-content\/uploads\/SPARKLING-SET-60x32.jpg 60w, https:\/\/www.atelierduvin.com\/wp-content\/uploads\/SPARKLING-SET-1320x709.jpg 1320w, https:\/\/www.atelierduvin.com\/wp-content\/uploads\/SPARKLING-SET-600x322.jpg 600w, https:\/\/www.atelierduvin.com\/wp-content\/uploads\/SPARKLING-SET-64x34.jpg 64w\" sizes=\"auto, (max-width: 1500px) 100vw, 1500px\" \/><\/figure>\n<\/div>\n\n    <div class=\"separator mobile-hidden\" style=\"height:40px\"><\/div>\r\n    <div class=\"separator laptop-hidden\" style=\"height:20px\"><\/div>\r\n<\/div>\n<\/div>\n\n<div class=\"wp-block-columns is-layout-flex wp-container-core-columns-is-layout-9d6595d7 wp-block-columns-is-layout-flex\">\n<div class=\"wp-block-column is-vertically-aligned-top is-layout-flow wp-block-column-is-layout-flow\">\n<p>F\u00fcr die ma\u00dfgeschneiderte Gestaltung unserer Sammlersets aus Holz greifen wir auf das \u00fcberlieferte Know-how unserer Tischlermeister zur\u00fcck, die zu den letzten ihrer Art geh\u00f6ren. Die Kunsttischlerei ist ein historisches Handwerk, das sich durch die Herstellung von kleinen Holzgegenst\u00e4nden wie eine kleine Reisekiste, eine Schmuckschatulle oder ein Spielek\u00f6fferchen auszeichnet. L\u2018Atelier du Vin tr\u00e4gt dazu bei, dieses \u00fcberlieferte Wissen zu bewahren, indem wir bei vielen unserer Projekte unsere franz\u00f6sischen Handwerksmeister mit der sorgf\u00e4ltigen Bearbeitung des Holzes beauftragen.<\/p>\n<\/div>\n\n\n\n<div class=\"wp-block-column is-vertically-aligned-top is-layout-flow wp-block-column-is-layout-flow\">\n<p>Im Sinne einer durchdachten und umweltbewussten Herstellung w\u00e4hlen unsere Tischlermeister, sofern m\u00f6glich, vorrangig Holz aus lokalen, nachhaltig bewirtschafteten W\u00e4ldern aus. Jedes St\u00fcck Holz wird separat ausgew\u00e4hlt und auf Ma\u00df zugeschnitten, um die urspr\u00fcngliche Maserung zu erhalten. Mit gr\u00f6\u00dfter Sorgfalt und einem unvergleichlichen Ma\u00df an Geschicklichkeit f\u00fchren unsere Handwerksmeister historische Verbindungstechniken und zeitgen\u00f6ssische Bearbeitungsverfahren zusammen, um wahrhaft einzigartige Weinaccessoiresets zu schaffen.<\/p>\n<\/div>\n<\/div>\n<div class=\"line-separator mobile-hidden\" style=\"margin-top:50px; margin-bottom:50px\"><\/div>\r\n    <div class=\"line-separator laptop-hidden\" style=\"margin-top:50px; margin-bottom:50px\"><\/div>\r\n\n<div style=\"height:20px\" aria-hidden=\"true\" class=\"wp-block-spacer\"><\/div>\n\n<div class=\"wp-block-columns animate-scroll is-layout-flex wp-container-core-columns-is-layout-9d6595d7 wp-block-columns-is-layout-flex\">\n<div class=\"wp-block-column is-vertically-aligned-center is-layout-flow wp-block-column-is-layout-flow\">\n<figure class=\"wp-block-image size-large\"><img loading=\"lazy\" decoding=\"async\" width=\"1024\" height=\"661\" src=\"https:\/\/www.atelierduvin.com\/wp-content\/uploads\/ADV_Cat_Verrerie_paysage_HD-1024x661.jpg\" alt=\"\" class=\"wp-image-196145\" srcset=\"https:\/\/www.atelierduvin.com\/wp-content\/uploads\/ADV_Cat_Verrerie_paysage_HD-1024x661.jpg 1024w, https:\/\/www.atelierduvin.com\/wp-content\/uploads\/ADV_Cat_Verrerie_paysage_HD-450x291.jpg 450w, https:\/\/www.atelierduvin.com\/wp-content\/uploads\/ADV_Cat_Verrerie_paysage_HD-768x496.jpg 768w, https:\/\/www.atelierduvin.com\/wp-content\/uploads\/ADV_Cat_Verrerie_paysage_HD-1536x992.jpg 1536w, https:\/\/www.atelierduvin.com\/wp-content\/uploads\/ADV_Cat_Verrerie_paysage_HD-1320x852.jpg 1320w, https:\/\/www.atelierduvin.com\/wp-content\/uploads\/ADV_Cat_Verrerie_paysage_HD-96x62.jpg 96w, https:\/\/www.atelierduvin.com\/wp-content\/uploads\/ADV_Cat_Verrerie_paysage_HD-42x27.jpg 42w, https:\/\/www.atelierduvin.com\/wp-content\/uploads\/ADV_Cat_Verrerie_paysage_HD.jpg 1800w\" sizes=\"auto, (max-width: 1024px) 100vw, 1024px\" \/><\/figure>\n<\/div>\n\n\n\n<div class=\"wp-block-column is-vertically-aligned-center is-layout-flow wp-block-column-is-layout-flow\">\n<h2 class=\"wp-block-heading\" id=\"le-metier-d-art-de-nos-maitres-verriers\">Die Handwerkskunst unserer Glasbl\u00e4sermeister<\/h2>\n\n\n    <div class=\"separator mobile-hidden\" style=\"height:40px\"><\/div>\r\n    <div class=\"separator laptop-hidden\" style=\"height:20px\"><\/div>\r\n\n\n\n<p>Bei der Gestaltung unserer Weinglaskreationen kommt das ganze traditionelle Savoir-faire unserer Glasmeister zum Tragen. Die historische Handwerkskunst, die von den Alchemisten \u00fcbernommen wurde, hat sich \u00fcber Jahrhunderte bewahrt \u2013 von raffinierten Glasfenstern in Kathedralen bis hin zu Tafelgeschirr.<\/p>\n\n\n\n<p>Unsere Dekantierkaraffen, Champagnerfl\u00f6ten und Weingl\u00e4ser werden aus hochwertigem mundgeblasenem Glas hergestellt, das soweit wie m\u00f6glich bleifrei ist. Indem der Glashandwerker jedes neue St\u00fcck von Hand fertigt, verleiht er ihm eine ganz pers\u00f6nliche Note, eine Seele, die jedes Modell zu einer einzigartigen Kreation macht.<\/p>\n<\/div>\n<\/div>\n<div class=\"line-separator mobile-hidden\" style=\"margin-top:50px; margin-bottom:50px\"><\/div>\r\n    <div class=\"line-separator laptop-hidden\" style=\"margin-top:50px; margin-bottom:50px\"><\/div>\r\n\n<div class=\"wp-block-columns animate-scroll is-layout-flex wp-container-core-columns-is-layout-9d6595d7 wp-block-columns-is-layout-flex\">\n<div class=\"wp-block-column is-vertically-aligned-center is-layout-flow wp-block-column-is-layout-flow\">\n<figure class=\"wp-block-image size-large\"><img loading=\"lazy\" decoding=\"async\" width=\"1024\" height=\"641\" src=\"https:\/\/www.atelierduvin.com\/\/wp-content\/uploads\/Engrenage-2-1024x641.jpg\" alt=\"\" class=\"wp-image-65645\" srcset=\"https:\/\/www.atelierduvin.com\/wp-content\/uploads\/Engrenage-2-1024x641.jpg 1024w, https:\/\/www.atelierduvin.com\/wp-content\/uploads\/Engrenage-2-450x282.jpg 450w, https:\/\/www.atelierduvin.com\/wp-content\/uploads\/Engrenage-2-96x60.jpg 96w, https:\/\/www.atelierduvin.com\/wp-content\/uploads\/Engrenage-2-42x26.jpg 42w, https:\/\/www.atelierduvin.com\/wp-content\/uploads\/Engrenage-2-60x38.jpg 60w, https:\/\/www.atelierduvin.com\/wp-content\/uploads\/Engrenage-2-1536x962.jpg 1536w, https:\/\/www.atelierduvin.com\/wp-content\/uploads\/Engrenage-2-1320x827.jpg 1320w, https:\/\/www.atelierduvin.com\/wp-content\/uploads\/Engrenage-2-600x376.jpg 600w, https:\/\/www.atelierduvin.com\/wp-content\/uploads\/Engrenage-2-64x40.jpg 64w, https:\/\/www.atelierduvin.com\/wp-content\/uploads\/Engrenage-2.jpg 1547w\" sizes=\"auto, (max-width: 1024px) 100vw, 1024px\" \/><\/figure>\n<\/div>\n\n\n\n<div class=\"wp-block-column is-vertically-aligned-center is-layout-flow wp-block-column-is-layout-flow\">\n<h2 class=\"wp-block-heading\" id=\"l-exigence-de-nos-experts-en-controle-qualite\">Rigorose Qualit\u00e4tskontrolle<\/h2>\n\n\n    <div class=\"separator mobile-hidden\" style=\"height:40px\"><\/div>\r\n    <div class=\"separator laptop-hidden\" style=\"height:20px\"><\/div>\r\n\n\n\n<p>L\u2018Atelier du Vin f\u00fchrt in allen Phasen des Herstellungsprozesses strenge Qualit\u00e4tskontrollen f\u00fcr jedes Modell und seine Bestandteile durch. Indem wir zus\u00e4tzliche Expertise von unabh\u00e4ngigen spezialisierten Ingenieuren einholen, k\u00f6nnen wir die Konformit\u00e4t und Haltbarkeit unserer hochwertigen Weinaccessoires garantieren, bevor wir sie schlie\u00dflich von Hand verpacken und an Sie weiterleiten.<\/p>\n<\/div>\n<\/div>\n\n<div style=\"height:50px\" aria-hidden=\"true\" class=\"wp-block-spacer\"><\/div>\n","protected":false},"excerpt":{"rendered":"<p>L\u2018Atelier du Vin, ein einzigartiges franz\u00f6sisches Savoir-faire Seit 1926 entwirft und fertigt unser Familienunternehmen Weinaccessoires mit ungez\u00fcgelter Leidenschaft. Bis heute ist L\u2018Atelier du Vin der einzige Hersteller, der Ihnen das gesamte Spektrum einer Kollektion von Weinaccessoires bietet \u2013 vom Weinkeller bis zum Tisch. Wir beherrschen den gesamten Prozess von der Konzeption bis zur Herstellung und [&hellip;]<\/p>\n","protected":false},"author":1,"featured_media":0,"parent":0,"menu_order":0,"comment_status":"closed","ping_status":"closed","template":"","meta":{"_acf_changed":false,"footnotes":""},"class_list":["post-67864","page","type-page","status-publish","hentry"],"acf":[],"_links":{"self":[{"href":"https:\/\/www.atelierduvin.com\/de\/wp-json\/wp\/v2\/pages\/67864","targetHints":{"allow":["GET"]}}],"collection":[{"href":"https:\/\/www.atelierduvin.com\/de\/wp-json\/wp\/v2\/pages"}],"about":[{"href":"https:\/\/www.atelierduvin.com\/de\/wp-json\/wp\/v2\/types\/page"}],"author":[{"embeddable":true,"href":"https:\/\/www.atelierduvin.com\/de\/wp-json\/wp\/v2\/users\/1"}],"replies":[{"embeddable":true,"href":"https:\/\/www.atelierduvin.com\/de\/wp-json\/wp\/v2\/comments?post=67864"}],"version-history":[{"count":4,"href":"https:\/\/www.atelierduvin.com\/de\/wp-json\/wp\/v2\/pages\/67864\/revisions"}],"predecessor-version":[{"id":197876,"href":"https:\/\/www.atelierduvin.com\/de\/wp-json\/wp\/v2\/pages\/67864\/revisions\/197876"}],"wp:attachment":[{"href":"https:\/\/www.atelierduvin.com\/de\/wp-json\/wp\/v2\/media?parent=67864"}],"curies":[{"name":"wp","href":"https:\/\/api.w.org\/{rel}","templated":true}]}}