{"id":67854,"date":"2022-04-26T09:11:03","date_gmt":"2022-04-26T07:11:03","guid":{"rendered":"https:\/\/www.refonte-adv.votre-projet.com\/unsere-e-kataloge\/"},"modified":"2026-01-27T13:32:18","modified_gmt":"2026-01-27T12:32:18","slug":"unsere-e-kataloge","status":"publish","type":"page","link":"https:\/\/www.atelierduvin.com\/de\/unsere-e-kataloge\/","title":{"rendered":"Unsere E-Kataloge"},"content":{"rendered":"    <div class=\"separator mobile-hidden\" style=\"height:40px\"><\/div>\r\n    <div class=\"separator laptop-hidden\" style=\"height:20px\"><\/div>\r\n\n\n\n<h1 class=\"wp-block-heading has-text-align-center\">Unsere E-Kataloge<\/h1>\n\n\n    <div class=\"separator mobile-hidden\" style=\"height:40px\"><\/div>\r\n    <div class=\"separator laptop-hidden\" style=\"height:20px\"><\/div>\r\n\n\n\n<p class=\"has-text-align-center\">Beim Studieren dieser E-Kataloge entdecken Sie unsere Kollektionen, die bei jeder Neuerscheinung eines Produkts aktualisiert werden. Viel Vergn\u00fcgen!<\/p>\n\n\n\n<p class=\"has-text-align-center\">Z\u00f6gern Sie nicht, uns anzusprechen.<\/p>\n\n\n    <div class=\"separator mobile-hidden\" style=\"height:40px\"><\/div>\r\n    <div class=\"separator laptop-hidden\" style=\"height:20px\"><\/div>\r\n\n\n\n<h2 class=\"wp-block-heading has-text-align-center\">L&#8217;Atelier du Vin &#8211; Winterkollektion 2026<\/h2>\n\n\n\n<div style=\"text-align:center; position:relative; padding-bottom:56.25%; height:0; overflow:hidden; max-width:100%; width:100%;\">\n  <iframe loading=\"lazy\" src=\"\/\/v.calameo.com\/?bkcode=006708191276a5c675637&#038;mode=mini&#038;page=7&#038;showsharemenu=false&#038;clickto=embed\" \n    width=\"1200\" height=\"790\" \n    frameborder=\"0\" scrolling=\"no\" \n    allowtransparency allowfullscreen \n    style=\"position:absolute; top:0; left:0; width:100%; height:100%;\"><\/iframe>\n<\/div>\n\n\n\n<h2 class=\"wp-block-heading has-text-align-center\" id=\"architecture-interieure-du-vin-collection-fevrier-2022\">Architecture Int\u00e9rieure du Vin<\/h2>\n\n\n\n<p class=\"has-text-align-center small\">powered by L&#8217;Atelier du Vin<\/p>\n\n\n    <div class=\"separator mobile-hidden\" style=\"height:40px\"><\/div>\r\n    <div class=\"separator laptop-hidden\" style=\"height:20px\"><\/div>\r\n\n\n\n<div style=\"text-align:center; position:relative; padding-bottom:56.25%; height:0; overflow:hidden; max-width:100%; width:100%;\">\n  <iframe loading=\"lazy\" src=\"\/\/v.calameo.com\/?bkcode=00670819123275d8d47b2&#038;mode=mini&#038;page=8&#038;showsharemenu=false&#038;clickto=embed\" width=\"1200\" height=\"790\" frameborder=\"0\" scrolling=\"no\" allowtransparency=\"\" allowfullscreen=\"\" style=\"position:absolute; top:0; left:0; width:100%; height:100%;\"><\/iframe>\n<\/div>\n\n\n    <div class=\"separator mobile-hidden\" style=\"height:40px\"><\/div>\r\n    <div class=\"separator laptop-hidden\" style=\"height:20px\"><\/div>\r\n","protected":false},"excerpt":{"rendered":"<p>Unsere E-Kataloge Beim Studieren dieser E-Kataloge entdecken Sie unsere Kollektionen, die bei jeder Neuerscheinung eines Produkts aktualisiert werden. Viel Vergn\u00fcgen! Z\u00f6gern Sie nicht, uns anzusprechen. L&#8217;Atelier du Vin &#8211; Winterkollektion 2026 Architecture Int\u00e9rieure du Vin powered by L&#8217;Atelier du Vin<\/p>\n","protected":false},"author":1,"featured_media":0,"parent":0,"menu_order":0,"comment_status":"closed","ping_status":"closed","template":"","meta":{"_acf_changed":false,"footnotes":""},"class_list":["post-67854","page","type-page","status-publish","hentry"],"acf":[],"_links":{"self":[{"href":"https:\/\/www.atelierduvin.com\/de\/wp-json\/wp\/v2\/pages\/67854","targetHints":{"allow":["GET"]}}],"collection":[{"href":"https:\/\/www.atelierduvin.com\/de\/wp-json\/wp\/v2\/pages"}],"about":[{"href":"https:\/\/www.atelierduvin.com\/de\/wp-json\/wp\/v2\/types\/page"}],"author":[{"embeddable":true,"href":"https:\/\/www.atelierduvin.com\/de\/wp-json\/wp\/v2\/users\/1"}],"replies":[{"embeddable":true,"href":"https:\/\/www.atelierduvin.com\/de\/wp-json\/wp\/v2\/comments?post=67854"}],"version-history":[{"count":5,"href":"https:\/\/www.atelierduvin.com\/de\/wp-json\/wp\/v2\/pages\/67854\/revisions"}],"predecessor-version":[{"id":306073,"href":"https:\/\/www.atelierduvin.com\/de\/wp-json\/wp\/v2\/pages\/67854\/revisions\/306073"}],"wp:attachment":[{"href":"https:\/\/www.atelierduvin.com\/de\/wp-json\/wp\/v2\/media?parent=67854"}],"curies":[{"name":"wp","href":"https:\/\/api.w.org\/{rel}","templated":true}]}}