{"id":67839,"date":"2022-04-25T16:32:08","date_gmt":"2022-04-25T14:32:08","guid":{"rendered":"https:\/\/www.refonte-adv.votre-projet.com\/impressum\/"},"modified":"2025-05-14T15:40:19","modified_gmt":"2025-05-14T13:40:19","slug":"impressum","status":"publish","type":"page","link":"https:\/\/www.atelierduvin.com\/de\/impressum\/","title":{"rendered":"Impressum"},"content":{"rendered":"\n<h1 class=\"wp-block-heading\">Impressum<\/h1>\n\n\n    <div class=\"separator mobile-hidden\" style=\"height:40px\"><\/div>\r\n    <div class=\"separator laptop-hidden\" style=\"height:20px\"><\/div>\r\n\n\n<h2 style=\"text-align: left;\">Einleitung<\/h2>\n<p style=\"text-align: left;\">Wir freuen uns, Sie auf unserer Website zu begr\u00fc\u00dfen (im Folgenden die \u201cWebsite\u201c),<br \/>die unter der URL-Adresse\u00a0<a href=\"https:\/\/www.atelierduvin.com\/de\/\" target=\"_blank\" rel=\"noopener\">www.atelierduvin.com<\/a> erreichbar ist, herausgegeben von SANBRI, Soci\u00e9t\u00e9 par Actions Simplifi\u00e9e, mit einem Kapital von 742 500\u20ac, eingetragen im Handelsregister Beauvais mit der Umsatzsteuernummer FR 562 039 560, mit Sitz in 2 route de Chepoix 60120 Breteuil-sur-Noye Frankreich \u2013<br \/>Tel +33 (0)3 44 07 07 11 \u2013 Fax +33 (0)3 44 07 16 00, <a href=\"mailto:info@atelierduvin.com\">info@atelierduvin.com<\/a><\/p>\n<p style=\"text-align: left;\">Verantwortlich f\u00fcr die Publikation ist Herr Georges RICHARD in seiner Eigenschaft als CEO.<\/p>\n<p style=\"text-align: left;\">Die Website wird gehostet von OVH Soci\u00e9t\u00e9 par Actions Simplifi\u00e9e, mit einem Gesellschaftskapital von 10 069 020\u20ac, eingetragen im Handelsregister Lille M\u00e9tropole 424 761 419 00045 mit der Umsatzsteuernummer FR 22 424 761 419, mit Sitz in 2 rue Kellermann \u2013<br \/>59100 Roubaix Frankreich.<br \/>Konzeption, Webdesign und Entwicklung:<br \/>Nodule Multim\u00e9dia \u2013 La Bonne Agence<br \/>8, rue Jean Pr\u00e9vost<br \/>38000 GRENOBLE \u2013 Frankreich<br \/>Tel: 04 38 12 09 25<br \/>www.labonneagence.com<br \/>RCS: 419 453 824<br \/>Zugang und Benutzung der Website unterliegen den folgenden Bedingungen, den allgemeinen Nutzungsbedingungen und der Strategie f\u00fcr Vertraulichkeit und dem Schutz personenbezogener Daten (im Folgenden summarisch die \u201cBedingungen\u201c).<\/p>\n<p style=\"text-align: left;\">BITTE LESEN SIE AUFMERKSAM DIE BEDINGUNGEN, BEVOR SIE DIESE WEBSITE BENUTZEN, UND KONSULTIEREN SIE SIE REGELM\u00c4SSIG.<\/p>\n<p style=\"text-align: left;\">Der Benutzer best\u00e4tigt, dass er bereits zu Beginn seines Besuchs auf der Website auf die Existenz der Bedingungen aufmerksam gemacht wurde und auf die Notwendigkeit, sie vor jedem Besuch zur Kenntnis zu nehmen. Mit der Tatsache, dass der Benutzer die Website aufruft und darauf navigiert, erkennt er voll und ganz die Bedingungen an, und verpflichtet sich, diese anschlie\u00dfend zu beachten. S\u00e4mtliche \u00c4nderungen gelten ab ihrer Onlinestellung und f\u00fcr alle Benutzer. SANBRI S.A.S. beh\u00e4lt sich das Recht vor, nach seinem Ermessen jederzeit und ohne Vorank\u00fcndigung die Website ganz oder teilweise zu \u00e4ndern, insbesondere die Bedingungen, insbesondere um neue Bestimmungen einzuhalten oder zum Zweck von Verbesserungen. Au\u00dferdem sind Sie, wenn Sie die Bedingungen ganz oder teilweise nicht akzeptieren, nicht berechtigt, auf die Website zuzugreifen oder mit deren Benutzung fortzufahren.<\/p>\n<h2 style=\"text-align: left;\">Cookies<\/h2>\n<p style=\"text-align: left;\"><span style=\"font-weight: 400;\">Die Website kann automatisch Standardinformationen erfassen. Alle indirekt erfassten Informationen dienen ausschlie\u00dflich dazu, Volumen, Typ und Konfiguration des diese Website nutzenden Datenverkehrs zu verfolgen, um dessen Konzeption und Einrichtung weiterzuentwickeln, und f\u00fcr sonstige Verwaltungs- und Planungszwecke, und allgemeiner gesagt, um den von uns f\u00fcr Sie gebotenen Service zu verbessern.<\/span><\/p>\n<h2 style=\"text-align: left;\">Zugang zur Website<\/h2>\n<p style=\"text-align: left;\"><span style=\"font-weight: 400;\">Der Zugang zur Website ist nur vollj\u00e4hrigen Personen gestattet. Der Herausgeber beh\u00e4lt sich das Recht vor, von Ihnen einen Altersnachweis zu verlangen, insbesondere wenn Sie den Service der Online-Bestellung nutzen.<\/span><\/p>\n<p style=\"text-align: left;\"><span style=\"font-weight: 400;\">Der Zugang zur Website und ihre Nutzung sind ausschlie\u00dflich f\u00fcr den privaten Gebrauch bestimmt. Sie verpflichten sich, die Website und ihre Daten und Informationen nicht f\u00fcr gesch\u00e4ftliche, politische, werbliche Zwecke und alle Formen von Gesch\u00e4ftsanbahnung, insbesondere das Verschicken von Spam-E-Mails, zu nutzen.<\/span><\/p>\n<h2 style=\"text-align: left;\">Inhalte der Website<\/h2>\n<p style=\"text-align: left;\"><span style=\"font-weight: 400;\">Alle Marken, Fotografien, Texte, Kommentare, Illustrationen, bewegten oder unbewegten Bilder, Videosequenzen, T\u00f6ne, sowie alle IT-Anwendungen, die eventuell f\u00fcr das Funktionieren dieser Website verwendet werden, und allgemeiner gesagt, alle auf der Website reproduzierten oder benutzten Elemente, sind aufgrund des Urheberrechts durch die geltenden Gesetze gesch\u00fctzt.<\/span><\/p>\n<p style=\"text-align: left;\"><span style=\"font-weight: 400;\">Sie sind voll und ganz Eigentum des Herausgebers oder seiner Partner. Jede Reproduktion, Darstellung, Benutzung oder Adaptation dieser Elemente, in welcher Form auch immer, sei es ganz oder teilweise, einschlie\u00dflich der IT-Anwendungen, ist ohne die vorherige schriftliche Genehmigung durch den Herausgeber ausdr\u00fccklich verboten. Wenn der Herausgeber bei Bemerken solcher missbr\u00e4uchlicher Nutzung nicht unverz\u00fcglich Rechtsmittel ergreift, bedeutet die Tatsache keine Duldung der besagten Nutzung und keinen Verzicht auf Rechtsmittel.<\/span><\/p>\n<p style=\"text-align: left;\"><span style=\"font-weight: 400;\">Was den Service der Online-Bestellung anbetrifft, gelten s\u00e4mtliche Informationen auf dieser Website ausschlie\u00dflich f\u00fcr Festlandfrankreich (inklusive Korsika).<\/span><\/p>\n<p style=\"text-align: left;\"><span style=\"font-weight: 400;\">F\u00fcr alle Bestellungen, die f\u00fcr andere Ziele bestimmt sind, m\u00fcssen Sie die erforderlichen Informationen \u00fcber die E-Mailadresse des Herausgebers\u00a0<a href=\"mailto:info@atelierduvin.com\">info@atelierduvin.com<\/a> erfragen<\/span><\/p>\n<h2 style=\"text-align: left;\"><span style=\"font-weight: 400;\">Verwaltung der Website<\/span><\/h2>\n<p style=\"text-align: left;\"><span style=\"font-weight: 400;\">F\u00fcr die ordnungsgem\u00e4\u00dfe Verwaltung der Website kann der Herausgeber jederzeit:<\/span><\/p>\n<p style=\"text-align: left;\"><span style=\"font-weight: 400;\">\u2022 den Zugang zur Website ganz oder teilweise aufheben, unterbrechen oder einschr\u00e4nken, den Zugang zur Website oder bestimmten Teilen der Website einer bestimmten Gruppe von Internetbenutzern vorbehalten,<\/span><\/p>\n<p style=\"text-align: left;\"><span style=\"font-weight: 400;\">\u2022 jede Information l\u00f6schen, die die Funktion st\u00f6ren kann oder im Widerspruch mit nationalen oder internationalen Gesetzen oder den Regeln der Netiquette steht,<\/span><\/p>\n<p style=\"text-align: left;\"><span style=\"font-weight: 400;\">\u2022 die Website zur Aktualisierung vor\u00fcbergehend abschalten.<\/span><\/p>\n<h2 style=\"text-align: left;\">Haftung<\/h2>\n<p style=\"text-align: left;\"><span style=\"font-weight: 400;\">Der Herausgeber kann keine Haftung \u00fcbernehmen im Fall von Defekten, Ausf\u00e4llen, Schwierigkeiten oder Funktionsunterbrechungen, die den Zugang zur Website oder einer ihrer Funktionen verhindern.<\/span><\/p>\n<p style=\"text-align: left;\"><span style=\"font-weight: 400;\">Die von Ihnen f\u00fcr die Verbindung mit der Website benutzten Ger\u00e4te unterliegen ausschlie\u00dflich Ihrer Verantwortung. Sie m\u00fcssen alle geeigneten Ma\u00dfnahmen treffen, um Ihre Ger\u00e4te und Ihre eigenen Daten zu sch\u00fctzen, insbesondere vor Angriffen mit Viren \u00fcber das Internet. Au\u00dferdem sind allein Sie daf\u00fcr verantwortlich, welche Websites und welche Daten Sie aufrufen.<\/span><\/p>\n<p style=\"text-align: left;\"><span style=\"font-weight: 400;\">Der Herausgeber kann nicht haftbar gemacht werden, wenn Sie verklagt werden:<\/span><\/p>\n<p style=\"text-align: left;\"><span style=\"font-weight: 400;\">\u2022 aufgrund der Nutzung der Website oder \u00fcbers Internet zug\u00e4nglicher Services,<\/span><\/p>\n<p style=\"text-align: left;\"><span style=\"font-weight: 400;\">\u2022 aufgrund der Nichtbeachtung Ihrerseits der vorliegenden allgemeinen Bedingungen.<\/span><\/p>\n<p style=\"text-align: left;\"><span style=\"font-weight: 400;\">Der Herausgeber ist nicht haftbar f\u00fcr Sch\u00e4den, die aufgrund Ihrer Verbindung mit der Website oder ihrer Nutzung Ihnen selbst, Dritten und\/oder Ihren Ger\u00e4ten entstanden sind, und Sie sehen in diesem Zusammenhang von allen Schritten gegen ihn ab.<\/span><\/p>\n<p style=\"text-align: left;\"><span style=\"font-weight: 400;\">Wenn der Herausgeber aufgrund Ihrer Nutzung der Website Gegenstand einer g\u00fctlichen Einigung oder eines Gerichtsverfahrens wird, kann er Sie haftbar machen, um eine Entsch\u00e4digung zu erhalten f\u00fcr alle Sch\u00e4den, Zahlungen, Verurteilungen und Geb\u00fchren, die solch eine Prozedur nach sich ziehen kann.<\/span><\/p>\n<p style=\"text-align: left;\"><span style=\"font-weight: 400;\">F\u00fcr Sie ist das Platzieren s\u00e4mtlicher Links zur Website oder einem Teil davon ausdr\u00fccklich untersagt, au\u00dfer Sie besitzen eine vorab erhaltene schriftliche Genehmigung des Herausgebers, die Sie per E-Mail an folgende Adresse eingeholt haben: <a href=\"mailto:info@atelierduvin.com\">info@atelierduvin.com<\/a> (Sitz des Herausgebers).<\/span><\/p>\n<p style=\"text-align: left;\"><span style=\"font-weight: 400;\">Dem Herausgeber steht es frei, diese Genehmigung zu verweigern, ohne seine Entscheidung in irgendeiner Weise begr\u00fcnden zu m\u00fcssen. Wenn der Herausgeber die Genehmigung erteilt, ist sie in jedem Fall zeitlich beschr\u00e4nkt und kann jederzeit zur\u00fcckgezogen werden, ohne dass der Herausgeber daf\u00fcr einen Grund angeben muss.<\/span><\/p>\n<p style=\"text-align: left;\"><span style=\"font-weight: 400;\">In jedem Fall m\u00fcssen s\u00e4mtliche Links auf einfaches Verlangen des Herausgebers entfernt werden.<\/span><\/p>\n<p style=\"text-align: left;\"><span style=\"font-weight: 400;\">Alle unter einem Link zu anderen Websites zug\u00e4nglichen Informationen entziehen sich der Kontrolle des Herausgebers, der keinerlei Haftung f\u00fcr ihren Inhalt \u00fcbernimmt.<\/span><\/p>\n<h2 style=\"text-align: left;\">Fotos und Abbildungen von Produkten<\/h2>\n<p style=\"text-align: left;\"><span style=\"font-weight: 400;\">Die Fotos in Produktbeschreibungen sind unverbindlich und binden nicht den Herausgeber.<\/span><\/p>\n<h2 style=\"text-align: left;\">Bildnachweis<\/h2>\n<p style=\"text-align: left;\">Alle Modelle sind ausschlie\u00dfliches Eigentum von SANBRI S.A.S.<br \/>Fotos sind unverbindlich. Jede teilweise oder vollst\u00e4ndige Reproduktion ohne Genehmigung von SANBRI S.A.S. ist untersagt.<\/p>\n<p style=\"text-align: left;\">BILDNACHWEIS FOTOS UND VIDEOS: Agence 11h45, L\u2019Atelier du Vin, H\u00e9lo\u00efse Haddad, Beno\u00eet Jouvelet, Jean-Baptiste Lortion, Sophie Poupaert, Frank Verdier. Reproduktion ohne offizielle Genehmigung ist untersagt. Fotos sind unverbindlich.\u00a0All rights reserved \u00a9 L\u2019Atelier du Vin.<\/p>\n<h2 style=\"text-align: left;\">Geltende Rechtsprechung<\/h2>\n<p style=\"text-align: left;\"><span style=\"font-weight: 400;\">Die vorliegenden Benutzungsbedingungen der Website unterliegen franz\u00f6sischem Recht und unterstehen der Zust\u00e4ndigkeit des Tribunals Beauvais, es sei denn, durch einen Gesetzestext oder eine besondere Vorschrift wird eine spezifische Kompetenz zugewiesen.<\/span><\/p>\n<h2 style=\"text-align: left;\">Kontakt<\/h2>\n<p style=\"text-align: left;\">F\u00fcr alle Fragen oder Informationen zu auf der Website pr\u00e4sentierten Produkten oder die Website selbst betreffend, schreiben Sie bitte an folgende Adresse: info@atelierduvin.com<\/p>\n<p style=\"text-align: left;\">Die vorliegenden Benutzungsbedingungen der Website unterliegen franz\u00f6sischem Recht und unterstehen der Zust\u00e4ndigkeit des Tribunals Beauvais, es sei denn, durch einen Gesetzestext oder eine besondere Vorschrift wird eine spezifische Kompetenz zugewiesen.<\/p>\n\n    <div class=\"separator mobile-hidden\" style=\"height:40px\"><\/div>\r\n    <div class=\"separator laptop-hidden\" style=\"height:20px\"><\/div>\r\n","protected":false},"excerpt":{"rendered":"<p>Impressum Einleitung Wir freuen uns, Sie auf unserer Website zu begr\u00fc\u00dfen (im Folgenden die \u201cWebsite\u201c),die unter der URL-Adresse\u00a0www.atelierduvin.com erreichbar ist, herausgegeben von SANBRI, Soci\u00e9t\u00e9 par Actions Simplifi\u00e9e, mit einem Kapital von 742 500\u20ac, eingetragen im Handelsregister Beauvais mit der Umsatzsteuernummer FR 562 039 560, mit Sitz in 2 route de Chepoix 60120 Breteuil-sur-Noye Frankreich \u2013Tel [&hellip;]<\/p>\n","protected":false},"author":1,"featured_media":0,"parent":0,"menu_order":0,"comment_status":"closed","ping_status":"closed","template":"","meta":{"_acf_changed":false,"footnotes":""},"class_list":["post-67839","page","type-page","status-publish","hentry"],"acf":[],"_links":{"self":[{"href":"https:\/\/www.atelierduvin.com\/de\/wp-json\/wp\/v2\/pages\/67839","targetHints":{"allow":["GET"]}}],"collection":[{"href":"https:\/\/www.atelierduvin.com\/de\/wp-json\/wp\/v2\/pages"}],"about":[{"href":"https:\/\/www.atelierduvin.com\/de\/wp-json\/wp\/v2\/types\/page"}],"author":[{"embeddable":true,"href":"https:\/\/www.atelierduvin.com\/de\/wp-json\/wp\/v2\/users\/1"}],"replies":[{"embeddable":true,"href":"https:\/\/www.atelierduvin.com\/de\/wp-json\/wp\/v2\/comments?post=67839"}],"version-history":[{"count":2,"href":"https:\/\/www.atelierduvin.com\/de\/wp-json\/wp\/v2\/pages\/67839\/revisions"}],"predecessor-version":[{"id":300750,"href":"https:\/\/www.atelierduvin.com\/de\/wp-json\/wp\/v2\/pages\/67839\/revisions\/300750"}],"wp:attachment":[{"href":"https:\/\/www.atelierduvin.com\/de\/wp-json\/wp\/v2\/media?parent=67839"}],"curies":[{"name":"wp","href":"https:\/\/api.w.org\/{rel}","templated":true}]}}