{"id":67410,"date":"2022-04-25T11:45:56","date_gmt":"2022-04-25T09:45:56","guid":{"rendered":"https:\/\/www.refonte-adv.votre-projet.com\/architecture-interieure-du-vin\/"},"modified":"2025-03-03T11:59:41","modified_gmt":"2025-03-03T10:59:41","slug":"architecture-interieure-du-vin","status":"publish","type":"page","link":"https:\/\/www.atelierduvin.com\/de\/architecture-interieure-du-vin\/","title":{"rendered":"Architecture Int\u00e9rieure du Vin"},"content":{"rendered":"    <div class=\"separator mobile-hidden\" style=\"height:40px\"><\/div>\r\n    <div class=\"separator laptop-hidden\" style=\"height:20px\"><\/div>\r\n\n<h1 class=\"wp-block-heading has-text-align-center\">Architecture Int\u00e9rieure du Vin<\/h1>\n\n<p class=\"has-text-align-center small\">powered by L&#8217;Atelier du Vin<\/p>\n\n<p class=\"has-text-align-center\">Einrichtungsl\u00f6sungen f\u00fcr Weinkeller und Weinr\u00e4ume. Unsere Schwestermarke Architecture Int\u00e9rieure du Vin richtet sich sowohl an private als auch an gewerbliche Kunden und an alle Arten von R\u00e4umen.<\/p>\n    <div class=\"separator mobile-hidden\" style=\"height:40px\"><\/div>\r\n    <div class=\"separator laptop-hidden\" style=\"height:20px\"><\/div>\r\n<div class=\"gallery\">\r\n            <div class=\"gallery-row row\">\r\n                                <div style=\"flex:0.75018754688672\">\r\n                        <img decoding=\"async\" src=\"https:\/\/www.atelierduvin.com\/wp-content\/uploads\/P1021390.jpg\" alt=\"\" loading=\"eager\" >                    <\/div>\r\n                                    <div style=\"flex:1.3333333333333\">\r\n                        <img decoding=\"async\" src=\"https:\/\/www.atelierduvin.com\/wp-content\/uploads\/P1021374.jpg\" alt=\"\" loading=\"eager\" >                    <\/div>\r\n                                    <div style=\"flex:0.75\">\r\n                        <img decoding=\"async\" src=\"https:\/\/www.atelierduvin.com\/wp-content\/uploads\/P1021414.jpg\" alt=\"\" loading=\"eager\" >                    <\/div>\r\n                        <\/div>\r\n    <\/div><div class=\"margin-wrapper row text-title\">\r\n    <div>\r\n        <h2>Feiern wir gemeinsam die Kunst, Wein zu erleben!<\/h2>\r\n    <\/div>\r\n    <div>\r\n        <p>Architecture Int\u00e9rieure du Vin ist eine Geschichte des Erbes, der 1926 gegr\u00fcndeten L&#8217;Atelier du Vin, des Terroirs, der Winzer, und der Weitergabe, eines Familienunternehmens.<\/p>\n    <\/div>\r\n<\/div>    <div class=\"separator mobile-hidden\" style=\"height:40px\"><\/div>\r\n    <div class=\"separator laptop-hidden\" style=\"height:20px\"><\/div>\r\n    <div class=\"full-page-carousel-container bordered reversed\">\r\n        <div class=\"full-page-carousel\">\r\n                            <div class=\"slide-produit row active only\">\r\n                                            <a href=\"https:\/\/www.architectureinterieureduvin.com\/de\/umsetzungen\/unsere-erfolge-fur-privatpersonen\/\" target=\"_blank\" rel=\"nofollow noopener\" class=\"left-link\">\r\n                            <img decoding=\"async\" src=\"https:\/\/www.atelierduvin.com\/wp-content\/uploads\/Cave-en-sous-sol-Mise-en-lumiere.jpg\" alt=\"\" loading=\"lazy\" >                        <\/a>\r\n                                        <div class=\"right\">\r\n                        <span class=\"label\">\r\n                                                    <\/span>\r\n                                                                            <h2>\r\n                                Inspirationen f\u00fcr Privatpersonen                            <\/h2>\r\n                                                                            <p class=\"h3 centered\">\r\n                                Die f\u00fcr den gewerblichen Gebrauch vorgesehenen Module von L\u2018Architecture Int\u00e9rieure du Vin besitzen eine sehr n\u00fcchterne \u00c4sthetik: sie f\u00fcgen sich ganz einfach in die unterschiedlichsten Umgebungen ein und passen sich an die Ma\u00dfe des sie aufnehmenden Raums an, egal ob es sich um einen Wohnraum oder einen zur Weinlagerung bestimmten Raum handelt.                            <\/p>\r\n                                                                            <a href=\"https:\/\/www.architectureinterieureduvin.com\/de\/umsetzungen\/unsere-erfolge-fur-privatpersonen\/\" class=\"cta\" target=\"_blank\" rel=\"nofollow noopener\">\r\n                                Entdecken                            <\/a>\r\n                                            <\/div>\r\n                <\/div>\r\n                    <\/div>\r\n            <\/div>\r\n    <div class=\"full-page-carousel-container bordered\">\r\n        <div class=\"full-page-carousel\">\r\n                            <div class=\"slide-produit row active only\">\r\n                                            <a href=\"https:\/\/www.architectureinterieureduvin.com\/de\/umsetzungen\/gewerbliche-projekte\/\" target=\"_blank\" rel=\"nofollow noopener\" class=\"left-link\">\r\n                            <img decoding=\"async\" src=\"https:\/\/www.atelierduvin.com\/wp-content\/uploads\/AIV-Professionnels.jpg\" alt=\"\" loading=\"lazy\" >                        <\/a>\r\n                                        <div class=\"right\">\r\n                        <span class=\"label\">\r\n                                                    <\/span>\r\n                                                                            <h2>\r\n                                Inspirationen f\u00fcr Profis                            <\/h2>\r\n                                                                            <p class=\"h3 centered\">\r\n                                Durch das Kombinieren unserer zahlreichen Einrichtungsoptionen k\u00f6nnen wir ma\u00dfgeschneiderte Projekte konzipieren. Mithilfe dieser Optionen lassen sich die funktionalen W\u00fcnsche des Weinfreunds erf\u00fcllen, etwa wie er seine Flaschen aufbewahren und lagern will: Einzelaufbewahrung, gestapelte Lagerung, Pr\u00e4sentation auf Schr\u00e4gen, Ausz\u00fcge f\u00fcr Holzkisten, usw. Dies alles ist sehr solide ausgelegt.                            <\/p>\r\n                                                                            <a href=\"https:\/\/www.architectureinterieureduvin.com\/de\/umsetzungen\/gewerbliche-projekte\/\" class=\"cta\" target=\"_blank\" rel=\"nofollow noopener\">\r\n                                Entdecken                            <\/a>\r\n                                            <\/div>\r\n                <\/div>\r\n                    <\/div>\r\n            <\/div>\r\n    <div class=\"separator mobile-hidden\" style=\"height:60px\"><\/div>\r\n    <div class=\"separator laptop-hidden\" style=\"height:20px\"><\/div>\r\n<div class=\"margin-wrapper slider-wrapper\">\r\n            <div class=\"gallery-text\">\r\n            <h2>Ein Know-How<\/h2>\r\n            <p>Die M\u00f6bel werden in Frankreich entworfen, von Handwerkern von Hand geformt und an Standorten produziert, die<br \/>\r\ndie Technologie und traditionelles Know-how vereinen, um auch Ihren anspruchsvollsten oder<br \/>\r\nunerwartetsten Anforderungen gerecht zu werden.<br \/>\r\n<br \/>\r\n<a href=\"https:\/\/www.architectureinterieureduvin.com\/savoir-faire\/\" rel=\"noopener\"><span style=\"text-decoration: underline;\">Mehr erfahren<\/span><\/a><\/p>\r\n        <\/div>\r\n        <div class=\"gallery gallery-slider\"\r\n         style=\"aspect-ratio:3; margin-right: 40px;\">\r\n        <div class=\"gallery-row row slider\">\r\n                                <div class=\"slide-container\">\r\n                        <img decoding=\"async\" src=\"https:\/\/www.atelierduvin.com\/wp-content\/uploads\/AIV-Ambiance-Fabrication-9.jpg\" alt=\"\" loading=\"lazy\" >                    <\/div>\r\n                                    <div class=\"slide-container\">\r\n                        <img decoding=\"async\" src=\"https:\/\/www.atelierduvin.com\/wp-content\/uploads\/AIV-Ambiance-Fabrication-11.jpg\" alt=\"\" loading=\"lazy\" >                    <\/div>\r\n                                    <div class=\"slide-container\">\r\n                        <img decoding=\"async\" src=\"https:\/\/www.atelierduvin.com\/wp-content\/uploads\/AIV-Ambiance-Fabrication-17-1.jpg\" alt=\"\" loading=\"lazy\" >                    <\/div>\r\n                                    <div class=\"slide-container\">\r\n                        <img decoding=\"async\" src=\"https:\/\/www.atelierduvin.com\/wp-content\/uploads\/AIV-Ambiance-Fabrication-21.jpg\" alt=\"\" loading=\"lazy\" >                    <\/div>\r\n                                    <div class=\"slide-container\">\r\n                        <img decoding=\"async\" src=\"https:\/\/www.atelierduvin.com\/wp-content\/uploads\/AIV-Ambiance-Fabrication-16.jpg\" alt=\"\" loading=\"lazy\" >                    <\/div>\r\n                        <\/div>\r\n    <\/div>\r\n<\/div>    <div class=\"separator mobile-hidden\" style=\"height:40px\"><\/div>\r\n    <div class=\"separator laptop-hidden\" style=\"height:20px\"><\/div>\r\n","protected":false},"excerpt":{"rendered":"<p>Architecture Int\u00e9rieure du Vin powered by L&#8217;Atelier du Vin Einrichtungsl\u00f6sungen f\u00fcr Weinkeller und Weinr\u00e4ume. Unsere Schwestermarke Architecture Int\u00e9rieure du Vin richtet sich sowohl an private als auch an gewerbliche Kunden und an alle Arten von R\u00e4umen.<\/p>\n","protected":false},"author":5992,"featured_media":0,"parent":0,"menu_order":0,"comment_status":"closed","ping_status":"closed","template":"","meta":{"_acf_changed":false,"footnotes":""},"class_list":["post-67410","page","type-page","status-publish","hentry"],"acf":[],"_links":{"self":[{"href":"https:\/\/www.atelierduvin.com\/de\/wp-json\/wp\/v2\/pages\/67410","targetHints":{"allow":["GET"]}}],"collection":[{"href":"https:\/\/www.atelierduvin.com\/de\/wp-json\/wp\/v2\/pages"}],"about":[{"href":"https:\/\/www.atelierduvin.com\/de\/wp-json\/wp\/v2\/types\/page"}],"author":[{"embeddable":true,"href":"https:\/\/www.atelierduvin.com\/de\/wp-json\/wp\/v2\/users\/5992"}],"replies":[{"embeddable":true,"href":"https:\/\/www.atelierduvin.com\/de\/wp-json\/wp\/v2\/comments?post=67410"}],"version-history":[{"count":2,"href":"https:\/\/www.atelierduvin.com\/de\/wp-json\/wp\/v2\/pages\/67410\/revisions"}],"predecessor-version":[{"id":197906,"href":"https:\/\/www.atelierduvin.com\/de\/wp-json\/wp\/v2\/pages\/67410\/revisions\/197906"}],"wp:attachment":[{"href":"https:\/\/www.atelierduvin.com\/de\/wp-json\/wp\/v2\/media?parent=67410"}],"curies":[{"name":"wp","href":"https:\/\/api.w.org\/{rel}","templated":true}]}}