{"id":149623,"date":"2022-11-02T14:56:50","date_gmt":"2022-11-02T13:56:50","guid":{"rendered":"https:\/\/www.refonte-adv.votre-projet.com\/tutorial-zur-bedienung-der-gardvin-on-off-power\/"},"modified":"2025-09-23T09:48:12","modified_gmt":"2025-09-23T07:48:12","slug":"tutorial-gardvin-on-off-power","status":"publish","type":"page","link":"https:\/\/www.atelierduvin.com\/de\/tutorial-gardvin-on-off-power\/","title":{"rendered":"Tutorial zur \u201eBedienung\u201c der Gard&#8217;Vin ON\/OFF Power"},"content":{"rendered":"\n<h2 class=\"wp-block-heading\">Tutorial zur \u201eBedienung\u201c der Gard&#8217;Vin ON\/OFF Power<\/h2>\n\n\n    <div class=\"video-block-container\">\r\n                    <iframe loading=\"lazy\"\r\n                    width=\"100%\"\r\n                    height=\"100%\"\r\n                    allow=\"autoplay; fullscreen\"\r\n                    class=\"embed-player slide-media\"\r\n                    src=\"https:\/\/player.vimeo.com\/video\/766463424\"\r\n                    data-ready=\"true\">\r\n            <\/iframe>\r\n            <\/div>\r\n\n\n    <div class=\"separator mobile-hidden\" style=\"height:40px\"><\/div>\r\n    <div class=\"separator laptop-hidden\" style=\"height:20px\"><\/div>\r\n\n\n\n<div class=\"wp-block-columns is-layout-flex wp-container-core-columns-is-layout-9d6595d7 wp-block-columns-is-layout-flex\">\n<div class=\"wp-block-column is-layout-flow wp-block-column-is-layout-flow\" style=\"flex-basis:33.33%\"><div class=\"wp-block-image\">\n<figure class=\"aligncenter size-large\"><img loading=\"lazy\" decoding=\"async\" width=\"1024\" height=\"576\" src=\"https:\/\/www.atelierduvin.com\/wp-content\/uploads\/GardVin-ONOFF-POWER-1-1024x576.jpg\" alt=\"\" class=\"wp-image-302493\" srcset=\"https:\/\/www.atelierduvin.com\/wp-content\/uploads\/GardVin-ONOFF-POWER-1-1024x576.jpg 1024w, https:\/\/www.atelierduvin.com\/wp-content\/uploads\/GardVin-ONOFF-POWER-1-450x253.jpg 450w, https:\/\/www.atelierduvin.com\/wp-content\/uploads\/GardVin-ONOFF-POWER-1-768x432.jpg 768w, https:\/\/www.atelierduvin.com\/wp-content\/uploads\/GardVin-ONOFF-POWER-1-1536x864.jpg 1536w, https:\/\/www.atelierduvin.com\/wp-content\/uploads\/GardVin-ONOFF-POWER-1-scaled.jpg 2048w, https:\/\/www.atelierduvin.com\/wp-content\/uploads\/GardVin-ONOFF-POWER-1-96x54.jpg 96w, https:\/\/www.atelierduvin.com\/wp-content\/uploads\/GardVin-ONOFF-POWER-1-42x24.jpg 42w, https:\/\/www.atelierduvin.com\/wp-content\/uploads\/GardVin-ONOFF-POWER-1-64x36.jpg 64w\" sizes=\"auto, (max-width: 1024px) 100vw, 1024px\" \/><\/figure>\n<\/div><\/div>\n\n\n\n<div class=\"wp-block-column is-vertically-aligned-center is-layout-flow wp-block-column-is-layout-flow\" style=\"flex-basis:66.66%\">\n<p><strong>1\/<\/strong> Stellen Sie die ge\u00f6ffnete Flasche auf eine stabile, horizontale und m\u00f6glichst niedrige Oberfl\u00e4che (h\u00f6chstens die H\u00f6he eines Esstisches).<\/p>\n<\/div>\n<\/div>\n\n\n\n<div class=\"wp-block-columns is-layout-flex wp-container-core-columns-is-layout-9d6595d7 wp-block-columns-is-layout-flex\">\n<div class=\"wp-block-column is-layout-flow wp-block-column-is-layout-flow\" style=\"flex-basis:33.33%\">\n<figure class=\"wp-block-image size-large\"><img loading=\"lazy\" decoding=\"async\" width=\"1024\" height=\"576\" src=\"https:\/\/www.atelierduvin.com\/wp-content\/uploads\/GardVin-ONOFF-POWER-2-1024x576.jpg\" alt=\"\" class=\"wp-image-302499\" srcset=\"https:\/\/www.atelierduvin.com\/wp-content\/uploads\/GardVin-ONOFF-POWER-2-1024x576.jpg 1024w, https:\/\/www.atelierduvin.com\/wp-content\/uploads\/GardVin-ONOFF-POWER-2-450x253.jpg 450w, https:\/\/www.atelierduvin.com\/wp-content\/uploads\/GardVin-ONOFF-POWER-2-768x432.jpg 768w, https:\/\/www.atelierduvin.com\/wp-content\/uploads\/GardVin-ONOFF-POWER-2-1536x864.jpg 1536w, https:\/\/www.atelierduvin.com\/wp-content\/uploads\/GardVin-ONOFF-POWER-2-scaled.jpg 2048w, https:\/\/www.atelierduvin.com\/wp-content\/uploads\/GardVin-ONOFF-POWER-2-96x54.jpg 96w, https:\/\/www.atelierduvin.com\/wp-content\/uploads\/GardVin-ONOFF-POWER-2-42x24.jpg 42w, https:\/\/www.atelierduvin.com\/wp-content\/uploads\/GardVin-ONOFF-POWER-2-64x36.jpg 64w\" sizes=\"auto, (max-width: 1024px) 100vw, 1024px\" \/><\/figure>\n<\/div>\n\n\n\n<div class=\"wp-block-column is-vertically-aligned-center is-layout-flow wp-block-column-is-layout-flow\" style=\"flex-basis:66.66%\">\n<p><strong>2\/<\/strong> F\u00fbhren Sie den technischen Verschluss in den Flaschenhals ein. Stellen Sie sicher, dass dieser richting und vollst\u00e4nding eingesetzt ist, bevor Sie mit dem n\u00e4chsten Schritt fortfahren. Wenn n\u00f6tig, drehen Sie ihn und \u00fcben Sie gleichzeitig etwas Druck aus, damit sich die drei Riffelungen perfekt ausrichten. Um das Einsetzen bei den ersten Anwendungen zu erleichtern, halten Sie den neuen Verschluss bei Bedarf einige Sekunden unter lauwarmes Wasser.<\/p>\n<\/div>\n<\/div>\n\n\n\n<div class=\"wp-block-columns is-layout-flex wp-container-core-columns-is-layout-9d6595d7 wp-block-columns-is-layout-flex\">\n<div class=\"wp-block-column is-layout-flow wp-block-column-is-layout-flow\" style=\"flex-basis:33.33%\">\n<figure class=\"wp-block-image size-large\"><img loading=\"lazy\" decoding=\"async\" width=\"1024\" height=\"576\" src=\"https:\/\/www.atelierduvin.com\/wp-content\/uploads\/GardVin-ONOFF-POWER-3-1024x576.jpg\" alt=\"\" class=\"wp-image-302504\" srcset=\"https:\/\/www.atelierduvin.com\/wp-content\/uploads\/GardVin-ONOFF-POWER-3-1024x576.jpg 1024w, https:\/\/www.atelierduvin.com\/wp-content\/uploads\/GardVin-ONOFF-POWER-3-450x253.jpg 450w, https:\/\/www.atelierduvin.com\/wp-content\/uploads\/GardVin-ONOFF-POWER-3-768x432.jpg 768w, https:\/\/www.atelierduvin.com\/wp-content\/uploads\/GardVin-ONOFF-POWER-3-1536x864.jpg 1536w, https:\/\/www.atelierduvin.com\/wp-content\/uploads\/GardVin-ONOFF-POWER-3-scaled.jpg 2048w, https:\/\/www.atelierduvin.com\/wp-content\/uploads\/GardVin-ONOFF-POWER-3-96x54.jpg 96w, https:\/\/www.atelierduvin.com\/wp-content\/uploads\/GardVin-ONOFF-POWER-3-42x24.jpg 42w, https:\/\/www.atelierduvin.com\/wp-content\/uploads\/GardVin-ONOFF-POWER-3-64x36.jpg 64w\" sizes=\"auto, (max-width: 1024px) 100vw, 1024px\" \/><\/figure>\n<\/div>\n\n\n\n<div class=\"wp-block-column is-vertically-aligned-center is-layout-flow wp-block-column-is-layout-flow\" style=\"flex-basis:66.66%\">\n<p><strong>3\/<\/strong> Stecken Sie den unteren Teil der Pumpe (der mindestens \u00fcber Nacht aufgeladen wurde) auf den Verschluss, zentrieren Sie ihn und dr\u00fccken Sie ihn vorsichtig, aber entschieden nach unten, ohne zu viel Kraft aufzuwenden: Die Vakuumierung beginnt automatisch.<\/p>\n\n\n\n<p><\/p>\n\n\n\n<p><strong>4\/<\/strong> Ein Piepton (akustisches Signal) weist aus, dass der Vorgang abgeschlossen ist. Die Dauer (5 bis h\u00f6chstens 15 oder 20 Sekunden) h\u00e4ngt davon ab, wie viel Wein noch in der Flasche ist. Die Pumpe ist so kalibriert, dass sie die Flasche schrittweise, behutsam und dadurch weinschonend vakuumiert.<\/p>\n<\/div>\n<\/div>\n\n\n\n<div class=\"wp-block-columns is-layout-flex wp-container-core-columns-is-layout-9d6595d7 wp-block-columns-is-layout-flex\">\n<div class=\"wp-block-column is-layout-flow wp-block-column-is-layout-flow\" style=\"flex-basis:33.33%\">\n<figure class=\"wp-block-image size-large\"><img loading=\"lazy\" decoding=\"async\" width=\"1024\" height=\"576\" src=\"https:\/\/www.atelierduvin.com\/wp-content\/uploads\/GardVin-ONOFF-POWER-ERREUR-1024x576.jpg\" alt=\"\" class=\"wp-image-302514\" srcset=\"https:\/\/www.atelierduvin.com\/wp-content\/uploads\/GardVin-ONOFF-POWER-ERREUR-1024x576.jpg 1024w, https:\/\/www.atelierduvin.com\/wp-content\/uploads\/GardVin-ONOFF-POWER-ERREUR-450x253.jpg 450w, https:\/\/www.atelierduvin.com\/wp-content\/uploads\/GardVin-ONOFF-POWER-ERREUR-768x432.jpg 768w, https:\/\/www.atelierduvin.com\/wp-content\/uploads\/GardVin-ONOFF-POWER-ERREUR-1536x864.jpg 1536w, https:\/\/www.atelierduvin.com\/wp-content\/uploads\/GardVin-ONOFF-POWER-ERREUR-scaled.jpg 2048w, https:\/\/www.atelierduvin.com\/wp-content\/uploads\/GardVin-ONOFF-POWER-ERREUR-96x54.jpg 96w, https:\/\/www.atelierduvin.com\/wp-content\/uploads\/GardVin-ONOFF-POWER-ERREUR-42x24.jpg 42w, https:\/\/www.atelierduvin.com\/wp-content\/uploads\/GardVin-ONOFF-POWER-ERREUR-64x36.jpg 64w\" sizes=\"auto, (max-width: 1024px) 100vw, 1024px\" \/><\/figure>\n<\/div>\n\n\n\n<div class=\"wp-block-column is-vertically-aligned-center is-layout-flow wp-block-column-is-layout-flow\" style=\"flex-basis:66.66%\">\n<p><strong>5\/<\/strong> Drei schnelle Piept\u00f6ne oder ein langer Piepton in den ersten drei Sekunden weisen auf eine Fehlfunktion hin: Die Pumpe wurde nicht exakt zentriert oder der Verschluss nicht richtig ingesetzt. In dediesem Fall muss der in Schritt 2 beschriebene Vorgang wiederholt werden. Sie sollten zudem darauf achten, die Pumpe w\u00e4hrend des Vorgangs senkrecht zu halten und\/oder diese nicht zu ruckartig zu handhaben.<\/p>\n<\/div>\n<\/div>\n\n\n\n<div class=\"wp-block-columns is-layout-flex wp-container-core-columns-is-layout-9d6595d7 wp-block-columns-is-layout-flex\">\n<div class=\"wp-block-column is-layout-flow wp-block-column-is-layout-flow\" style=\"flex-basis:33.33%\">\n<figure class=\"wp-block-image size-large\"><img loading=\"lazy\" decoding=\"async\" width=\"1024\" height=\"576\" src=\"https:\/\/www.atelierduvin.com\/wp-content\/uploads\/GardVin-ONOFF-POWER-4-1024x576.jpg\" alt=\"\" class=\"wp-image-302509\" srcset=\"https:\/\/www.atelierduvin.com\/wp-content\/uploads\/GardVin-ONOFF-POWER-4-1024x576.jpg 1024w, https:\/\/www.atelierduvin.com\/wp-content\/uploads\/GardVin-ONOFF-POWER-4-450x253.jpg 450w, https:\/\/www.atelierduvin.com\/wp-content\/uploads\/GardVin-ONOFF-POWER-4-768x432.jpg 768w, https:\/\/www.atelierduvin.com\/wp-content\/uploads\/GardVin-ONOFF-POWER-4-1536x864.jpg 1536w, https:\/\/www.atelierduvin.com\/wp-content\/uploads\/GardVin-ONOFF-POWER-4-scaled.jpg 2048w, https:\/\/www.atelierduvin.com\/wp-content\/uploads\/GardVin-ONOFF-POWER-4-96x54.jpg 96w, https:\/\/www.atelierduvin.com\/wp-content\/uploads\/GardVin-ONOFF-POWER-4-42x24.jpg 42w, https:\/\/www.atelierduvin.com\/wp-content\/uploads\/GardVin-ONOFF-POWER-4-64x36.jpg 64w\" sizes=\"auto, (max-width: 1024px) 100vw, 1024px\" \/><\/figure>\n<\/div>\n\n\n\n<div class=\"wp-block-column is-vertically-aligned-center is-layout-flow wp-block-column-is-layout-flow\" style=\"flex-basis:66.66%\">\n<p><strong>6\/<\/strong> Vermerken Sie das Vakuumierdatum mithilfe des integrierten Drehrings am Verschluss.<\/p>\n\n\n\n<p><\/p>\n\n\n\n<p><strong>7\/<\/strong> Wenn Sie den Druck aus der Flasche ablassen m\u00f6chten, empfehlen wir, das zentrale Ventil des technischen Verschlusses zu \u00f6ffnen, indem Sie es mit Ihrer Fingerspitze von links nach rechts verschieben: Die Luft entweicht automatisch, der Korken l\u00e4sst sich leichter aus dem Flaschenhals entfernen.<\/p>\n<\/div>\n<\/div>\n\n\n\n<p class=\"has-text-align-center\">Der richtige Umgang mit diesem technischen Utensil bedarf etwas \u00dcbung im Vorfeld. Dies ist v\u00f6llig normal. Wir empfehlen Ihnen, sich ausreichend Zeit zu nehmen, um diese Pumpe zu \u201eentdecken\u201c. Dies ist f\u00fcr uns Teil eines erfolgreichen Verkostungsrituals.<\/p>\n\n\n\n<p class=\"has-text-align-center\"><strong>Wir w\u00fcnschen Ihnen viele gelungene Degustationen.<\/strong><\/p>\n\n\n    <div class=\"separator mobile-hidden\" style=\"height:40px\"><\/div>\r\n    <div class=\"separator laptop-hidden\" style=\"height:20px\"><\/div>\r\n","protected":false},"excerpt":{"rendered":"<p>Tutorial zur \u201eBedienung\u201c der Gard&#8217;Vin ON\/OFF Power 1\/ Stellen Sie die ge\u00f6ffnete Flasche auf eine stabile, horizontale und m\u00f6glichst niedrige Oberfl\u00e4che (h\u00f6chstens die H\u00f6he eines Esstisches). 2\/ F\u00fbhren Sie den technischen Verschluss in den Flaschenhals ein. Stellen Sie sicher, dass dieser richting und vollst\u00e4nding eingesetzt ist, bevor Sie mit dem n\u00e4chsten Schritt fortfahren. Wenn n\u00f6tig, [&hellip;]<\/p>\n","protected":false},"author":5992,"featured_media":0,"parent":0,"menu_order":0,"comment_status":"closed","ping_status":"closed","template":"","meta":{"_acf_changed":false,"footnotes":""},"class_list":["post-149623","page","type-page","status-publish","hentry"],"acf":[],"_links":{"self":[{"href":"https:\/\/www.atelierduvin.com\/de\/wp-json\/wp\/v2\/pages\/149623","targetHints":{"allow":["GET"]}}],"collection":[{"href":"https:\/\/www.atelierduvin.com\/de\/wp-json\/wp\/v2\/pages"}],"about":[{"href":"https:\/\/www.atelierduvin.com\/de\/wp-json\/wp\/v2\/types\/page"}],"author":[{"embeddable":true,"href":"https:\/\/www.atelierduvin.com\/de\/wp-json\/wp\/v2\/users\/5992"}],"replies":[{"embeddable":true,"href":"https:\/\/www.atelierduvin.com\/de\/wp-json\/wp\/v2\/comments?post=149623"}],"version-history":[{"count":5,"href":"https:\/\/www.atelierduvin.com\/de\/wp-json\/wp\/v2\/pages\/149623\/revisions"}],"predecessor-version":[{"id":302519,"href":"https:\/\/www.atelierduvin.com\/de\/wp-json\/wp\/v2\/pages\/149623\/revisions\/302519"}],"wp:attachment":[{"href":"https:\/\/www.atelierduvin.com\/de\/wp-json\/wp\/v2\/media?parent=149623"}],"curies":[{"name":"wp","href":"https:\/\/api.w.org\/{rel}","templated":true}]}}